{"id":137317,"date":"2019-02-05T12:20:48","date_gmt":"2019-02-05T11:20:48","guid":{"rendered":"https:\/\/consuladocoreandalucia.com\/?page_id=137317"},"modified":"2019-03-18T11:56:47","modified_gmt":"2019-03-18T10:56:47","slug":"%ea%b7%b8%eb%9d%bc%eb%82%98%eb%8b%a4%ec%9d%98-%ea%b5%90%ed%86%b5","status":"publish","type":"page","link":"https:\/\/consuladocoreandalucia.com\/ko\/%ec%95%88%eb%8b%ac%eb%a3%a8%ec%8b%9c%ec%95%84-%ea%b4%80%ea%b4%91\/%ea%b7%b8%eb%9d%bc%eb%82%98%eb%8b%a4-%ea%b4%80%ea%b4%91\/%ea%b7%b8%eb%9d%bc%eb%82%98%eb%8b%a4%ec%9d%98-%ea%b5%90%ed%86%b5\/","title":{"rendered":"\uadf8\ub77c\ub098\ub2e4 \uc5ec\ud589 \uc2dc \uc5b4\ub4dc\ubc14\uc774\uc2a4 \ubc0f \uc8fc\uc758 \uc0ac\ud56d"},"content":{"rendered":"<div class=\"wpb-content-wrapper\"><p>[vc_row][vc_column][vc_column_text]<a href=\"https:\/\/consuladocoreandalucia.com\/wp-content\/uploads\/2019\/01\/transporte-en-Granada.jpg\"><img loading=\"lazy\" decoding=\"async\" class=\"alignleft wp-image-137234 size-thumb_255x255\" src=\"https:\/\/consuladocoreandalucia.com\/wp-content\/uploads\/2019\/01\/transporte-en-Granada-255x255.jpg\" alt=\"\" width=\"255\" height=\"255\" srcset=\"https:\/\/consuladocoreandalucia.com\/wp-content\/uploads\/2019\/01\/transporte-en-Granada-255x255.jpg 255w, https:\/\/consuladocoreandalucia.com\/wp-content\/uploads\/2019\/01\/transporte-en-Granada-150x150.jpg 150w, https:\/\/consuladocoreandalucia.com\/wp-content\/uploads\/2019\/01\/transporte-en-Granada-50x50.jpg 50w, https:\/\/consuladocoreandalucia.com\/wp-content\/uploads\/2019\/01\/transporte-en-Granada-80x80.jpg 80w, https:\/\/consuladocoreandalucia.com\/wp-content\/uploads\/2019\/01\/transporte-en-Granada-263x263.jpg 263w, https:\/\/consuladocoreandalucia.com\/wp-content\/uploads\/2019\/01\/transporte-en-Granada-100x100.jpg 100w, https:\/\/consuladocoreandalucia.com\/wp-content\/uploads\/2019\/01\/transporte-en-Granada-526x526.jpg 526w\" sizes=\"auto, (max-width: 255px) 100vw, 255px\" \/><\/a><\/p>\n<div class=\"event-content\">\n<div class=\"content-dropcap\">\n<p>1. \uadf8\ub77c\ub098\ub2e4\uc758 \ubc14\ub294 \uc74c\ub8cc\ub97c \uc2dc\ud0a4\uba74 \ubb34\ub8cc\ub85c \ud0c0\ud30c\uc2a4\ub97c \uc81c\uacf5\ud569\ub2c8\ub2e4. \ud558\uc9c0\ub9cc \uc81c\uacf5\ud558\uc9c0 \uc54a\ub294 \uacf3\ub3c4 \uac00\ub054 \uc788\uc744 \uc218 \uc788\uc2b5\ub2c8\ub2e4.<\/p>\n<p>&nbsp;<\/p>\n<p>2.\uc54c\ubc14\uc774\uc2e0 \uc77c\ub300\ub294 \uc881\uc740 \uace8\ubaa9\uae38\uc774 \ubbf8\ub85c\ucc98\ub7fc \uc5c9\ucf1c \uc788\uc5b4 \uae38\uc744 \uc783\uae30 \uc27d\uace0 \uad00\uad11\uac1d\uc744 \ub300\uc0c1\uc73c\ub85c \uc18c\ub9e4\uce58\uae30\uc640 \uac15\ub3c4 \uc0ac\uac74\uc774 \uc77c\uc5b4\ub0a0 \uc218\ub3c4 \uc788\uc73c\ub2c8 \ubc24\ub2a6\uac8c \ud63c\uc790 \ub2e4\ub2c8\ub294 \uac83\uc740 \uc704\ud5d8\ud569\ub2c8\ub2e4.<br \/>\n3.\uadf8\ub77c\ub098\ub2e4\ub294 \ub192\uc740\uc9c0\ub300\uc5d0 \uc704\uce58\ud558\uc5ec \uc300\uc300\ud558\uace0 \uc5ec\ub984\uc5d4 \ub0ae\uc5d0 \ubb34\ucc99 \ub365\uc9c0\ub9cc \uc77c\uad50\ucc28\uac00 \ud07d\ub2c8\ub2e4. \uc5ec\ub984\uc774\ub77c\ub3c4 \uc587\uc740 \uac89\uc637\uc774\ub098 \uac00\ub514\uac74\uc744 \uc900\ube44\ud558\ub294 \uac83\uc774 \uc88b\uc2b5\ub2c8\ub2e4.<\/p>\n<\/div>\n<\/div>\n<p>[\/vc_column_text][\/vc_column][\/vc_row][vc_row][vc_column][vc_column_text]<strong>\uadf8\ub77c\ub098\ub2e4 \ud0dd\uc2dc <\/strong><\/p>\n<p>&nbsp;<\/p>\n<p>\uadf8\ub77c\ub098\ub2e4\u00a0\ud0dd\uc2dc\u00a0\uc5d0\ub294 \uace0\uc815 \uc694\uae08\uc774 \uc5c6\uc73c\ubbc0\ub85c \ud0dd\uc2dc\uac00 \uc77d\ub294 \ub3c8\uc744 \ub0b4\uc57c \ud569\ub2c8\ub2e4.\u00a0\uc6d4\uc694\uc77c\ubd80\ud130 \uae08\uc694\uc77c\uae4c\uc9c0 \uc57d 25-30 \uc720\ub85c\uc774\uace0 \uc8fc\ub9d0\uc774\ub098 \uc57c\uac04\uc694\uae08\uc740 \uc57d 30-35 \uc720\ub85c\uc785\ub2c8\ub2e4.<br \/>\n\uadf8\ub77c\ub098\ub2e4\uc640 \uacf5\ud56d \uc0ac\uc774\uc758 \uac70\ub9ac\ub294 \uc57d 18km\uc785\ub2c8\ub2e4.\u00a0\ub300\ub7b5\uc801\uc778 \uc2dc\uac04 : 30 \ubd84\u200b<\/p>\n<p>&nbsp;<\/p>\n<p>\ud0dd\uc2dc \uc694\uae08<\/p>\n<ul>\n<li>\uc54c\ub78c\ube0c\ub77c\uc5d0\uc11c \ubc84\uc2a4\uc815\ub958\uc7a5 \uae4c\uc9c0 \uc694\uae08: 9.90 \u20ac (\uc8fc\uac04\uc694\uae08), 11.90 \u20ac (\uc8fc\ub9d0 \ubc0f \uc57c\uac04\uc694\uae08).<\/li>\n<li>\uc2dc\ub0b4\uc5d0\uc11c \ubc84\uc2a4\uc815\ub958\uc7a5 \uae4c\uc9c0 \uc694\uae08: 6.90 \u20ac, 7.90 \u20ac.<\/li>\n<li>\uc54c\ub78c\ube0c\ub77c\uc5d0\uc11c \uc2dc\ub0b4 \uae4c\uc9c0 \uc694\uae08 :\u00a0<strong>\u200b<\/strong>4.50 \u20ac, 5.50 \u20ac.<\/li>\n<li>\uc2dc\ub0b4\uc5d0\uc11c \ubc84\uc2a4\uc815\ub958\uc7a5 \uae4c\uc9c0 \uc694\uae08: 6.90 \u20ac, 7.90 \u20ac.<\/li>\n<li>\uadf8\ub77c\ub098\ub2e4 \uacf5\ud56d\uc5d0\uc11c \ubc84\uc2a4 \uc815\ub958\uc7a5 \uae4c\uc9c0 \uc694\uae08: 20.50 \u20ac, 23.90 \u20ac.<\/li>\n<li>\uc2dc\ub0b4\uc5d0\uc11c \uc54c\ubc14\uc774\uc2e0 \uae4c\uc9c0 \uc694\uae08: 6.90 \u20ac, 7.90 \u20ac.<\/li>\n<li>\ubc84\uc2a4\uc815\ub958\uc7a5\uc5d0\uc11c \uc2dc\uc5d0\ub77c \ub124\ubc14\ub2e4 \uae4c\uc9c0\uc758 \uc694\uae08 : 55.00 \u20ac, 65.00 \u20ac.<\/li>\n<\/ul>\n<p>&nbsp;<\/p>\n<p><strong>\uc138\ube44\uc57c\uc5d0\uc11c \uadf8\ub77c\ub098\ub2e4\ubc84\uc2a4 <\/strong><\/p>\n<p><strong>\u00a0<\/strong><\/p>\n<p>Alsa \ubc84\uc2a4\ub85c \uc57d 3\uc2dc\uac04 \uc815\ub3c4 \uac78\ub9bd\ub2c8\ub2e4.<\/p>\n<p>\ubc84\uc2a4\ub294 \uc138\ube44\uc57c\uc758 Prado \uc640 Plaza de Armas \ubc84\uc2a4 \uc815\ub958\uc7a5\uc5d0\uc11c \ud0c8 \uc218 \uc788\uc2b5\ub2c8\ub2e4.<\/p>\n<p>Linea[\/vc_column_text][\/vc_column][\/vc_row][vc_row][vc_column][vc_single_image image=&#8221;137423&#8243; img_size=&#8221;full&#8221; alignment=&#8221;center&#8221;][\/vc_column][\/vc_row][vc_row][vc_column][vc_column_text]<strong>\uba54\ud2b8\ub85c \ud2f0\ucf13\uac00\uaca9 <\/strong><\/p>\n<p>\uc77c\ud68c\uad8c, \uc6d4 \uc815\uae30\uad8c \ubc0f \uc5ec\ub7ec \ud61c\ud0dd\uc758 \uad50\ud1b5\uce74\ub4dc\uac00 \uc788\uc2b5\ub2c8\ub2e4.[\/vc_column_text][\/vc_column][\/vc_row][vc_row][vc_column][vc_single_image image=&#8221;137450&#8243; img_size=&#8221;full&#8221; alignment=&#8221;center&#8221;][\/vc_column][\/vc_row][vc_row][vc_column][vc_column_text]<strong>\uae30\ucc28\ub85c \uc138\ube44\uc57c\uc5d0\uc11c \uadf8\ub77c\ub098\ub2e4<\/strong><strong>.<\/strong><strong>\u00a0<\/strong><\/p>\n<p>\uc138\ube44\uc57c\uc5d0\uc11c \uadf8\ub77c\ub098\ub2e4\ub85c\uc758 \uae30\ucc28\ub294 \uc624\uc804 7\uc2dc\ubd80\ud130 \uc624\ud6c4 6\uc2dc\uae4c\uc9c0 \ub9e4\uc77c \ud0c8 \uc218 \uc788\uc73c\uba70 3\uc2dc\uac04 15\ubd84 \uc815\ub3c4 \uc18c\uc694 \ub429\ub2c8\ub2e4. \ub80c\ud398 \uc911\uac70\ub9ac \uc5f4\ucc28\ub97c \uc774\uc6a9\ud55c \uc5ec\uc815\uc774 \ub429\ub2c8\ub2e4. \u00a0La avenida de Kansas City \uc5d0 \uc704\uce58\ud55c \uc0b0\ud0c0 \ud6c4\uc2a4\ud0c0 \uc5ed\uc774 \ucd9c\ubc1c\uc9c0 \uc785\ub2c8\ub2e4. \uc5ec\ub7ec\uac00\uc9c0 \ubc84\uc2a4 \ub178\uc120\uc744 \uc774\uc6a9\ud558\uc5ec \uc5ed\uc5d0 \uc811\uadfc\ud560 \uc218 \uc788\uc2b5\ub2c8\ub2e4. \uac00\uc7a5 \uac00\uae4c\uc6b4 \uc9c0\ud558\ucca0 \uc5ed\uc740 1\ud0ac\ub85c\ubbf8\ud130 \uc815\ub3c4 \ub5a8\uc5b4\uc838 \uc788\uc2b5\ub2c8\ub2e4. \ubaa9\uc801\uc9c0\ub294 \uadf8\ub77c\ub098\ub2e4\uc5ed\uc5d0 \uc704\uce58\ud558\uace0 \uc788\uc73c\uba70 \uc5ed\uc5d0\uc11c 200\ubbf8\ud130\uc815\ub3c4 \ub5a8\uc5b4\uc9c4 \uacf3\uc5d0 \ub3c4\uc2ec\uc73c\ub85c \uc811\uadfc\ud560 \uc218 \uc788\ub294 \ubc84\uc2a4\uac00 \uc788\uc2b5\ub2c8\ub2e4.[\/vc_column_text][\/vc_column][\/vc_row]<\/p>\n<\/div>","protected":false},"excerpt":{"rendered":"<p>[vc_row][vc_column][vc_column_text] 1. \uadf8\ub77c\ub098\ub2e4\uc758 \ubc14\ub294 \uc74c\ub8cc\ub97c \uc2dc\ud0a4\uba74 \ubb34\ub8cc\ub85c \ud0c0\ud30c\uc2a4\ub97c \uc81c\uacf5\ud569\ub2c8\ub2e4. \ud558\uc9c0\ub9cc \uc81c\uacf5\ud558\uc9c0 \uc54a\ub294 \uacf3\ub3c4 \uac00\ub054 \uc788\uc744 \uc218 \uc788\uc2b5\ub2c8\ub2e4. &nbsp; 2.\uc54c\ubc14\uc774\uc2e0 \uc77c\ub300\ub294 \uc881\uc740 \uace8\ubaa9\uae38\uc774 \ubbf8\ub85c\ucc98\ub7fc \uc5c9\ucf1c \uc788\uc5b4 \uae38\uc744 \uc783\uae30 \uc27d\uace0 \uad00\uad11\uac1d\uc744 \ub300\uc0c1\uc73c\ub85c \uc18c\ub9e4\uce58\uae30\uc640 \uac15\ub3c4 \uc0ac\uac74\uc774 \uc77c\uc5b4\ub0a0 \uc218\ub3c4 \uc788\uc73c\ub2c8 \ubc24\ub2a6\uac8c \ud63c\uc790 \ub2e4\ub2c8\ub294 \uac83\uc740 \uc704\ud5d8\ud569\ub2c8\ub2e4. 3.\uadf8\ub77c\ub098\ub2e4\ub294 \ub192\uc740\uc9c0\ub300\uc5d0 \uc704\uce58\ud558\uc5ec \uc300\uc300\ud558\uace0 \uc5ec\ub984\uc5d4 \ub0ae\uc5d0 \ubb34\ucc99 \ub365\uc9c0\ub9cc \uc77c\uad50\ucc28\uac00 \ud07d\ub2c8\ub2e4. \uc5ec\ub984\uc774\ub77c\ub3c4 \uc587\uc740 \uac89\uc637\uc774\ub098 \uac00\ub514\uac74\uc744 [&hellip;]<\/p>\n","protected":false},"author":1,"featured_media":0,"parent":137230,"menu_order":0,"comment_status":"closed","ping_status":"closed","template":"","meta":{"footnotes":""},"class_list":["post-137317","page","type-page","status-publish","hentry"],"yoast_head":"<!-- This site is optimized with the Yoast SEO plugin v27.3 - https:\/\/yoast.com\/product\/yoast-seo-wordpress\/ -->\n<title>Consejos para el coreano en Granada | Consulado de Corea en Andaluc\u00eda<\/title>\n<meta name=\"description\" content=\"Qu\u00e9 comprar de regalos en Granada. Cu\u00e1ndo venir a Granada. Consejos antes de visitar Granada. Medios de transporte para viajar a Granada.\" \/>\n<meta name=\"robots\" content=\"index, follow, max-snippet:-1, max-image-preview:large, max-video-preview:-1\" \/>\n<link rel=\"canonical\" href=\"https:\/\/consuladocoreandalucia.com\/ko\/\uc548\ub2ec\ub8e8\uc2dc\uc544-\uad00\uad11\/\uadf8\ub77c\ub098\ub2e4-\uad00\uad11\/\uadf8\ub77c\ub098\ub2e4\uc758-\uad50\ud1b5\/\" \/>\n<meta property=\"og:locale\" content=\"ko_KR\" \/>\n<meta property=\"og:type\" content=\"article\" \/>\n<meta property=\"og:title\" content=\"Consejos para el coreano en Granada | Consulado de Corea en Andaluc\u00eda\" \/>\n<meta property=\"og:description\" content=\"Qu\u00e9 comprar de regalos en Granada. Cu\u00e1ndo venir a Granada. Consejos antes de visitar Granada. Medios de transporte para viajar a Granada.\" \/>\n<meta property=\"og:url\" content=\"https:\/\/consuladocoreandalucia.com\/ko\/\uc548\ub2ec\ub8e8\uc2dc\uc544-\uad00\uad11\/\uadf8\ub77c\ub098\ub2e4-\uad00\uad11\/\uadf8\ub77c\ub098\ub2e4\uc758-\uad50\ud1b5\/\" \/>\n<meta property=\"og:site_name\" content=\"Consulado de Corea en Andaluc\u00eda\" \/>\n<meta property=\"article:modified_time\" content=\"2019-03-18T10:56:47+00:00\" \/>\n<meta property=\"og:image\" content=\"https:\/\/consuladocoreandalucia.com\/wp-content\/uploads\/2019\/01\/transporte-en-Granada-255x255.jpg\" \/>\n<meta name=\"twitter:card\" content=\"summary_large_image\" \/>\n<meta name=\"twitter:label1\" content=\"\uc608\uc0c1 \ub418\ub294 \ud310\ub3c5 \uc2dc\uac04\" \/>\n\t<meta name=\"twitter:data1\" content=\"1\ubd84\" \/>\n<script type=\"application\/ld+json\" class=\"yoast-schema-graph\">{\"@context\":\"https:\\\/\\\/schema.org\",\"@graph\":[{\"@type\":\"WebPage\",\"@id\":\"https:\\\/\\\/consuladocoreandalucia.com\\\/ko\\\/%ec%95%88%eb%8b%ac%eb%a3%a8%ec%8b%9c%ec%95%84-%ea%b4%80%ea%b4%91\\\/%ea%b7%b8%eb%9d%bc%eb%82%98%eb%8b%a4-%ea%b4%80%ea%b4%91\\\/%ea%b7%b8%eb%9d%bc%eb%82%98%eb%8b%a4%ec%9d%98-%ea%b5%90%ed%86%b5\\\/\",\"url\":\"https:\\\/\\\/consuladocoreandalucia.com\\\/ko\\\/%ec%95%88%eb%8b%ac%eb%a3%a8%ec%8b%9c%ec%95%84-%ea%b4%80%ea%b4%91\\\/%ea%b7%b8%eb%9d%bc%eb%82%98%eb%8b%a4-%ea%b4%80%ea%b4%91\\\/%ea%b7%b8%eb%9d%bc%eb%82%98%eb%8b%a4%ec%9d%98-%ea%b5%90%ed%86%b5\\\/\",\"name\":\"Consejos para el coreano en Granada | Consulado de Corea en Andaluc\u00eda\",\"isPartOf\":{\"@id\":\"https:\\\/\\\/consuladocoreandalucia.com\\\/#website\"},\"primaryImageOfPage\":{\"@id\":\"https:\\\/\\\/consuladocoreandalucia.com\\\/ko\\\/%ec%95%88%eb%8b%ac%eb%a3%a8%ec%8b%9c%ec%95%84-%ea%b4%80%ea%b4%91\\\/%ea%b7%b8%eb%9d%bc%eb%82%98%eb%8b%a4-%ea%b4%80%ea%b4%91\\\/%ea%b7%b8%eb%9d%bc%eb%82%98%eb%8b%a4%ec%9d%98-%ea%b5%90%ed%86%b5\\\/#primaryimage\"},\"image\":{\"@id\":\"https:\\\/\\\/consuladocoreandalucia.com\\\/ko\\\/%ec%95%88%eb%8b%ac%eb%a3%a8%ec%8b%9c%ec%95%84-%ea%b4%80%ea%b4%91\\\/%ea%b7%b8%eb%9d%bc%eb%82%98%eb%8b%a4-%ea%b4%80%ea%b4%91\\\/%ea%b7%b8%eb%9d%bc%eb%82%98%eb%8b%a4%ec%9d%98-%ea%b5%90%ed%86%b5\\\/#primaryimage\"},\"thumbnailUrl\":\"https:\\\/\\\/consuladocoreandalucia.com\\\/wp-content\\\/uploads\\\/2019\\\/01\\\/transporte-en-Granada-255x255.jpg\",\"datePublished\":\"2019-02-05T11:20:48+00:00\",\"dateModified\":\"2019-03-18T10:56:47+00:00\",\"description\":\"Qu\u00e9 comprar de regalos en Granada. Cu\u00e1ndo venir a Granada. Consejos antes de visitar Granada. Medios de transporte para viajar a Granada.\",\"breadcrumb\":{\"@id\":\"https:\\\/\\\/consuladocoreandalucia.com\\\/ko\\\/%ec%95%88%eb%8b%ac%eb%a3%a8%ec%8b%9c%ec%95%84-%ea%b4%80%ea%b4%91\\\/%ea%b7%b8%eb%9d%bc%eb%82%98%eb%8b%a4-%ea%b4%80%ea%b4%91\\\/%ea%b7%b8%eb%9d%bc%eb%82%98%eb%8b%a4%ec%9d%98-%ea%b5%90%ed%86%b5\\\/#breadcrumb\"},\"inLanguage\":\"ko-KR\",\"potentialAction\":[{\"@type\":\"ReadAction\",\"target\":[\"https:\\\/\\\/consuladocoreandalucia.com\\\/ko\\\/%ec%95%88%eb%8b%ac%eb%a3%a8%ec%8b%9c%ec%95%84-%ea%b4%80%ea%b4%91\\\/%ea%b7%b8%eb%9d%bc%eb%82%98%eb%8b%a4-%ea%b4%80%ea%b4%91\\\/%ea%b7%b8%eb%9d%bc%eb%82%98%eb%8b%a4%ec%9d%98-%ea%b5%90%ed%86%b5\\\/\"]}]},{\"@type\":\"ImageObject\",\"inLanguage\":\"ko-KR\",\"@id\":\"https:\\\/\\\/consuladocoreandalucia.com\\\/ko\\\/%ec%95%88%eb%8b%ac%eb%a3%a8%ec%8b%9c%ec%95%84-%ea%b4%80%ea%b4%91\\\/%ea%b7%b8%eb%9d%bc%eb%82%98%eb%8b%a4-%ea%b4%80%ea%b4%91\\\/%ea%b7%b8%eb%9d%bc%eb%82%98%eb%8b%a4%ec%9d%98-%ea%b5%90%ed%86%b5\\\/#primaryimage\",\"url\":\"https:\\\/\\\/consuladocoreandalucia.com\\\/wp-content\\\/uploads\\\/2019\\\/01\\\/transporte-en-Granada-255x255.jpg\",\"contentUrl\":\"https:\\\/\\\/consuladocoreandalucia.com\\\/wp-content\\\/uploads\\\/2019\\\/01\\\/transporte-en-Granada-255x255.jpg\"},{\"@type\":\"BreadcrumbList\",\"@id\":\"https:\\\/\\\/consuladocoreandalucia.com\\\/ko\\\/%ec%95%88%eb%8b%ac%eb%a3%a8%ec%8b%9c%ec%95%84-%ea%b4%80%ea%b4%91\\\/%ea%b7%b8%eb%9d%bc%eb%82%98%eb%8b%a4-%ea%b4%80%ea%b4%91\\\/%ea%b7%b8%eb%9d%bc%eb%82%98%eb%8b%a4%ec%9d%98-%ea%b5%90%ed%86%b5\\\/#breadcrumb\",\"itemListElement\":[{\"@type\":\"ListItem\",\"position\":1,\"name\":\"Portada\",\"item\":\"https:\\\/\\\/consuladocoreandalucia.com\\\/ko\\\/\"},{\"@type\":\"ListItem\",\"position\":2,\"name\":\"\uc548\ub2ec\ub8e8\uc2dc\uc544 \uad00\uad11\",\"item\":\"https:\\\/\\\/consuladocoreandalucia.com\\\/ko\\\/%ec%95%88%eb%8b%ac%eb%a3%a8%ec%8b%9c%ec%95%84-%ea%b4%80%ea%b4%91\\\/\"},{\"@type\":\"ListItem\",\"position\":3,\"name\":\"\uadf8\ub77c\ub098\ub2e4 \uad00\uad11\",\"item\":\"https:\\\/\\\/consuladocoreandalucia.com\\\/ko\\\/%ec%95%88%eb%8b%ac%eb%a3%a8%ec%8b%9c%ec%95%84-%ea%b4%80%ea%b4%91\\\/%ea%b7%b8%eb%9d%bc%eb%82%98%eb%8b%a4-%ea%b4%80%ea%b4%91\\\/\"},{\"@type\":\"ListItem\",\"position\":4,\"name\":\"\uadf8\ub77c\ub098\ub2e4 \uc5ec\ud589 \uc2dc \uc5b4\ub4dc\ubc14\uc774\uc2a4 \ubc0f \uc8fc\uc758 \uc0ac\ud56d\"}]},{\"@type\":\"WebSite\",\"@id\":\"https:\\\/\\\/consuladocoreandalucia.com\\\/#website\",\"url\":\"https:\\\/\\\/consuladocoreandalucia.com\\\/\",\"name\":\"Consulado de Corea en Andaluc\u00eda\",\"description\":\"\",\"potentialAction\":[{\"@type\":\"SearchAction\",\"target\":{\"@type\":\"EntryPoint\",\"urlTemplate\":\"https:\\\/\\\/consuladocoreandalucia.com\\\/?s={search_term_string}\"},\"query-input\":{\"@type\":\"PropertyValueSpecification\",\"valueRequired\":true,\"valueName\":\"search_term_string\"}}],\"inLanguage\":\"ko-KR\"}]}<\/script>\n<!-- \/ Yoast SEO plugin. -->","yoast_head_json":{"title":"Consejos para el coreano en Granada | Consulado de Corea en Andaluc\u00eda","description":"Qu\u00e9 comprar de regalos en Granada. Cu\u00e1ndo venir a Granada. Consejos antes de visitar Granada. Medios de transporte para viajar a Granada.","robots":{"index":"index","follow":"follow","max-snippet":"max-snippet:-1","max-image-preview":"max-image-preview:large","max-video-preview":"max-video-preview:-1"},"canonical":"https:\/\/consuladocoreandalucia.com\/ko\/\uc548\ub2ec\ub8e8\uc2dc\uc544-\uad00\uad11\/\uadf8\ub77c\ub098\ub2e4-\uad00\uad11\/\uadf8\ub77c\ub098\ub2e4\uc758-\uad50\ud1b5\/","og_locale":"ko_KR","og_type":"article","og_title":"Consejos para el coreano en Granada | Consulado de Corea en Andaluc\u00eda","og_description":"Qu\u00e9 comprar de regalos en Granada. Cu\u00e1ndo venir a Granada. Consejos antes de visitar Granada. Medios de transporte para viajar a Granada.","og_url":"https:\/\/consuladocoreandalucia.com\/ko\/\uc548\ub2ec\ub8e8\uc2dc\uc544-\uad00\uad11\/\uadf8\ub77c\ub098\ub2e4-\uad00\uad11\/\uadf8\ub77c\ub098\ub2e4\uc758-\uad50\ud1b5\/","og_site_name":"Consulado de Corea en Andaluc\u00eda","article_modified_time":"2019-03-18T10:56:47+00:00","og_image":[{"url":"https:\/\/consuladocoreandalucia.com\/wp-content\/uploads\/2019\/01\/transporte-en-Granada-255x255.jpg","type":"","width":"","height":""}],"twitter_card":"summary_large_image","twitter_misc":{"\uc608\uc0c1 \ub418\ub294 \ud310\ub3c5 \uc2dc\uac04":"1\ubd84"},"schema":{"@context":"https:\/\/schema.org","@graph":[{"@type":"WebPage","@id":"https:\/\/consuladocoreandalucia.com\/ko\/%ec%95%88%eb%8b%ac%eb%a3%a8%ec%8b%9c%ec%95%84-%ea%b4%80%ea%b4%91\/%ea%b7%b8%eb%9d%bc%eb%82%98%eb%8b%a4-%ea%b4%80%ea%b4%91\/%ea%b7%b8%eb%9d%bc%eb%82%98%eb%8b%a4%ec%9d%98-%ea%b5%90%ed%86%b5\/","url":"https:\/\/consuladocoreandalucia.com\/ko\/%ec%95%88%eb%8b%ac%eb%a3%a8%ec%8b%9c%ec%95%84-%ea%b4%80%ea%b4%91\/%ea%b7%b8%eb%9d%bc%eb%82%98%eb%8b%a4-%ea%b4%80%ea%b4%91\/%ea%b7%b8%eb%9d%bc%eb%82%98%eb%8b%a4%ec%9d%98-%ea%b5%90%ed%86%b5\/","name":"Consejos para el coreano en Granada | Consulado de Corea en Andaluc\u00eda","isPartOf":{"@id":"https:\/\/consuladocoreandalucia.com\/#website"},"primaryImageOfPage":{"@id":"https:\/\/consuladocoreandalucia.com\/ko\/%ec%95%88%eb%8b%ac%eb%a3%a8%ec%8b%9c%ec%95%84-%ea%b4%80%ea%b4%91\/%ea%b7%b8%eb%9d%bc%eb%82%98%eb%8b%a4-%ea%b4%80%ea%b4%91\/%ea%b7%b8%eb%9d%bc%eb%82%98%eb%8b%a4%ec%9d%98-%ea%b5%90%ed%86%b5\/#primaryimage"},"image":{"@id":"https:\/\/consuladocoreandalucia.com\/ko\/%ec%95%88%eb%8b%ac%eb%a3%a8%ec%8b%9c%ec%95%84-%ea%b4%80%ea%b4%91\/%ea%b7%b8%eb%9d%bc%eb%82%98%eb%8b%a4-%ea%b4%80%ea%b4%91\/%ea%b7%b8%eb%9d%bc%eb%82%98%eb%8b%a4%ec%9d%98-%ea%b5%90%ed%86%b5\/#primaryimage"},"thumbnailUrl":"https:\/\/consuladocoreandalucia.com\/wp-content\/uploads\/2019\/01\/transporte-en-Granada-255x255.jpg","datePublished":"2019-02-05T11:20:48+00:00","dateModified":"2019-03-18T10:56:47+00:00","description":"Qu\u00e9 comprar de regalos en Granada. Cu\u00e1ndo venir a Granada. Consejos antes de visitar Granada. Medios de transporte para viajar a Granada.","breadcrumb":{"@id":"https:\/\/consuladocoreandalucia.com\/ko\/%ec%95%88%eb%8b%ac%eb%a3%a8%ec%8b%9c%ec%95%84-%ea%b4%80%ea%b4%91\/%ea%b7%b8%eb%9d%bc%eb%82%98%eb%8b%a4-%ea%b4%80%ea%b4%91\/%ea%b7%b8%eb%9d%bc%eb%82%98%eb%8b%a4%ec%9d%98-%ea%b5%90%ed%86%b5\/#breadcrumb"},"inLanguage":"ko-KR","potentialAction":[{"@type":"ReadAction","target":["https:\/\/consuladocoreandalucia.com\/ko\/%ec%95%88%eb%8b%ac%eb%a3%a8%ec%8b%9c%ec%95%84-%ea%b4%80%ea%b4%91\/%ea%b7%b8%eb%9d%bc%eb%82%98%eb%8b%a4-%ea%b4%80%ea%b4%91\/%ea%b7%b8%eb%9d%bc%eb%82%98%eb%8b%a4%ec%9d%98-%ea%b5%90%ed%86%b5\/"]}]},{"@type":"ImageObject","inLanguage":"ko-KR","@id":"https:\/\/consuladocoreandalucia.com\/ko\/%ec%95%88%eb%8b%ac%eb%a3%a8%ec%8b%9c%ec%95%84-%ea%b4%80%ea%b4%91\/%ea%b7%b8%eb%9d%bc%eb%82%98%eb%8b%a4-%ea%b4%80%ea%b4%91\/%ea%b7%b8%eb%9d%bc%eb%82%98%eb%8b%a4%ec%9d%98-%ea%b5%90%ed%86%b5\/#primaryimage","url":"https:\/\/consuladocoreandalucia.com\/wp-content\/uploads\/2019\/01\/transporte-en-Granada-255x255.jpg","contentUrl":"https:\/\/consuladocoreandalucia.com\/wp-content\/uploads\/2019\/01\/transporte-en-Granada-255x255.jpg"},{"@type":"BreadcrumbList","@id":"https:\/\/consuladocoreandalucia.com\/ko\/%ec%95%88%eb%8b%ac%eb%a3%a8%ec%8b%9c%ec%95%84-%ea%b4%80%ea%b4%91\/%ea%b7%b8%eb%9d%bc%eb%82%98%eb%8b%a4-%ea%b4%80%ea%b4%91\/%ea%b7%b8%eb%9d%bc%eb%82%98%eb%8b%a4%ec%9d%98-%ea%b5%90%ed%86%b5\/#breadcrumb","itemListElement":[{"@type":"ListItem","position":1,"name":"Portada","item":"https:\/\/consuladocoreandalucia.com\/ko\/"},{"@type":"ListItem","position":2,"name":"\uc548\ub2ec\ub8e8\uc2dc\uc544 \uad00\uad11","item":"https:\/\/consuladocoreandalucia.com\/ko\/%ec%95%88%eb%8b%ac%eb%a3%a8%ec%8b%9c%ec%95%84-%ea%b4%80%ea%b4%91\/"},{"@type":"ListItem","position":3,"name":"\uadf8\ub77c\ub098\ub2e4 \uad00\uad11","item":"https:\/\/consuladocoreandalucia.com\/ko\/%ec%95%88%eb%8b%ac%eb%a3%a8%ec%8b%9c%ec%95%84-%ea%b4%80%ea%b4%91\/%ea%b7%b8%eb%9d%bc%eb%82%98%eb%8b%a4-%ea%b4%80%ea%b4%91\/"},{"@type":"ListItem","position":4,"name":"\uadf8\ub77c\ub098\ub2e4 \uc5ec\ud589 \uc2dc \uc5b4\ub4dc\ubc14\uc774\uc2a4 \ubc0f \uc8fc\uc758 \uc0ac\ud56d"}]},{"@type":"WebSite","@id":"https:\/\/consuladocoreandalucia.com\/#website","url":"https:\/\/consuladocoreandalucia.com\/","name":"Consulado de Corea en Andaluc\u00eda","description":"","potentialAction":[{"@type":"SearchAction","target":{"@type":"EntryPoint","urlTemplate":"https:\/\/consuladocoreandalucia.com\/?s={search_term_string}"},"query-input":{"@type":"PropertyValueSpecification","valueRequired":true,"valueName":"search_term_string"}}],"inLanguage":"ko-KR"}]}},"_links":{"self":[{"href":"https:\/\/consuladocoreandalucia.com\/ko\/wp-json\/wp\/v2\/pages\/137317","targetHints":{"allow":["GET"]}}],"collection":[{"href":"https:\/\/consuladocoreandalucia.com\/ko\/wp-json\/wp\/v2\/pages"}],"about":[{"href":"https:\/\/consuladocoreandalucia.com\/ko\/wp-json\/wp\/v2\/types\/page"}],"author":[{"embeddable":true,"href":"https:\/\/consuladocoreandalucia.com\/ko\/wp-json\/wp\/v2\/users\/1"}],"replies":[{"embeddable":true,"href":"https:\/\/consuladocoreandalucia.com\/ko\/wp-json\/wp\/v2\/comments?post=137317"}],"version-history":[{"count":9,"href":"https:\/\/consuladocoreandalucia.com\/ko\/wp-json\/wp\/v2\/pages\/137317\/revisions"}],"predecessor-version":[{"id":137452,"href":"https:\/\/consuladocoreandalucia.com\/ko\/wp-json\/wp\/v2\/pages\/137317\/revisions\/137452"}],"up":[{"embeddable":true,"href":"https:\/\/consuladocoreandalucia.com\/ko\/wp-json\/wp\/v2\/pages\/137230"}],"wp:attachment":[{"href":"https:\/\/consuladocoreandalucia.com\/ko\/wp-json\/wp\/v2\/media?parent=137317"}],"curies":[{"name":"wp","href":"https:\/\/api.w.org\/{rel}","templated":true}]}}