{"id":137306,"date":"2019-02-05T12:18:02","date_gmt":"2019-02-05T11:18:02","guid":{"rendered":"https:\/\/consuladocoreandalucia.com\/?page_id=137306"},"modified":"2019-03-15T09:44:51","modified_gmt":"2019-03-15T08:44:51","slug":"%ea%b5%90%ed%86%b5-%ec%86%8d-%ec%bd%94%eb%a5%b4%eb%8f%84%eb%b0%94","status":"publish","type":"page","link":"https:\/\/consuladocoreandalucia.com\/ko\/%ec%95%88%eb%8b%ac%eb%a3%a8%ec%8b%9c%ec%95%84-%ea%b4%80%ea%b4%91\/%ec%bd%94%eb%a5%b4%eb%8f%84%eb%b0%94-%ea%b4%80%ea%b4%91\/%ea%b5%90%ed%86%b5-%ec%86%8d-%ec%bd%94%eb%a5%b4%eb%8f%84%eb%b0%94\/","title":{"rendered":"\ucf54\ub974\ub3c4\ubc14\uc5d0\uc11c \uaf2d \uc0ac\uc57c \ud560 \uac83"},"content":{"rendered":"<div class=\"wpb-content-wrapper\"><p>[vc_row][vc_column][vc_column_text]<a href=\"https:\/\/consuladocoreandalucia.com\/wp-content\/uploads\/2019\/01\/transporte-en-C\u00f3rdoba.jpg\"><img loading=\"lazy\" decoding=\"async\" class=\"alignleft wp-image-136910 size-thumb_255x255\" src=\"https:\/\/consuladocoreandalucia.com\/wp-content\/uploads\/2019\/01\/transporte-en-C\u00f3rdoba-255x255.jpg\" alt=\"\" width=\"255\" height=\"255\" srcset=\"https:\/\/consuladocoreandalucia.com\/wp-content\/uploads\/2019\/01\/transporte-en-C\u00f3rdoba-255x255.jpg 255w, https:\/\/consuladocoreandalucia.com\/wp-content\/uploads\/2019\/01\/transporte-en-C\u00f3rdoba-150x150.jpg 150w, https:\/\/consuladocoreandalucia.com\/wp-content\/uploads\/2019\/01\/transporte-en-C\u00f3rdoba-50x50.jpg 50w, https:\/\/consuladocoreandalucia.com\/wp-content\/uploads\/2019\/01\/transporte-en-C\u00f3rdoba-80x80.jpg 80w, https:\/\/consuladocoreandalucia.com\/wp-content\/uploads\/2019\/01\/transporte-en-C\u00f3rdoba-263x263.jpg 263w, https:\/\/consuladocoreandalucia.com\/wp-content\/uploads\/2019\/01\/transporte-en-C\u00f3rdoba-100x100.jpg 100w, https:\/\/consuladocoreandalucia.com\/wp-content\/uploads\/2019\/01\/transporte-en-C\u00f3rdoba-526x526.jpg 526w\" sizes=\"auto, (max-width: 255px) 100vw, 255px\" \/><\/a><\/p>\n<div class=\"event-content\">\n<div class=\"content-dropcap\">\n<p>\uc5ec\ub984\uc758 \ucf54\ub974\ub3c4\ubc14\ub294 \uc548\ub2ec\ub8e8\uc2dc\uc544 \uc9c0\ubc29\uc5d0\uc11c\ub3c4 \uac00\uc7a5 \ub354\uc6b4 \uc9c0\uc5ed \uc911 \ud558\ub098 \uc785\ub2c8\ub2e4.<br \/>\n\uc77c\uc0ac\ubcd1\uc5d0 \uc8fc\uc758\ud558\uace0, \ud587\ube5b\uc774 \uac15\ud558\uae30 \ub54c\ubb38\uc5d0 \uc790\uc678\uc120 \ucc28\ub2e8\uc81c\ub97c \uc798 \ubc14\ub974\uace0 \uc218\ubd84 \uc12d\ucde8\ub97c \uc798 \ud574\uc57c \ud569\ub2c8\ub2e4.<\/p>\n<\/div>\n<\/div>\n<p>&nbsp;<\/p>\n<p>&nbsp;[\/vc_column_text][\/vc_column][\/vc_row][vc_row][vc_column][vc_column_text]<\/p>\n<h2><\/h2>\n<h2><strong>\ucf54\ub974\ub3c4\ubc14\uc5d0\uc11c<\/strong><strong>\u00a0<\/strong><strong>\uaf2d<\/strong><strong>\u00a0<\/strong><strong>\uc0ac\uc57c<\/strong><strong>\u00a0<\/strong><strong>\ud560<\/strong><strong>\u00a0<\/strong><strong>\uac83<\/strong><strong>\u00a0<\/strong><\/h2>\n<p><strong>\uac00\uc8fd<\/strong><\/p>\n<p>\uac00\uc8fd\uc740 Cordobanes\uc640 guadamec\u00edes\uc758 \uc6d0\ub8cc\uc774\uba70 \uc591\uac01\uc73c\ub85c \ub41c \uac00\uc8fd\uc73c\ub85c \uace0\uc804\uc801\uc774\uace0 \ud604\ub300\uc801\uc778 \ub514\uc790\uc778\uc73c\ub85c \ubaa8\ub378\ub9c1\ub418\uace0 \ub2e4\uc0c9\uc744 \uc774\ub8f9\ub2c8\ub2e4. \ud604\uc7ac \uc77c\ubd80 \uac00\uc871 \uc6cc\ud06c\uc0f5 \ub9cc\uc774 \uc704\ub300\ud55c \uc804\ud1b5\uc744 \ubcf4\uc874\ud558\uace0 \uc788\uc2b5\ub2c8\ub2e4.<\/p>\n<p>&nbsp;<\/p>\n<p><strong>\uae08 \uc740 \uc138\uacf5<\/strong><\/p>\n<p>\uae08 \uc740 \uc138\uacf5\uc740 \ucf54\ub974\ub3c4\ubc14\uc758\u00a0 \uc8fc\uc694 \uacbd\uc81c \uc790\uc6d0 \uc911 \ud558\ub098\uc785\ub2c8\ub2e4. \uc774\uc2ac\ub78c\uc5d0\uac8c \uc804\uc218\ubc1b\uc740 \uae08 \uc740 \uc138\uacf5\uae30\uc220\uc740 \ucf54\ub974\ub3c4\ubc14\uc5d0\uc11c \uacc4\uc18d \ubc1c\uc804 \ub418\uc5b4 \uc544\ub984\ub2e4\uc6b4 \uc791\ud488\uc744 \ub0a8\uacbc\uc2b5\ub2c8\ub2e4.<\/p>\n<p>&nbsp;<\/p>\n<p><strong>\uc96c\uc5bc\ub9ac<\/strong><\/p>\n<p>\ub9ce\uc740 \uc218\uc758 \ubcf4\uc11d\uc0c1\uc774 \ub3c5\uc810\uc801\uc774\uace0 \uace0\uc804\uc801\uc774\uba70 \uc804\uc704\uc801\uc778 \ub514\uc790\uc778\uc744 \ubcf4\uc5ec\uc90d\ub2c8\ub2e4. \uace8\ub4dc \uc870\uac01\uacfc \uc2e4\ubc84\uc758 \ub514\uc790\uc778\uc740 \uad6d\uc81c\uc801\uc73c\ub85c \uc54c\ub824\uc838 \uc788\uc73c\uba70 \ucf54\ub974\ub3c4\ubc14\ub294 \uc8fc\uc694 \uc0dd\uc0b0 \uc13c\ud130 \uc911 \ud558\ub098 \uc785\ub2c8\ub2e4.<\/p>\n<p>&nbsp;<\/p>\n<p><strong>\ub3c4\uc790\uae30<\/strong><\/p>\n<p>\uc9c0\ubc29\uc758 \ubd81\ubd80 \uc9c0\uc5ed\uc5d0 \uac78\uccd0 \ud6cc\ub96d\ud55c \uc804\ud1b5\uc744 \uc9c0\ub2c8\uace0 \uc788\uc2b5\ub2c8\ub2e4. \uace0\ud488\uc9c8\uc758 \ucc30\ud759\uc73c\ub85c \ub9cc\ub4e4\uc5b4\uc84c\uc73c\uba70 \uc774\uc2ac\ub78c \ucf54\ub974\ub3c4\ubc14\uc5d0 \ub300\ud55c \uc6b0\ud654\uc801\uc778 \ub514\uc790\uc778\uc73c\ub85c \uafb8\uba70\uc838 \uc788\uc2b5\ub2c8\ub2e4.[\/vc_column_text][\/vc_column][\/vc_row][vc_row][vc_column][vc_column_text]<\/p>\n<h2><strong>\ub300\uc911\uad50\ud1b5<\/strong><\/h2>\n<p><strong>\uace0\uc18d\uc5f4\ucc28<\/strong><\/p>\n<p>-\uc138\ube44\uc57c-\ucf54\ub974\ub3c4\ubc14 : 40\ubd84<\/p>\n<p>-\ub9d0\ub77c\uac00-\ucf54\ub974\ub3c4\ubc14 : 50\ubd84<\/p>\n<p>-\ub9c8\ub4dc\ub9ac\ub4dc-\ucf54\ub974\ub3c4\ubc14:1\uc2dc\uac04 40\ubd84<\/p>\n<p>-\ubc1c\ub80c\uc2dc\uc544-\ucf54\ub974\ub3c4\ubc14:3\uc2dc\uac04<\/p>\n<p>-\ubc14\ub974\uc140\ub85c\ub098-\ucf54\ub974\ub3c4\ubc14:4\uc2dc\uac04 35\ubd84<\/p>\n<p>&nbsp;<\/p>\n<p><strong>\uc138\ube44\uc57c\uc5d0\uc11c \ucf54\ub974\ub3c4\ubc14<\/strong><\/p>\n<p>\ubc84\uc2a4\ub97c \uc774\uc6a9 \ud560 \uc2dc Plaza de Armas \ubc84\uc2a4 \uc815\ub958\uc7a5\uc5d0\uc11c \ud0c8 \uc218 \uc788\uc2b5\ub2c8\ub2e4.<\/p>\n<p>\uc138\ube44\uc57c\u25b6\ucf54\ub974\ub3c4\ubc14 \ubc84\uc2a4(2\uc2dc\uac04 \uc18c\uc694_ALSA\ubc84\uc2a4)<\/p>\n<p>8:30 \/ 9:00 \/ 12:30 \/ 15:30 \/ 16:15 \/ 18:30 \/ 22:00<\/p>\n<p>\ucf54\ub974\ub3c4\ubc14\u25b6\uc138\ube44\uc57c \ubc84\uc2a4(2\uc2dc\uac04 \uc18c\uc694_ALSA\ubc84\uc2a4)<\/p>\n<p>5:15 \/ 8:35 \/ 9:45 \/ 12:15 \/ 16:30 \/ 18:45 \/\u00a0 20:00[\/vc_column_text][\/vc_column][\/vc_row]<\/p>\n<\/div>","protected":false},"excerpt":{"rendered":"<p>[vc_row][vc_column][vc_column_text] \uc5ec\ub984\uc758 \ucf54\ub974\ub3c4\ubc14\ub294 \uc548\ub2ec\ub8e8\uc2dc\uc544 \uc9c0\ubc29\uc5d0\uc11c\ub3c4 \uac00\uc7a5 \ub354\uc6b4 \uc9c0\uc5ed \uc911 \ud558\ub098 \uc785\ub2c8\ub2e4. \uc77c\uc0ac\ubcd1\uc5d0 \uc8fc\uc758\ud558\uace0, \ud587\ube5b\uc774 \uac15\ud558\uae30 \ub54c\ubb38\uc5d0 \uc790\uc678\uc120 \ucc28\ub2e8\uc81c\ub97c \uc798 \ubc14\ub974\uace0 \uc218\ubd84 \uc12d\ucde8\ub97c \uc798 \ud574\uc57c \ud569\ub2c8\ub2e4. &nbsp; &nbsp;[\/vc_column_text][\/vc_column][\/vc_row][vc_row][vc_column][vc_column_text] \ucf54\ub974\ub3c4\ubc14\uc5d0\uc11c\u00a0\uaf2d\u00a0\uc0ac\uc57c\u00a0\ud560\u00a0\uac83\u00a0 \uac00\uc8fd \uac00\uc8fd\uc740 Cordobanes\uc640 guadamec\u00edes\uc758 \uc6d0\ub8cc\uc774\uba70 \uc591\uac01\uc73c\ub85c \ub41c \uac00\uc8fd\uc73c\ub85c \uace0\uc804\uc801\uc774\uace0 \ud604\ub300\uc801\uc778 \ub514\uc790\uc778\uc73c\ub85c \ubaa8\ub378\ub9c1\ub418\uace0 \ub2e4\uc0c9\uc744 \uc774\ub8f9\ub2c8\ub2e4. \ud604\uc7ac \uc77c\ubd80 \uac00\uc871 \uc6cc\ud06c\uc0f5 \ub9cc\uc774 \uc704\ub300\ud55c \uc804\ud1b5\uc744 \ubcf4\uc874\ud558\uace0 \uc788\uc2b5\ub2c8\ub2e4. &nbsp; \uae08 \uc740 \uc138\uacf5 [&hellip;]<\/p>\n","protected":false},"author":1,"featured_media":0,"parent":137222,"menu_order":0,"comment_status":"closed","ping_status":"closed","template":"","meta":{"footnotes":""},"class_list":["post-137306","page","type-page","status-publish","hentry"],"yoast_head":"<!-- This site is optimized with the Yoast SEO plugin v27.3 - https:\/\/yoast.com\/product\/yoast-seo-wordpress\/ -->\n<title>\ucf54\ub974\ub3c4\ubc14\uc5d0\uc11c \uaf2d \uc0ac\uc57c \ud560 \uac83 | Consulado de Corea en Andaluc\u00eda<\/title>\n<meta name=\"description\" content=\"Cu\u00e1ndo venir y consejos antes de visitar C\u00f3rdoba. Medios de transporte para viajar a C\u00f3rdoba. Qu\u00e9 compran de regalos los turistas coreanos.\" \/>\n<meta name=\"robots\" content=\"index, follow, max-snippet:-1, max-image-preview:large, max-video-preview:-1\" \/>\n<link rel=\"canonical\" href=\"https:\/\/consuladocoreandalucia.com\/ko\/\uc548\ub2ec\ub8e8\uc2dc\uc544-\uad00\uad11\/\ucf54\ub974\ub3c4\ubc14-\uad00\uad11\/\uad50\ud1b5-\uc18d-\ucf54\ub974\ub3c4\ubc14\/\" \/>\n<meta property=\"og:locale\" content=\"ko_KR\" \/>\n<meta property=\"og:type\" content=\"article\" \/>\n<meta property=\"og:title\" content=\"\ucf54\ub974\ub3c4\ubc14\uc5d0\uc11c \uaf2d \uc0ac\uc57c \ud560 \uac83 | Consulado de Corea en Andaluc\u00eda\" \/>\n<meta property=\"og:description\" content=\"Cu\u00e1ndo venir y consejos antes de visitar C\u00f3rdoba. Medios de transporte para viajar a C\u00f3rdoba. Qu\u00e9 compran de regalos los turistas coreanos.\" \/>\n<meta property=\"og:url\" content=\"https:\/\/consuladocoreandalucia.com\/ko\/\uc548\ub2ec\ub8e8\uc2dc\uc544-\uad00\uad11\/\ucf54\ub974\ub3c4\ubc14-\uad00\uad11\/\uad50\ud1b5-\uc18d-\ucf54\ub974\ub3c4\ubc14\/\" \/>\n<meta property=\"og:site_name\" content=\"Consulado de Corea en Andaluc\u00eda\" \/>\n<meta property=\"article:modified_time\" content=\"2019-03-15T08:44:51+00:00\" \/>\n<meta name=\"twitter:card\" content=\"summary_large_image\" \/>\n<script type=\"application\/ld+json\" class=\"yoast-schema-graph\">{\"@context\":\"https:\\\/\\\/schema.org\",\"@graph\":[{\"@type\":\"WebPage\",\"@id\":\"https:\\\/\\\/consuladocoreandalucia.com\\\/ko\\\/%ec%95%88%eb%8b%ac%eb%a3%a8%ec%8b%9c%ec%95%84-%ea%b4%80%ea%b4%91\\\/%ec%bd%94%eb%a5%b4%eb%8f%84%eb%b0%94-%ea%b4%80%ea%b4%91\\\/%ea%b5%90%ed%86%b5-%ec%86%8d-%ec%bd%94%eb%a5%b4%eb%8f%84%eb%b0%94\\\/\",\"url\":\"https:\\\/\\\/consuladocoreandalucia.com\\\/ko\\\/%ec%95%88%eb%8b%ac%eb%a3%a8%ec%8b%9c%ec%95%84-%ea%b4%80%ea%b4%91\\\/%ec%bd%94%eb%a5%b4%eb%8f%84%eb%b0%94-%ea%b4%80%ea%b4%91\\\/%ea%b5%90%ed%86%b5-%ec%86%8d-%ec%bd%94%eb%a5%b4%eb%8f%84%eb%b0%94\\\/\",\"name\":\"\ucf54\ub974\ub3c4\ubc14\uc5d0\uc11c \uaf2d \uc0ac\uc57c \ud560 \uac83 | Consulado de Corea en Andaluc\u00eda\",\"isPartOf\":{\"@id\":\"https:\\\/\\\/consuladocoreandalucia.com\\\/#website\"},\"datePublished\":\"2019-02-05T11:18:02+00:00\",\"dateModified\":\"2019-03-15T08:44:51+00:00\",\"description\":\"Cu\u00e1ndo venir y consejos antes de visitar C\u00f3rdoba. Medios de transporte para viajar a C\u00f3rdoba. Qu\u00e9 compran de regalos los turistas coreanos.\",\"breadcrumb\":{\"@id\":\"https:\\\/\\\/consuladocoreandalucia.com\\\/ko\\\/%ec%95%88%eb%8b%ac%eb%a3%a8%ec%8b%9c%ec%95%84-%ea%b4%80%ea%b4%91\\\/%ec%bd%94%eb%a5%b4%eb%8f%84%eb%b0%94-%ea%b4%80%ea%b4%91\\\/%ea%b5%90%ed%86%b5-%ec%86%8d-%ec%bd%94%eb%a5%b4%eb%8f%84%eb%b0%94\\\/#breadcrumb\"},\"inLanguage\":\"ko-KR\",\"potentialAction\":[{\"@type\":\"ReadAction\",\"target\":[\"https:\\\/\\\/consuladocoreandalucia.com\\\/ko\\\/%ec%95%88%eb%8b%ac%eb%a3%a8%ec%8b%9c%ec%95%84-%ea%b4%80%ea%b4%91\\\/%ec%bd%94%eb%a5%b4%eb%8f%84%eb%b0%94-%ea%b4%80%ea%b4%91\\\/%ea%b5%90%ed%86%b5-%ec%86%8d-%ec%bd%94%eb%a5%b4%eb%8f%84%eb%b0%94\\\/\"]}]},{\"@type\":\"BreadcrumbList\",\"@id\":\"https:\\\/\\\/consuladocoreandalucia.com\\\/ko\\\/%ec%95%88%eb%8b%ac%eb%a3%a8%ec%8b%9c%ec%95%84-%ea%b4%80%ea%b4%91\\\/%ec%bd%94%eb%a5%b4%eb%8f%84%eb%b0%94-%ea%b4%80%ea%b4%91\\\/%ea%b5%90%ed%86%b5-%ec%86%8d-%ec%bd%94%eb%a5%b4%eb%8f%84%eb%b0%94\\\/#breadcrumb\",\"itemListElement\":[{\"@type\":\"ListItem\",\"position\":1,\"name\":\"Portada\",\"item\":\"https:\\\/\\\/consuladocoreandalucia.com\\\/ko\\\/\"},{\"@type\":\"ListItem\",\"position\":2,\"name\":\"\uc548\ub2ec\ub8e8\uc2dc\uc544 \uad00\uad11\",\"item\":\"https:\\\/\\\/consuladocoreandalucia.com\\\/ko\\\/%ec%95%88%eb%8b%ac%eb%a3%a8%ec%8b%9c%ec%95%84-%ea%b4%80%ea%b4%91\\\/\"},{\"@type\":\"ListItem\",\"position\":3,\"name\":\"\ucf54\ub974\ub3c4\ubc14 \uad00\uad11\",\"item\":\"https:\\\/\\\/consuladocoreandalucia.com\\\/ko\\\/%ec%95%88%eb%8b%ac%eb%a3%a8%ec%8b%9c%ec%95%84-%ea%b4%80%ea%b4%91\\\/%ec%bd%94%eb%a5%b4%eb%8f%84%eb%b0%94-%ea%b4%80%ea%b4%91\\\/\"},{\"@type\":\"ListItem\",\"position\":4,\"name\":\"\ucf54\ub974\ub3c4\ubc14\uc5d0\uc11c \uaf2d \uc0ac\uc57c \ud560 \uac83\"}]},{\"@type\":\"WebSite\",\"@id\":\"https:\\\/\\\/consuladocoreandalucia.com\\\/#website\",\"url\":\"https:\\\/\\\/consuladocoreandalucia.com\\\/\",\"name\":\"Consulado de Corea en Andaluc\u00eda\",\"description\":\"\",\"potentialAction\":[{\"@type\":\"SearchAction\",\"target\":{\"@type\":\"EntryPoint\",\"urlTemplate\":\"https:\\\/\\\/consuladocoreandalucia.com\\\/?s={search_term_string}\"},\"query-input\":{\"@type\":\"PropertyValueSpecification\",\"valueRequired\":true,\"valueName\":\"search_term_string\"}}],\"inLanguage\":\"ko-KR\"}]}<\/script>\n<!-- \/ Yoast SEO plugin. -->","yoast_head_json":{"title":"\ucf54\ub974\ub3c4\ubc14\uc5d0\uc11c \uaf2d \uc0ac\uc57c \ud560 \uac83 | Consulado de Corea en Andaluc\u00eda","description":"Cu\u00e1ndo venir y consejos antes de visitar C\u00f3rdoba. Medios de transporte para viajar a C\u00f3rdoba. Qu\u00e9 compran de regalos los turistas coreanos.","robots":{"index":"index","follow":"follow","max-snippet":"max-snippet:-1","max-image-preview":"max-image-preview:large","max-video-preview":"max-video-preview:-1"},"canonical":"https:\/\/consuladocoreandalucia.com\/ko\/\uc548\ub2ec\ub8e8\uc2dc\uc544-\uad00\uad11\/\ucf54\ub974\ub3c4\ubc14-\uad00\uad11\/\uad50\ud1b5-\uc18d-\ucf54\ub974\ub3c4\ubc14\/","og_locale":"ko_KR","og_type":"article","og_title":"\ucf54\ub974\ub3c4\ubc14\uc5d0\uc11c \uaf2d \uc0ac\uc57c \ud560 \uac83 | Consulado de Corea en Andaluc\u00eda","og_description":"Cu\u00e1ndo venir y consejos antes de visitar C\u00f3rdoba. Medios de transporte para viajar a C\u00f3rdoba. Qu\u00e9 compran de regalos los turistas coreanos.","og_url":"https:\/\/consuladocoreandalucia.com\/ko\/\uc548\ub2ec\ub8e8\uc2dc\uc544-\uad00\uad11\/\ucf54\ub974\ub3c4\ubc14-\uad00\uad11\/\uad50\ud1b5-\uc18d-\ucf54\ub974\ub3c4\ubc14\/","og_site_name":"Consulado de Corea en Andaluc\u00eda","article_modified_time":"2019-03-15T08:44:51+00:00","twitter_card":"summary_large_image","schema":{"@context":"https:\/\/schema.org","@graph":[{"@type":"WebPage","@id":"https:\/\/consuladocoreandalucia.com\/ko\/%ec%95%88%eb%8b%ac%eb%a3%a8%ec%8b%9c%ec%95%84-%ea%b4%80%ea%b4%91\/%ec%bd%94%eb%a5%b4%eb%8f%84%eb%b0%94-%ea%b4%80%ea%b4%91\/%ea%b5%90%ed%86%b5-%ec%86%8d-%ec%bd%94%eb%a5%b4%eb%8f%84%eb%b0%94\/","url":"https:\/\/consuladocoreandalucia.com\/ko\/%ec%95%88%eb%8b%ac%eb%a3%a8%ec%8b%9c%ec%95%84-%ea%b4%80%ea%b4%91\/%ec%bd%94%eb%a5%b4%eb%8f%84%eb%b0%94-%ea%b4%80%ea%b4%91\/%ea%b5%90%ed%86%b5-%ec%86%8d-%ec%bd%94%eb%a5%b4%eb%8f%84%eb%b0%94\/","name":"\ucf54\ub974\ub3c4\ubc14\uc5d0\uc11c \uaf2d \uc0ac\uc57c \ud560 \uac83 | Consulado de Corea en Andaluc\u00eda","isPartOf":{"@id":"https:\/\/consuladocoreandalucia.com\/#website"},"datePublished":"2019-02-05T11:18:02+00:00","dateModified":"2019-03-15T08:44:51+00:00","description":"Cu\u00e1ndo venir y consejos antes de visitar C\u00f3rdoba. Medios de transporte para viajar a C\u00f3rdoba. Qu\u00e9 compran de regalos los turistas coreanos.","breadcrumb":{"@id":"https:\/\/consuladocoreandalucia.com\/ko\/%ec%95%88%eb%8b%ac%eb%a3%a8%ec%8b%9c%ec%95%84-%ea%b4%80%ea%b4%91\/%ec%bd%94%eb%a5%b4%eb%8f%84%eb%b0%94-%ea%b4%80%ea%b4%91\/%ea%b5%90%ed%86%b5-%ec%86%8d-%ec%bd%94%eb%a5%b4%eb%8f%84%eb%b0%94\/#breadcrumb"},"inLanguage":"ko-KR","potentialAction":[{"@type":"ReadAction","target":["https:\/\/consuladocoreandalucia.com\/ko\/%ec%95%88%eb%8b%ac%eb%a3%a8%ec%8b%9c%ec%95%84-%ea%b4%80%ea%b4%91\/%ec%bd%94%eb%a5%b4%eb%8f%84%eb%b0%94-%ea%b4%80%ea%b4%91\/%ea%b5%90%ed%86%b5-%ec%86%8d-%ec%bd%94%eb%a5%b4%eb%8f%84%eb%b0%94\/"]}]},{"@type":"BreadcrumbList","@id":"https:\/\/consuladocoreandalucia.com\/ko\/%ec%95%88%eb%8b%ac%eb%a3%a8%ec%8b%9c%ec%95%84-%ea%b4%80%ea%b4%91\/%ec%bd%94%eb%a5%b4%eb%8f%84%eb%b0%94-%ea%b4%80%ea%b4%91\/%ea%b5%90%ed%86%b5-%ec%86%8d-%ec%bd%94%eb%a5%b4%eb%8f%84%eb%b0%94\/#breadcrumb","itemListElement":[{"@type":"ListItem","position":1,"name":"Portada","item":"https:\/\/consuladocoreandalucia.com\/ko\/"},{"@type":"ListItem","position":2,"name":"\uc548\ub2ec\ub8e8\uc2dc\uc544 \uad00\uad11","item":"https:\/\/consuladocoreandalucia.com\/ko\/%ec%95%88%eb%8b%ac%eb%a3%a8%ec%8b%9c%ec%95%84-%ea%b4%80%ea%b4%91\/"},{"@type":"ListItem","position":3,"name":"\ucf54\ub974\ub3c4\ubc14 \uad00\uad11","item":"https:\/\/consuladocoreandalucia.com\/ko\/%ec%95%88%eb%8b%ac%eb%a3%a8%ec%8b%9c%ec%95%84-%ea%b4%80%ea%b4%91\/%ec%bd%94%eb%a5%b4%eb%8f%84%eb%b0%94-%ea%b4%80%ea%b4%91\/"},{"@type":"ListItem","position":4,"name":"\ucf54\ub974\ub3c4\ubc14\uc5d0\uc11c \uaf2d \uc0ac\uc57c \ud560 \uac83"}]},{"@type":"WebSite","@id":"https:\/\/consuladocoreandalucia.com\/#website","url":"https:\/\/consuladocoreandalucia.com\/","name":"Consulado de Corea en Andaluc\u00eda","description":"","potentialAction":[{"@type":"SearchAction","target":{"@type":"EntryPoint","urlTemplate":"https:\/\/consuladocoreandalucia.com\/?s={search_term_string}"},"query-input":{"@type":"PropertyValueSpecification","valueRequired":true,"valueName":"search_term_string"}}],"inLanguage":"ko-KR"}]}},"_links":{"self":[{"href":"https:\/\/consuladocoreandalucia.com\/ko\/wp-json\/wp\/v2\/pages\/137306","targetHints":{"allow":["GET"]}}],"collection":[{"href":"https:\/\/consuladocoreandalucia.com\/ko\/wp-json\/wp\/v2\/pages"}],"about":[{"href":"https:\/\/consuladocoreandalucia.com\/ko\/wp-json\/wp\/v2\/types\/page"}],"author":[{"embeddable":true,"href":"https:\/\/consuladocoreandalucia.com\/ko\/wp-json\/wp\/v2\/users\/1"}],"replies":[{"embeddable":true,"href":"https:\/\/consuladocoreandalucia.com\/ko\/wp-json\/wp\/v2\/comments?post=137306"}],"version-history":[{"count":7,"href":"https:\/\/consuladocoreandalucia.com\/ko\/wp-json\/wp\/v2\/pages\/137306\/revisions"}],"predecessor-version":[{"id":137442,"href":"https:\/\/consuladocoreandalucia.com\/ko\/wp-json\/wp\/v2\/pages\/137306\/revisions\/137442"}],"up":[{"embeddable":true,"href":"https:\/\/consuladocoreandalucia.com\/ko\/wp-json\/wp\/v2\/pages\/137222"}],"wp:attachment":[{"href":"https:\/\/consuladocoreandalucia.com\/ko\/wp-json\/wp\/v2\/media?parent=137306"}],"curies":[{"name":"wp","href":"https:\/\/api.w.org\/{rel}","templated":true}]}}