{"id":137303,"date":"2019-02-05T12:17:26","date_gmt":"2019-02-05T11:17:26","guid":{"rendered":"https:\/\/consuladocoreandalucia.com\/?page_id=137303"},"modified":"2019-03-18T11:31:46","modified_gmt":"2019-03-18T10:31:46","slug":"%ec%bd%94%eb%a5%b4%eb%8f%84%eb%b0%94%ec%97%90%ec%84%9c-%eb%a8%b9%ec%9d%84-%ea%b3%b3","status":"publish","type":"page","link":"https:\/\/consuladocoreandalucia.com\/ko\/%ec%95%88%eb%8b%ac%eb%a3%a8%ec%8b%9c%ec%95%84-%ea%b4%80%ea%b4%91\/%ec%bd%94%eb%a5%b4%eb%8f%84%eb%b0%94-%ea%b4%80%ea%b4%91\/%ec%bd%94%eb%a5%b4%eb%8f%84%eb%b0%94%ec%97%90%ec%84%9c-%eb%a8%b9%ec%9d%84-%ea%b3%b3\/","title":{"rendered":"\ucf54\ub974\ub3c4\ubc14\uc5d0\uc11c \uba39\uc744 \uacf3?"},"content":{"rendered":"<div class=\"wpb-content-wrapper\"><p>[vc_row][vc_column][vc_custom_heading text=&#8221;\ud55c\uad6d\uc5b4 \uba54\ub274 \uc788\ub294 \ub808\uc2a4\ud1a0\ub791&#8221;][\/vc_column][\/vc_row][vc_row][vc_column width=&#8221;1\/2&#8243;][vc_column_text]<strong>Bodegas mezquita<\/strong><\/p>\n<p>C\/ C\u00e9spedes, 12, 14003 C\u00f3rdoba<\/p>\n<p>\uc6d4-\ubaa9 12:30-12:00<\/p>\n<p>\uae08 \ud1a0 12:30-01:00[\/vc_column_text][\/vc_column][vc_column width=&#8221;1\/2&#8243;][vc_column_text]<strong>Salinas<\/strong><\/p>\n<p>Calle Tundidores, 3, 14002 C\u00f3rdoba<\/p>\n<p>\uc6d4-\ud1a0 12:30-16:00, 20:00-11:30<\/p>\n<p>\uc77c\uc694\uc77c \ud734\ubb34[\/vc_column_text][\/vc_column][\/vc_row][vc_row][vc_column][vc_custom_heading text=&#8221;\ud55c\uad6d\uc778\uc5d0\uac8c \uc720\uba85\ud55c \ub808\uc2a4\ud1a0\ub791&#8221;][\/vc_column][\/vc_row][vc_row][vc_column width=&#8221;1\/2&#8243;][vc_column_text]<strong>Taberna Luque<\/strong><\/p>\n<p>Calle Blanco Belmonte, 4, 14003 C\u00f3rdoba<\/p>\n<p>\ud654-\ud1a0 13:00-16:00, 20:00-23:00<\/p>\n<p>\uc77c,\uc6d4 \ud734\ubb34<\/p>\n<p>&nbsp;<\/p>\n<p><strong>Taberna los palcos<\/strong><\/p>\n<p>Calle Cardenal Gonzalez, 45, 14003 C\u00f3rdoba<\/p>\n<p>\ub9e4\uc77c Todos los dias 11:30-23:30<\/p>\n<p>&nbsp;<\/p>\n<p><strong>Casa rubio<\/strong><\/p>\n<p>Calle Puerta de Almod\u00f3var, 5, 14003 C\u00f3rdoba<\/p>\n<p>\uc77c-\ubaa9 : \u00a013:00-16:00,19:30-23:00<\/p>\n<p>\uae08, \ud1a0 :\u00a013:00-16:00,19:30-00:00<\/p>\n<p>&nbsp;<\/p>\n<p><strong>Los califas<\/strong><\/p>\n<p>Calle Deanes, 5, 14003 C\u00f3rdoba<\/p>\n<p>\ub9e4\uc77c 12:00-00:00<\/p>\n<p>&nbsp;<\/p>\n<p><strong>Bar taberna santos<\/strong><\/p>\n<p>3, Calle Magistral Gonz\u00e1lez Franc\u00e9s, 14003 C\u00f3rdoba<\/p>\n<p>\ub9e4\uc77c 10:00-00:00<\/p>\n<p>&nbsp;<\/p>\n<p>&nbsp;<\/p>\n<p><strong>Delorean<\/strong><\/p>\n<p>Calle Alfonso XIII, 2, 14001 C\u00f3rdoba<\/p>\n<p>\uc6d4-\uae08 8:30-16:00, 20:00-00:30<\/p>\n<p>\ud1a0\u00a08:30-16:00, 20:00-01:30<\/p>\n<p>\uc77c \ud734\ubb34<\/p>\n<p>&nbsp;<\/p>\n<p>[\/vc_column_text][\/vc_column][vc_column width=&#8221;1\/2&#8243;][vc_column_text]<strong>Regadera<\/strong><\/p>\n<p>Ronda de Isasa, 10, 14003 C\u00f3rdoba<\/p>\n<p>\ud654-\uc77c 13:00-16:00, 20:00-23:30<\/p>\n<p>\uc6d4 \ud734\ubb34<\/p>\n<p>&nbsp;<\/p>\n<p><strong>La tinaja<\/strong><\/p>\n<p>Paseo de la Ribera, 12, 14002 C\u00f3rdoba<\/p>\n<p>\uc6d4-\ubaa9 13:30-17:00, 19:30-00:00<\/p>\n<p>\uae08-\uc77c 13:30-00:00<\/p>\n<p>&nbsp;<\/p>\n<p><strong>Gourmet Ib\u00e9rico Patio Romano<\/strong><\/p>\n<p>Calle Deanes, 11, 14003 C\u00f3rdoba<\/p>\n<p>\ub9e4\uc77c 09:00-16:00, 19:00-23:00<\/p>\n<p>&nbsp;<\/p>\n<p><strong>Lambik<\/strong><\/p>\n<p>Calle Victoriano Rivera, 6, 14002 C\u00f3rdoba<\/p>\n<p>\uc6d4-\ubaa9 11:30-01:00<\/p>\n<p>\uae08-\ud1a0 11:30-04:00<\/p>\n<p>\uc77c 11:30-00:00<\/p>\n<p>&nbsp;<\/p>\n<p><strong>El caballo rojo<\/strong><\/p>\n<p>Calle Cardenal Herrero, 28, 14003 C\u00f3rdoba<\/p>\n<p>\ub9e4\uc77c 09:00-00:00[\/vc_column_text][\/vc_column][\/vc_row][vc_row][vc_column][vc_custom_heading text=&#8221;\ucf54\ub974\ub3c4\ubc14 \ud604\uc9c0\uc778\uc5d0\uac8c \uc720\uba85\ud55c \ub808\uc2a4\ud1a0\ub791&#8221;][\/vc_column][\/vc_row][vc_row][vc_column width=&#8221;1\/2&#8243;][vc_column_text]<strong>Casa El Pisto<\/strong><\/p>\n<p>\ucf54\ub974\ub3c4\ubc14\uc5d0\uc11c \uac00\uc7a5 \uc624\ub798\ub41c \uc120\uc220\uc9d1 \uc911 \ud558\ub098\uc774\uba70 130\ub144 \ub41c \uacf3\uc785\ub2c8\ub2e4. \ubc14\ub294 \ud56d\uc0c1 \uc0ac\ub78c\uc73c\ub85c \uac00\ub4dd\ud558\uace0, \ucd5c\uace0\uc758 \ud0c0\ud30c\uc2a4\uc640 \uc694\ub9ac\ub97c \uc990\uae38 \uc218 \uc788\uc2b5\ub2c8\ub2e4. \uc774 \uacf3\uc5d0\uc11c \ud6cc\ub96d\ud55c \uc0b4\ubaa8\ub808\ud638\uc640 \uc18c\uaf2c\ub9ac\ucc1c\uc744 \ub9db\ubcfc \uc218 \uc788\uc2b5\ub2c8\ub2e4.<\/p>\n<ul>\n<li>\u00a0\ud3c9\uade0 \uba54\ub274 \uac00\uaca9 : 14\u20ac<\/li>\n<li>\uc8fc\uc18c: Plaza de San Miguel, 1, 14001, C\u00f3rdoba<\/li>\n<\/ul>\n<p><strong>Mes\u00f3n Juan Pe\u00f1a<\/strong><\/p>\n<p>\uac00\uc9c0\ud280\uae40, \ud50c\ub77c\uba69\ud0a8, \uac04\uc694\ub9ac\ub098 \uc0b4\ubaa8\ub808\ud638 \uac19\uc740 \ud0c0\ud30c\uc2a4\uac00 \ub208\uc5d0 \ub744\ub294 \ub9e4\uc6b0 \uc804\ud1b5\uc801\uc778 \ub290\ub08c\uc744 \uc8fc\ub294 \uc8fc\uc810\uc785\ub2c8\ub2e4. \ucf54\ub974\ub3c4\ubc14 \uc8fc\ubbfc\uc774\ub098 \uc5ec\ud589\uac1d\ub4e4\uc774 \ucc38\uc870 \ud560 \ub9cc\ud55c \uacf3\uc785\ub2c8\ub2e4.<\/p>\n<ul>\n<li>\ud3c9\uade0 \uba54\ub274 \uac00\uaca9 : 15\u20ac<\/li>\n<li>\uc8fc\uc18c: Avenida del Doctor Fleming, 1, 14004 C\u00f3rdoba<\/li>\n<\/ul>\n<p><strong>Los Berengueles<\/strong><\/p>\n<p>\ud0c0\uc77c\ub85c \uc7a5\uc2dd\ub418\uc5b4\uc788\ub294 \uc804\ud1b5\uc801 \uc120\uc220\uc9d1 \ucee8\uc149 \uc774\uc9c0\ub9cc \ud604\ub300\uc2dd \uc591\uc2dd\uc744 \ubc1b\uc544\ub4e4\uc778 \ub808\uc2a4\ud1a0\ub791\uc785\ub2c8\ub2e4. \ud6cc\ub96d\ud55c \uc804\ud1b5 \ud0c0\ud30c\uc2a4\ub97c \uc6d0\ud558\uc2e0\ub2e4\uba74 \uaf2d\ub300\uae30 \uce35\uc5d0\uc11c \ub9db\ubcf4\uc2e4 \uc218 \uc788\uc2b5\ub2c8\ub2e4.<\/p>\n<ul>\n<li>\ud3c9\uade0 \uba54\ub274 \uac00\uaca9: 30\u20ac<\/li>\n<li>\uc8fc\uc18c: Calle Conde de Torres Cabrera, 7, 14001 C\u00f3rdoba<\/li>\n<\/ul>\n<p><strong>Bodegas Campos<\/strong><\/p>\n<p>\ube44\ub85d \ucf54\ub974\ub3c4\ubc14 \uc911\uc2ec\uc5d0 \uc704\uce58\ud558\uace0 \uc788\uc9c0 \uc54a\uc9c0\ub9cc, \ube48\ud2f0\uc9c0\ub85c \ub41c \uc778\ud14c\ub9ac\uc5b4\uac00 \uad00\uc2ec\uc744 \ubd88\ub7ec \uc77c\uc73c\ud0a4\ub294 \uc7a5\uc18c\uc785\ub2c8\ub2e4. \uba54\ub274\ub294 \uc804\ud1b5 \uc548\ub2ec\ub8e8\uc2dc\uc544 \uc9c0\uc5ed \uc694\ub9ac\ub97c \uae30\ubc18\uc73c\ub85c \uad6c\uc131\ub418\uc5b4\uc788\uc2b5\ub2c8\ub2e4.<\/p>\n<ul>\n<li>\ud3c9\uade0 \uba54\ub274 \uac00\uaca9: 15\u20ac<\/li>\n<li>\uc8fc\uc18c: Calle Los Lineros, 32 14002 C\u00f3rdoba<\/li>\n<\/ul>\n<p>[\/vc_column_text][\/vc_column][vc_column width=&#8221;1\/2&#8243;][vc_column_text]<strong>Restaurante El Churrasco<\/strong><\/p>\n<p>\uc720\ub300\uc778 \uac70\ub9ac\uc5d0 \uc704\uce58\ud574 \uc788\uc2b5\ub2c8\ub2e4. \uac00\uc9c0 \uc694\ub9ac\uc640 \ud568\uaed8 \ucf54\ub974\ub3c4\ubc14 \ucd5c\uace0\uc758 \uc0b4\ubaa8\ub808\ud638\ub97c \ub9db\ubcfc \uc218 \uc788\ub294 \uacf3\uc73c\ub85c \uc5ec\uaca8\uc9c0\ub294 \uacf3\uc785\ub2c8\ub2e4. \uc74c\uc2dd\uacfc \ub354\ubd88\uc5b4 \uc704\uce58\ub3c4 \ud6cc\ub96d\ud569\ub2c8\ub2e4. \uba54\uc2a4\ud0a4\ud0c0 \uc131\ub2f9 \uc778\uadfc\uc5d0 \uc704\uce58\ud569\ub2c8\ub2e4.<\/p>\n<ul>\n<li>\ud3c9\uade0 \uba54\ub274 \uac00\uaca9: 20\u20ac<\/li>\n<li>\uc8fc\uc18c : Calle Romero, 16, 14003 C\u00f3rdoba<\/li>\n<\/ul>\n<p><strong>\u00a0<\/strong><br \/>\n<strong>El Rinc\u00f3n del Carmen<\/strong><\/p>\n<p>\uc720\ub300\uc778 \uc5ed\uc0ac\uc9c0\uad6c\uc5d0 \uc704\uce58\ud569\ub2c8\ub2e4. \uc774\uacf3\uc758 \ubd84\uc704\uae30\uc640 \ub0b4\ubd80 \uc778\ud14c\ub9ac\uc5b4\ub294 \ucd5c\uace0\uc758 \ucf54\ub974\ub3c4\ubc14\uc758 \uc2dd\uc7ac\ub8cc\uc640 \uc548\ub2ec\ub8e8\uc2dc\uc544 \uc694\ub9ac\uc640 \ud568\uaed8 \uc644\ubcbd\ud55c \uc800\ub141\uc2dd\uc0ac\ub85c \ub9cc\ub4e4\uc5b4 \uc90d\ub2c8\ub2e4. 1996\ub144 \uac1c\uc5c5\ud588\uc2b5\ub2c8\ub2e4. \uac00\uc7a5 \uc778\uae30 \uc788\ub294 \uba54\ub274\ub294\u00a0croquetas, revuelto de patatas confitadas \uc640 mousse de pato , las verduras salteadas \uc785\ub2c8\ub2e4.<\/p>\n<ul>\n<li>\ud3c9\uade0 \uba54\ub274 \uac00\uaca9: 15\u20ac<\/li>\n<li>\uc8fc\uc18c: Calle Romero, 4, 14003 C\u00f3rdoba<\/li>\n<\/ul>\n<p><strong>Casa Mazal<\/strong><\/p>\n<p>\ub2e4\uc591\ud55c \uc694\ub9ac\ub97c \ub9db\ubcfc \uc218 \uc788\ub294 \uc7a5\uc18c \uc785\ub2c8\ub2e4.\u00a0sefard\u00ed (\uc720\ub300-\uc2a4\ud398\uc778), andalus\u00ed (\uc544\ub78d-\uc548\ub2ec\ub8e8\uc2dc\uc544)\uc640 \uc804\ud1b5 \uc548\ub2ec\ub8e8\uc2dc\uc544 \uc694\ub9ac\ub97c \uc81c\uacf5 \ud569\ub2c8\ub2e4. \uc774\uacf3\uc740 \ucf54\ub974\ub3c4\ubc14\uc5d0\uc11c \uac00\uc7a5 \ub9ce\uc774 \ucc3e\ub294 \uacf3 \uc911 \ud558\ub098\uc785\ub2c8\ub2e4.<\/p>\n<ul>\n<li>\ud3c9\uade0 \uba54\ub274 \uac00\uaca9: 22\u20ac<\/li>\n<li>\uc8fc\uc18c : Calle Tom\u00e1s Conde, 3 14004 C\u00f3rdoba<\/li>\n<\/ul>\n<p>[\/vc_column_text][\/vc_column][\/vc_row][vc_row][vc_column][vc_custom_heading text=&#8221;\ucf54\ub974\ub3c4\ubc14\uc5d0\uc11c \uc720\uba85\ud55c \uc74c\uc2dd. \uba39\uc5b4\ubcf4\uc544\uc57c \ud560 \uc74c\uc2dd&#8221;][\/vc_column][\/vc_row][vc_row][vc_column][vc_column_text]\uc0b4\ubaa8\ub808\ud638<\/p>\n<p>\uc18c\uaf2c\ub9ac \ucc1c<\/p>\n<p>\ubcf4\ucf00\ub85c\ub124\uc2a4 \uc5d4 \ube44\ub098\uadf8\ub808<\/p>\n<p>\ud50c\ub77c\uba69\ud0a8<\/p>\n<p>\ud30c\uc2a4\ud154 \ucf54\ub974\ub3c4\ubca0\uc2a4<\/p>\n<p>\ub9c8\uc790\ubaa8\ub77c (\uc544\ubaac\ub4dc \uc0b4\ubaa8\ub808\ud638)\ud1a0\ub9c8\ud1a0\uac00 \uc544\uc9c1 \ub4e4\uc5b4\uc624\uc9c0 \uc54a\ub358 \ub85c\ub9c8\uc2dc\ub300\uc5d0 \uc544\ubaac\ub4dc\uc640 \uad73\uc740 \ube75\uc744 \uac08\uc544 \ub9cc\ub4e0 \ucc28\uac00\uc6b4 \uc218\ud504.<\/p>\n<p>\ud1a0\ud551\uc740 \uacc4\ub780\uc774\ub098 \ud558\ubabd\uc744 \uc62c\ub9ac\ub294 \uc0b4\ubaa8\ub808\ud638\uc640 \ub2ec\ub9ac \uacfc\uc77c\uc774\ub098 \uacac\uacfc\ub958, \uac74\ud3ec\ub3c4 \ub4f1\uc774 \uc62c\ub77c\uac04\ub2e4.[\/vc_column_text][\/vc_column][\/vc_row]<\/p>\n<\/div>","protected":false},"excerpt":{"rendered":"<p>[vc_row][vc_column][vc_custom_heading text=&#8221;\ud55c\uad6d\uc5b4 \uba54\ub274 \uc788\ub294 \ub808\uc2a4\ud1a0\ub791&#8221;][\/vc_column][\/vc_row][vc_row][vc_column width=&#8221;1\/2&#8243;][vc_column_text]Bodegas mezquita C\/ C\u00e9spedes, 12, 14003 C\u00f3rdoba \uc6d4-\ubaa9 12:30-12:00 \uae08 \ud1a0 12:30-01:00[\/vc_column_text][\/vc_column][vc_column width=&#8221;1\/2&#8243;][vc_column_text]Salinas Calle Tundidores, 3, 14002 C\u00f3rdoba \uc6d4-\ud1a0 12:30-16:00, 20:00-11:30 \uc77c\uc694\uc77c \ud734\ubb34[\/vc_column_text][\/vc_column][\/vc_row][vc_row][vc_column][vc_custom_heading text=&#8221;\ud55c\uad6d\uc778\uc5d0\uac8c \uc720\uba85\ud55c \ub808\uc2a4\ud1a0\ub791&#8221;][\/vc_column][\/vc_row][vc_row][vc_column width=&#8221;1\/2&#8243;][vc_column_text]Taberna Luque Calle Blanco Belmonte, 4, 14003 C\u00f3rdoba \ud654-\ud1a0 13:00-16:00, 20:00-23:00 \uc77c,\uc6d4 \ud734\ubb34 &nbsp; Taberna los palcos Calle Cardenal Gonzalez, 45, 14003 C\u00f3rdoba \ub9e4\uc77c [&hellip;]<\/p>\n","protected":false},"author":1,"featured_media":0,"parent":137222,"menu_order":0,"comment_status":"closed","ping_status":"closed","template":"","meta":{"footnotes":""},"class_list":["post-137303","page","type-page","status-publish","hentry"],"yoast_head":"<!-- This site is optimized with the Yoast SEO plugin v27.1.1 - https:\/\/yoast.com\/product\/yoast-seo-wordpress\/ -->\n<title>Lugares donde comer en C\u00f3rdoba | Consulado de Corea en Andaluc\u00eda<\/title>\n<meta name=\"description\" content=\"Los restaurantes famosos donde comer en C\u00f3rdoba. Comida famosa en C\u00f3rdoba. Los restaurantes famosos para los coreanos en C\u00f3rdoba.\" \/>\n<meta name=\"robots\" content=\"index, follow, max-snippet:-1, max-image-preview:large, max-video-preview:-1\" \/>\n<link rel=\"canonical\" href=\"https:\/\/consuladocoreandalucia.com\/ko\/\uc548\ub2ec\ub8e8\uc2dc\uc544-\uad00\uad11\/\ucf54\ub974\ub3c4\ubc14-\uad00\uad11\/\ucf54\ub974\ub3c4\ubc14\uc5d0\uc11c-\uba39\uc744-\uacf3\/\" \/>\n<meta property=\"og:locale\" content=\"ko_KR\" \/>\n<meta property=\"og:type\" content=\"article\" \/>\n<meta property=\"og:title\" content=\"Lugares donde comer en C\u00f3rdoba | Consulado de Corea en Andaluc\u00eda\" \/>\n<meta property=\"og:description\" content=\"Los restaurantes famosos donde comer en C\u00f3rdoba. Comida famosa en C\u00f3rdoba. Los restaurantes famosos para los coreanos en C\u00f3rdoba.\" \/>\n<meta property=\"og:url\" content=\"https:\/\/consuladocoreandalucia.com\/ko\/\uc548\ub2ec\ub8e8\uc2dc\uc544-\uad00\uad11\/\ucf54\ub974\ub3c4\ubc14-\uad00\uad11\/\ucf54\ub974\ub3c4\ubc14\uc5d0\uc11c-\uba39\uc744-\uacf3\/\" \/>\n<meta property=\"og:site_name\" content=\"Consulado de Corea en Andaluc\u00eda\" \/>\n<meta property=\"article:modified_time\" content=\"2019-03-18T10:31:46+00:00\" \/>\n<meta name=\"twitter:card\" content=\"summary_large_image\" \/>\n<meta name=\"twitter:label1\" content=\"\uc608\uc0c1 \ub418\ub294 \ud310\ub3c5 \uc2dc\uac04\" \/>\n\t<meta name=\"twitter:data1\" content=\"2\ubd84\" \/>\n<script type=\"application\/ld+json\" class=\"yoast-schema-graph\">{\"@context\":\"https:\/\/schema.org\",\"@graph\":[{\"@type\":\"WebPage\",\"@id\":\"https:\/\/consuladocoreandalucia.com\/ko\/%ec%95%88%eb%8b%ac%eb%a3%a8%ec%8b%9c%ec%95%84-%ea%b4%80%ea%b4%91\/%ec%bd%94%eb%a5%b4%eb%8f%84%eb%b0%94-%ea%b4%80%ea%b4%91\/%ec%bd%94%eb%a5%b4%eb%8f%84%eb%b0%94%ec%97%90%ec%84%9c-%eb%a8%b9%ec%9d%84-%ea%b3%b3\/\",\"url\":\"https:\/\/consuladocoreandalucia.com\/ko\/%ec%95%88%eb%8b%ac%eb%a3%a8%ec%8b%9c%ec%95%84-%ea%b4%80%ea%b4%91\/%ec%bd%94%eb%a5%b4%eb%8f%84%eb%b0%94-%ea%b4%80%ea%b4%91\/%ec%bd%94%eb%a5%b4%eb%8f%84%eb%b0%94%ec%97%90%ec%84%9c-%eb%a8%b9%ec%9d%84-%ea%b3%b3\/\",\"name\":\"Lugares donde comer en C\u00f3rdoba | Consulado de Corea en Andaluc\u00eda\",\"isPartOf\":{\"@id\":\"https:\/\/consuladocoreandalucia.com\/#website\"},\"datePublished\":\"2019-02-05T11:17:26+00:00\",\"dateModified\":\"2019-03-18T10:31:46+00:00\",\"description\":\"Los restaurantes famosos donde comer en C\u00f3rdoba. Comida famosa en C\u00f3rdoba. Los restaurantes famosos para los coreanos en C\u00f3rdoba.\",\"breadcrumb\":{\"@id\":\"https:\/\/consuladocoreandalucia.com\/ko\/%ec%95%88%eb%8b%ac%eb%a3%a8%ec%8b%9c%ec%95%84-%ea%b4%80%ea%b4%91\/%ec%bd%94%eb%a5%b4%eb%8f%84%eb%b0%94-%ea%b4%80%ea%b4%91\/%ec%bd%94%eb%a5%b4%eb%8f%84%eb%b0%94%ec%97%90%ec%84%9c-%eb%a8%b9%ec%9d%84-%ea%b3%b3\/#breadcrumb\"},\"inLanguage\":\"ko-KR\",\"potentialAction\":[{\"@type\":\"ReadAction\",\"target\":[\"https:\/\/consuladocoreandalucia.com\/ko\/%ec%95%88%eb%8b%ac%eb%a3%a8%ec%8b%9c%ec%95%84-%ea%b4%80%ea%b4%91\/%ec%bd%94%eb%a5%b4%eb%8f%84%eb%b0%94-%ea%b4%80%ea%b4%91\/%ec%bd%94%eb%a5%b4%eb%8f%84%eb%b0%94%ec%97%90%ec%84%9c-%eb%a8%b9%ec%9d%84-%ea%b3%b3\/\"]}]},{\"@type\":\"BreadcrumbList\",\"@id\":\"https:\/\/consuladocoreandalucia.com\/ko\/%ec%95%88%eb%8b%ac%eb%a3%a8%ec%8b%9c%ec%95%84-%ea%b4%80%ea%b4%91\/%ec%bd%94%eb%a5%b4%eb%8f%84%eb%b0%94-%ea%b4%80%ea%b4%91\/%ec%bd%94%eb%a5%b4%eb%8f%84%eb%b0%94%ec%97%90%ec%84%9c-%eb%a8%b9%ec%9d%84-%ea%b3%b3\/#breadcrumb\",\"itemListElement\":[{\"@type\":\"ListItem\",\"position\":1,\"name\":\"Portada\",\"item\":\"https:\/\/consuladocoreandalucia.com\/ko\/\"},{\"@type\":\"ListItem\",\"position\":2,\"name\":\"\uc548\ub2ec\ub8e8\uc2dc\uc544 \uad00\uad11\",\"item\":\"https:\/\/consuladocoreandalucia.com\/ko\/%ec%95%88%eb%8b%ac%eb%a3%a8%ec%8b%9c%ec%95%84-%ea%b4%80%ea%b4%91\/\"},{\"@type\":\"ListItem\",\"position\":3,\"name\":\"\ucf54\ub974\ub3c4\ubc14 \uad00\uad11\",\"item\":\"https:\/\/consuladocoreandalucia.com\/ko\/%ec%95%88%eb%8b%ac%eb%a3%a8%ec%8b%9c%ec%95%84-%ea%b4%80%ea%b4%91\/%ec%bd%94%eb%a5%b4%eb%8f%84%eb%b0%94-%ea%b4%80%ea%b4%91\/\"},{\"@type\":\"ListItem\",\"position\":4,\"name\":\"\ucf54\ub974\ub3c4\ubc14\uc5d0\uc11c \uba39\uc744 \uacf3?\"}]},{\"@type\":\"WebSite\",\"@id\":\"https:\/\/consuladocoreandalucia.com\/#website\",\"url\":\"https:\/\/consuladocoreandalucia.com\/\",\"name\":\"Consulado de Corea en Andaluc\u00eda\",\"description\":\"\",\"potentialAction\":[{\"@type\":\"SearchAction\",\"target\":{\"@type\":\"EntryPoint\",\"urlTemplate\":\"https:\/\/consuladocoreandalucia.com\/?s={search_term_string}\"},\"query-input\":{\"@type\":\"PropertyValueSpecification\",\"valueRequired\":true,\"valueName\":\"search_term_string\"}}],\"inLanguage\":\"ko-KR\"}]}<\/script>\n<!-- \/ Yoast SEO plugin. -->","yoast_head_json":{"title":"Lugares donde comer en C\u00f3rdoba | Consulado de Corea en Andaluc\u00eda","description":"Los restaurantes famosos donde comer en C\u00f3rdoba. Comida famosa en C\u00f3rdoba. Los restaurantes famosos para los coreanos en C\u00f3rdoba.","robots":{"index":"index","follow":"follow","max-snippet":"max-snippet:-1","max-image-preview":"max-image-preview:large","max-video-preview":"max-video-preview:-1"},"canonical":"https:\/\/consuladocoreandalucia.com\/ko\/\uc548\ub2ec\ub8e8\uc2dc\uc544-\uad00\uad11\/\ucf54\ub974\ub3c4\ubc14-\uad00\uad11\/\ucf54\ub974\ub3c4\ubc14\uc5d0\uc11c-\uba39\uc744-\uacf3\/","og_locale":"ko_KR","og_type":"article","og_title":"Lugares donde comer en C\u00f3rdoba | Consulado de Corea en Andaluc\u00eda","og_description":"Los restaurantes famosos donde comer en C\u00f3rdoba. Comida famosa en C\u00f3rdoba. Los restaurantes famosos para los coreanos en C\u00f3rdoba.","og_url":"https:\/\/consuladocoreandalucia.com\/ko\/\uc548\ub2ec\ub8e8\uc2dc\uc544-\uad00\uad11\/\ucf54\ub974\ub3c4\ubc14-\uad00\uad11\/\ucf54\ub974\ub3c4\ubc14\uc5d0\uc11c-\uba39\uc744-\uacf3\/","og_site_name":"Consulado de Corea en Andaluc\u00eda","article_modified_time":"2019-03-18T10:31:46+00:00","twitter_card":"summary_large_image","twitter_misc":{"\uc608\uc0c1 \ub418\ub294 \ud310\ub3c5 \uc2dc\uac04":"2\ubd84"},"schema":{"@context":"https:\/\/schema.org","@graph":[{"@type":"WebPage","@id":"https:\/\/consuladocoreandalucia.com\/ko\/%ec%95%88%eb%8b%ac%eb%a3%a8%ec%8b%9c%ec%95%84-%ea%b4%80%ea%b4%91\/%ec%bd%94%eb%a5%b4%eb%8f%84%eb%b0%94-%ea%b4%80%ea%b4%91\/%ec%bd%94%eb%a5%b4%eb%8f%84%eb%b0%94%ec%97%90%ec%84%9c-%eb%a8%b9%ec%9d%84-%ea%b3%b3\/","url":"https:\/\/consuladocoreandalucia.com\/ko\/%ec%95%88%eb%8b%ac%eb%a3%a8%ec%8b%9c%ec%95%84-%ea%b4%80%ea%b4%91\/%ec%bd%94%eb%a5%b4%eb%8f%84%eb%b0%94-%ea%b4%80%ea%b4%91\/%ec%bd%94%eb%a5%b4%eb%8f%84%eb%b0%94%ec%97%90%ec%84%9c-%eb%a8%b9%ec%9d%84-%ea%b3%b3\/","name":"Lugares donde comer en C\u00f3rdoba | Consulado de Corea en Andaluc\u00eda","isPartOf":{"@id":"https:\/\/consuladocoreandalucia.com\/#website"},"datePublished":"2019-02-05T11:17:26+00:00","dateModified":"2019-03-18T10:31:46+00:00","description":"Los restaurantes famosos donde comer en C\u00f3rdoba. Comida famosa en C\u00f3rdoba. Los restaurantes famosos para los coreanos en C\u00f3rdoba.","breadcrumb":{"@id":"https:\/\/consuladocoreandalucia.com\/ko\/%ec%95%88%eb%8b%ac%eb%a3%a8%ec%8b%9c%ec%95%84-%ea%b4%80%ea%b4%91\/%ec%bd%94%eb%a5%b4%eb%8f%84%eb%b0%94-%ea%b4%80%ea%b4%91\/%ec%bd%94%eb%a5%b4%eb%8f%84%eb%b0%94%ec%97%90%ec%84%9c-%eb%a8%b9%ec%9d%84-%ea%b3%b3\/#breadcrumb"},"inLanguage":"ko-KR","potentialAction":[{"@type":"ReadAction","target":["https:\/\/consuladocoreandalucia.com\/ko\/%ec%95%88%eb%8b%ac%eb%a3%a8%ec%8b%9c%ec%95%84-%ea%b4%80%ea%b4%91\/%ec%bd%94%eb%a5%b4%eb%8f%84%eb%b0%94-%ea%b4%80%ea%b4%91\/%ec%bd%94%eb%a5%b4%eb%8f%84%eb%b0%94%ec%97%90%ec%84%9c-%eb%a8%b9%ec%9d%84-%ea%b3%b3\/"]}]},{"@type":"BreadcrumbList","@id":"https:\/\/consuladocoreandalucia.com\/ko\/%ec%95%88%eb%8b%ac%eb%a3%a8%ec%8b%9c%ec%95%84-%ea%b4%80%ea%b4%91\/%ec%bd%94%eb%a5%b4%eb%8f%84%eb%b0%94-%ea%b4%80%ea%b4%91\/%ec%bd%94%eb%a5%b4%eb%8f%84%eb%b0%94%ec%97%90%ec%84%9c-%eb%a8%b9%ec%9d%84-%ea%b3%b3\/#breadcrumb","itemListElement":[{"@type":"ListItem","position":1,"name":"Portada","item":"https:\/\/consuladocoreandalucia.com\/ko\/"},{"@type":"ListItem","position":2,"name":"\uc548\ub2ec\ub8e8\uc2dc\uc544 \uad00\uad11","item":"https:\/\/consuladocoreandalucia.com\/ko\/%ec%95%88%eb%8b%ac%eb%a3%a8%ec%8b%9c%ec%95%84-%ea%b4%80%ea%b4%91\/"},{"@type":"ListItem","position":3,"name":"\ucf54\ub974\ub3c4\ubc14 \uad00\uad11","item":"https:\/\/consuladocoreandalucia.com\/ko\/%ec%95%88%eb%8b%ac%eb%a3%a8%ec%8b%9c%ec%95%84-%ea%b4%80%ea%b4%91\/%ec%bd%94%eb%a5%b4%eb%8f%84%eb%b0%94-%ea%b4%80%ea%b4%91\/"},{"@type":"ListItem","position":4,"name":"\ucf54\ub974\ub3c4\ubc14\uc5d0\uc11c \uba39\uc744 \uacf3?"}]},{"@type":"WebSite","@id":"https:\/\/consuladocoreandalucia.com\/#website","url":"https:\/\/consuladocoreandalucia.com\/","name":"Consulado de Corea en Andaluc\u00eda","description":"","potentialAction":[{"@type":"SearchAction","target":{"@type":"EntryPoint","urlTemplate":"https:\/\/consuladocoreandalucia.com\/?s={search_term_string}"},"query-input":{"@type":"PropertyValueSpecification","valueRequired":true,"valueName":"search_term_string"}}],"inLanguage":"ko-KR"}]}},"_links":{"self":[{"href":"https:\/\/consuladocoreandalucia.com\/ko\/wp-json\/wp\/v2\/pages\/137303","targetHints":{"allow":["GET"]}}],"collection":[{"href":"https:\/\/consuladocoreandalucia.com\/ko\/wp-json\/wp\/v2\/pages"}],"about":[{"href":"https:\/\/consuladocoreandalucia.com\/ko\/wp-json\/wp\/v2\/types\/page"}],"author":[{"embeddable":true,"href":"https:\/\/consuladocoreandalucia.com\/ko\/wp-json\/wp\/v2\/users\/1"}],"replies":[{"embeddable":true,"href":"https:\/\/consuladocoreandalucia.com\/ko\/wp-json\/wp\/v2\/comments?post=137303"}],"version-history":[{"count":7,"href":"https:\/\/consuladocoreandalucia.com\/ko\/wp-json\/wp\/v2\/pages\/137303\/revisions"}],"predecessor-version":[{"id":137446,"href":"https:\/\/consuladocoreandalucia.com\/ko\/wp-json\/wp\/v2\/pages\/137303\/revisions\/137446"}],"up":[{"embeddable":true,"href":"https:\/\/consuladocoreandalucia.com\/ko\/wp-json\/wp\/v2\/pages\/137222"}],"wp:attachment":[{"href":"https:\/\/consuladocoreandalucia.com\/ko\/wp-json\/wp\/v2\/media?parent=137303"}],"curies":[{"name":"wp","href":"https:\/\/api.w.org\/{rel}","templated":true}]}}