{"id":137237,"date":"2019-02-05T10:57:27","date_gmt":"2019-02-05T09:57:27","guid":{"rendered":"https:\/\/consuladocoreandalucia.com\/?page_id=137237"},"modified":"2019-04-24T09:26:55","modified_gmt":"2019-04-24T08:26:55","slug":"%ec%84%b8%eb%b9%84%ec%95%bc%ec%97%90-%eb%8f%84%ec%b0%a9%ed%96%88%ec%9d%84-%eb%95%8c%ec%9d%98-%ec%96%b4%eb%93%9c%eb%b0%94%ec%9d%b4%ec%8a%a4-%eb%b0%8f-%ec%a3%bc%ec%9d%98%ed%95%a0-%ec%a0%90","status":"publish","type":"page","link":"https:\/\/consuladocoreandalucia.com\/ko\/%ec%95%88%eb%8b%ac%eb%a3%a8%ec%8b%9c%ec%95%84-%ea%b4%80%ea%b4%91\/%ec%84%b8%eb%b9%84%ec%95%bc-%ea%b4%80%ea%b4%91\/%ec%84%b8%eb%b9%84%ec%95%bc%ec%97%90-%eb%8f%84%ec%b0%a9%ed%96%88%ec%9d%84-%eb%95%8c%ec%9d%98-%ec%96%b4%eb%93%9c%eb%b0%94%ec%9d%b4%ec%8a%a4-%eb%b0%8f-%ec%a3%bc%ec%9d%98%ed%95%a0-%ec%a0%90\/","title":{"rendered":"\uc138\ube44\uc57c\uc5d0 \ub3c4\ucc29\ud588\uc744 \ub54c\uc758 \uc5b4\ub4dc\ubc14\uc774\uc2a4 \ubc0f \uc8fc\uc758\ud560 \uc810"},"content":{"rendered":"<div class=\"wpb-content-wrapper\"><p>[vc_row][vc_column][vc_column_text]<\/p>\n<p><a href=\"https:\/\/consuladocoreandalucia.com\/wp-content\/uploads\/2019\/01\/transporte-en-Sevilla-1.jpg\"><img loading=\"lazy\" decoding=\"async\" class=\"size-thumb_255x255 wp-image-137064 alignleft\" src=\"https:\/\/consuladocoreandalucia.com\/wp-content\/uploads\/2019\/01\/transporte-en-Sevilla-1-255x255.jpg\" alt=\"\" width=\"255\" height=\"255\" srcset=\"https:\/\/consuladocoreandalucia.com\/wp-content\/uploads\/2019\/01\/transporte-en-Sevilla-1-255x255.jpg 255w, https:\/\/consuladocoreandalucia.com\/wp-content\/uploads\/2019\/01\/transporte-en-Sevilla-1-150x150.jpg 150w, https:\/\/consuladocoreandalucia.com\/wp-content\/uploads\/2019\/01\/transporte-en-Sevilla-1-50x50.jpg 50w, https:\/\/consuladocoreandalucia.com\/wp-content\/uploads\/2019\/01\/transporte-en-Sevilla-1-80x80.jpg 80w, https:\/\/consuladocoreandalucia.com\/wp-content\/uploads\/2019\/01\/transporte-en-Sevilla-1-263x263.jpg 263w, https:\/\/consuladocoreandalucia.com\/wp-content\/uploads\/2019\/01\/transporte-en-Sevilla-1-100x100.jpg 100w, https:\/\/consuladocoreandalucia.com\/wp-content\/uploads\/2019\/01\/transporte-en-Sevilla-1-526x526.jpg 526w\" sizes=\"auto, (max-width: 255px) 100vw, 255px\" \/><\/a><\/p>\n<div class=\"event-content\">\n<div class=\"content-dropcap\">\n<p>\uacf5\ud56d\ubc84\uc2a4 AE Bus<\/p>\n<p>\ubc30\ucc28\uc2dc\uac04 \ubc0f \uc2dc\uac04\ud45c<\/p>\n<p>25-30\ubd84 \uc5f0\uc911 \ubb34\ud734. 05:20\ubd80\ud130 01:15(\uc138\ube44\uc57c \uc2dc\ub0b4 \ub3c4\ucc29), 04:30\ubd80\ud130 00:30(\uacf5\ud56d\ub3c4\ucc29)<\/p>\n<p>\ub3c4\uc2ec\uc5d0\uc11c \uacf5\ud56d\uae4c\uc9c0 \uc57d 35\ubd84 \uac78\ub9bd\ub2c8\ub2e4.<\/p>\n<p>\ud130\ubbf8\ub110 0\uce35 \ucd9c\uad6d\uc7a5 \uadfc\ucc98<\/p>\n<p>\ud2f0\ucf13 \uad6c\ub9e4<br \/>\n\ud3b8\ub3c4 \ud2f0\ucf13 4\uc720\ub85c. \uc655\ubcf5(1\uc77c \uc774\ub0b4) 6\uc720\ub85c<br \/>\n*\ubc84\uc2a4\uc5d0\uc11c \ud2f0\ucf13\uc744 \uad6c\ub9e4\ud560 \uc218 \uc788\uc2b5\ub2c8\ub2e4.<\/p>\n<\/div>\n<\/div>\n<p>[\/vc_column_text][vc_single_image image=&#8221;137060&#8243; img_size=&#8221;full&#8221; alignment=&#8221;center&#8221;][vc_column_text]<strong>\uc138\ube44\uc57c\uc5d0\uc11c \uaf2d \uc0ac\uc57c \ud560 \uac83<\/strong><\/p>\n<p>\uc624\ub80c\uc9c0 \uaf43\uc73c\ub85c \ub9cc\ub4e0 \ud5a5\uc218<br \/>\n\uc624\ub80c\uc9c0 \uaf43 \uc81c\ud488 (Bendita Luz \ub9bd\ud06c\ub9bc, \ud578\ub4dc\ud06c\ub9bc \ub4f1)<br \/>\n\uc62c\ub9ac\ube0c \uc81c\ud488 (\uc62c\ub9ac\ube0c \uc624\uc77c, \uc62c\ub9ac\ube0c \ube44\ub204, \ud578\ub4dc\ud06c\ub9bc \ub4f1)<br \/>\n\uac00\uc8fd \uc81c\ud488. \uac00\ubc29 \ubc0f \uc2e0\ubc1c \ub4f1(Camper, \ub9c9\uc2dc\ubaa8 \ub450\ub760 \ub4f1)<br \/>\n\ud0c0\uc77c \ubc0f \uc138\ub77c\ubbf9 \uc81c\ud488<br \/>\n\uad6d\ud654 \uaf43 \uafc0<br \/>\n\ube44 \ud3f4\ub80c<\/p>\n<p><strong>\uc138\ube44\uc57c\uc5d0 \uc5ec\ud589\ud558\uae30 \uc88b\uc740 \uc2dc\uae30, \ucd95\uc81c \uae30\uac04<\/strong><\/p>\n<p>\uc138\ube44\uc57c \uc5ec\ud589\ud558\uae30\uc5d0 \uc88b\uc740 \ub0a0\uc528\ub294 3\uc6d4\uc5d0\uc11c 5\uc6d4, 9\uc6d4\uc5d0\uc11c 11\uc6d4\uc774 \uc88b\uc2b5\ub2c8\ub2e4.<\/p>\n<p>\uc5ec\ub984\uc5d0\ub294 \ube44\uac00 \uc624\uc9c0 \uc54a\uace0, \uac70\uc758 \uaca8\uc6b8\uc5d0\uc11c \ucd08\ubd04\uc5d0 \ube44\uac00 \ub0b4\ub9bd\ub2c8\ub2e4.<\/p>\n<p>\uc5ec\ub984\uc740 \uae30\uc628\uc774 \ub192\uae30 \ub54c\ubb38\uc5d0 \ub0ae\uc5d0 \ud65c\ub3d9\ud558\uae30 \uc5b4\ub835\uace0, 2\uc2dc\ubd80\ud130 4\uc2dc\uae4c\uc9c0 \uc528\uc5d0\uc2a4\ud0c0\ub54c\ubb38\uc5d0 \uc0c1\uc810\ub4e4\uc774 \ubb38\uc744 \ub2eb\uc2b5\ub2c8\ub2e4.<\/p>\n<p>\uc138\ube44\uc57c\uc5d0\uc11c\ub294 \ub9e4\ub144 3\uc6d4\uc774\ub098 4\uc6d4 \uc138\ub9c8\ub098 \uc0b0\ud0c0 Semana Santa \uc640 \ud398\ub9ac\uc544 Feria \ub77c\ub294 \ucd95\uc81c\ub97c \ud569\ub2c8\ub2e4.[\/vc_column_text][\/vc_column][\/vc_row][vc_row][vc_column][\/vc_column][\/vc_row][vc_row][vc_column][vc_column_text]<strong>\uacf5\ud56d\ud0dd\uc2dc<\/strong><\/p>\n<table>\n<tbody>\n<tr>\n<td><strong>\uc694\uae08<\/strong><\/td>\n<td width=\"63\"><strong>\uac00\uaca9<\/strong><\/td>\n<td width=\"477\"><strong>\uacf5\ud56d \ub2e8\uc77c\uc694\uae08<\/strong><\/td>\n<\/tr>\n<tr>\n<td>1. 1<\/td>\n<td width=\"63\">22,20 \u20ac<\/td>\n<td width=\"477\">\ud3c9\uc77c \uc6d4\uc694\uc77c\ubd80\ud130 \uae08\uc694\uc77c 7:00\ubd80\ud130 21:00\uae4c\uc9c0<\/td>\n<\/tr>\n<tr>\n<td>1. 2<\/td>\n<td width=\"63\">24,75 \u20ac<\/td>\n<td width=\"477\">\ud3c9\uc77c \uc6d4\uc694\uc77c\ubd80\ud130 \uae08\uc694\uc77c 21:00\ubd80\ud130 7:00\uae4c\uc9c0, \ud1a0\uc694\uc77c, \uc77c\uc694\uc77c, \uacf5\ud734\uc77c, 12\uc6d4 24\uc77c,31\uc77c 0:00\ubd80\ud130 24:00, \uc138\ub9c8\ub098\uc0b0\ud0c0 \ubc0f \ud398\ub9ac\uc544 7:00\ubd80\ud130 21:00\uae4c\uc9c0.<\/td>\n<\/tr>\n<tr>\n<td>1. 3<\/td>\n<td width=\"63\">30,93 \u20ac<\/td>\n<td width=\"477\">\uc138\ub9c8\ub098\uc0b0\ud0c0 \ubc0f \ud398\ub9ac\uc544 \u00a021:00 \ubd80\ud130 7:00\uae4c\uc9c0<\/td>\n<\/tr>\n<\/tbody>\n<\/table>\n<p><strong>\uc138\ube44\uc57c \uc9c0\ud558\ucca0 \ub178\uc120\ud45c<\/strong><strong>\u00a0<\/strong>[\/vc_column_text][\/vc_column][\/vc_row][vc_row][vc_column][vc_single_image image=&#8221;137062&#8243; img_size=&#8221;full&#8221; alignment=&#8221;center&#8221;][\/vc_column][\/vc_row][vc_row][vc_column][vc_column_text]<strong>\uc6b4\ud589<\/strong> <strong>\uc2dc\uac04<\/strong><\/p>\n<table style=\"height: 218px;\" width=\"457\">\n<tbody>\n<tr>\n<td width=\"156\">\uc6d4\uc694\uc77c\uc5d0\uc11c \ubaa9\uc694\uc77c<\/td>\n<td width=\"140\">06:30 \ubd80\ud130 23:00\uae4c\uc9c0<\/td>\n<\/tr>\n<tr>\n<td width=\"156\">\uae08\uc694\uc77c \ubc0f \uacf5\ud734\uc77c \uc804\uc77c<\/td>\n<td width=\"140\">06:30 \ubd80\ud130 02:00\uae4c\uc9c0<\/td>\n<\/tr>\n<tr>\n<td width=\"156\">\ud1a0\uc694\uc77c<\/td>\n<td width=\"140\">07:30 \ubd80\ud130 02:00\uae4c\uc9c0<\/td>\n<\/tr>\n<tr>\n<td width=\"156\">\uc77c\uc694\uc77c \ubc0f \uacf5\ud734\uc77c<\/td>\n<td width=\"140\">07:30 \ubd80\ud130 23:00\uae4c\uc9c0<\/td>\n<\/tr>\n<\/tbody>\n<\/table>\n<p>(*) \uc885\uc810\uc5d0\uc11c \ub9c9\ucc28 \ucd9c\ubc1c \uc2dc\uac04\uc785\ub2c8\ub2e4.[\/vc_column_text][\/vc_column][\/vc_row][vc_row][vc_column][vc_column_text]<\/p>\n<p>[\/vc_column_text][\/vc_column][\/vc_row]<\/p>\n<\/div>","protected":false},"excerpt":{"rendered":"<p>[vc_row][vc_column][vc_column_text] \uacf5\ud56d\ubc84\uc2a4 AE Bus \ubc30\ucc28\uc2dc\uac04 \ubc0f \uc2dc\uac04\ud45c 25-30\ubd84 \uc5f0\uc911 \ubb34\ud734. 05:20\ubd80\ud130 01:15(\uc138\ube44\uc57c \uc2dc\ub0b4 \ub3c4\ucc29), 04:30\ubd80\ud130 00:30(\uacf5\ud56d\ub3c4\ucc29) \ub3c4\uc2ec\uc5d0\uc11c \uacf5\ud56d\uae4c\uc9c0 \uc57d 35\ubd84 \uac78\ub9bd\ub2c8\ub2e4. \ud130\ubbf8\ub110 0\uce35 \ucd9c\uad6d\uc7a5 \uadfc\ucc98 \ud2f0\ucf13 \uad6c\ub9e4 \ud3b8\ub3c4 \ud2f0\ucf13 4\uc720\ub85c. \uc655\ubcf5(1\uc77c \uc774\ub0b4) 6\uc720\ub85c *\ubc84\uc2a4\uc5d0\uc11c \ud2f0\ucf13\uc744 \uad6c\ub9e4\ud560 \uc218 \uc788\uc2b5\ub2c8\ub2e4. [\/vc_column_text][vc_single_image image=&#8221;137060&#8243; img_size=&#8221;full&#8221; alignment=&#8221;center&#8221;][vc_column_text]\uc138\ube44\uc57c\uc5d0\uc11c \uaf2d \uc0ac\uc57c \ud560 \uac83 \uc624\ub80c\uc9c0 \uaf43\uc73c\ub85c \ub9cc\ub4e0 \ud5a5\uc218 \uc624\ub80c\uc9c0 \uaf43 \uc81c\ud488 (Bendita Luz [&hellip;]<\/p>\n","protected":false},"author":1,"featured_media":0,"parent":137211,"menu_order":0,"comment_status":"closed","ping_status":"closed","template":"","meta":{"footnotes":""},"class_list":["post-137237","page","type-page","status-publish","hentry"],"yoast_head":"<!-- This site is optimized with the Yoast SEO plugin v27.3 - https:\/\/yoast.com\/product\/yoast-seo-wordpress\/ -->\n<title>Consejos para el coreano en Sevilla | Consulado de Corea en Andaluc\u00eda<\/title>\n<meta name=\"description\" content=\"Qu\u00e9 comprar de regalos en Sevilla. Cu\u00e1ndo venir a Sevilla. Las fecha m\u00e1s se\u00f1aladas para las fiestas tradicionales y medios de transporte en Sevilla.\" \/>\n<meta name=\"robots\" content=\"index, follow, max-snippet:-1, max-image-preview:large, max-video-preview:-1\" \/>\n<link rel=\"canonical\" href=\"https:\/\/consuladocoreandalucia.com\/ko\/\uc548\ub2ec\ub8e8\uc2dc\uc544-\uad00\uad11\/\uc138\ube44\uc57c-\uad00\uad11\/\uc138\ube44\uc57c\uc5d0-\ub3c4\ucc29\ud588\uc744-\ub54c\uc758-\uc5b4\ub4dc\ubc14\uc774\uc2a4-\ubc0f-\uc8fc\uc758\ud560-\uc810\/\" \/>\n<meta property=\"og:locale\" content=\"ko_KR\" \/>\n<meta property=\"og:type\" content=\"article\" \/>\n<meta property=\"og:title\" content=\"Consejos para el coreano en Sevilla | Consulado de Corea en Andaluc\u00eda\" \/>\n<meta property=\"og:description\" content=\"Qu\u00e9 comprar de regalos en Sevilla. Cu\u00e1ndo venir a Sevilla. Las fecha m\u00e1s se\u00f1aladas para las fiestas tradicionales y medios de transporte en Sevilla.\" \/>\n<meta property=\"og:url\" content=\"https:\/\/consuladocoreandalucia.com\/ko\/\uc548\ub2ec\ub8e8\uc2dc\uc544-\uad00\uad11\/\uc138\ube44\uc57c-\uad00\uad11\/\uc138\ube44\uc57c\uc5d0-\ub3c4\ucc29\ud588\uc744-\ub54c\uc758-\uc5b4\ub4dc\ubc14\uc774\uc2a4-\ubc0f-\uc8fc\uc758\ud560-\uc810\/\" \/>\n<meta property=\"og:site_name\" content=\"Consulado de Corea en Andaluc\u00eda\" \/>\n<meta property=\"article:modified_time\" content=\"2019-04-24T08:26:55+00:00\" \/>\n<meta property=\"og:image\" content=\"https:\/\/consuladocoreandalucia.com\/wp-content\/uploads\/2019\/01\/transporte-en-Sevilla-1-255x255.jpg\" \/>\n<meta name=\"twitter:card\" content=\"summary_large_image\" \/>\n<meta name=\"twitter:label1\" content=\"\uc608\uc0c1 \ub418\ub294 \ud310\ub3c5 \uc2dc\uac04\" \/>\n\t<meta name=\"twitter:data1\" content=\"1\ubd84\" \/>\n<script type=\"application\/ld+json\" class=\"yoast-schema-graph\">{\"@context\":\"https:\\\/\\\/schema.org\",\"@graph\":[{\"@type\":\"WebPage\",\"@id\":\"https:\\\/\\\/consuladocoreandalucia.com\\\/ko\\\/%ec%95%88%eb%8b%ac%eb%a3%a8%ec%8b%9c%ec%95%84-%ea%b4%80%ea%b4%91\\\/%ec%84%b8%eb%b9%84%ec%95%bc-%ea%b4%80%ea%b4%91\\\/%ec%84%b8%eb%b9%84%ec%95%bc%ec%97%90-%eb%8f%84%ec%b0%a9%ed%96%88%ec%9d%84-%eb%95%8c%ec%9d%98-%ec%96%b4%eb%93%9c%eb%b0%94%ec%9d%b4%ec%8a%a4-%eb%b0%8f-%ec%a3%bc%ec%9d%98%ed%95%a0-%ec%a0%90\\\/\",\"url\":\"https:\\\/\\\/consuladocoreandalucia.com\\\/ko\\\/%ec%95%88%eb%8b%ac%eb%a3%a8%ec%8b%9c%ec%95%84-%ea%b4%80%ea%b4%91\\\/%ec%84%b8%eb%b9%84%ec%95%bc-%ea%b4%80%ea%b4%91\\\/%ec%84%b8%eb%b9%84%ec%95%bc%ec%97%90-%eb%8f%84%ec%b0%a9%ed%96%88%ec%9d%84-%eb%95%8c%ec%9d%98-%ec%96%b4%eb%93%9c%eb%b0%94%ec%9d%b4%ec%8a%a4-%eb%b0%8f-%ec%a3%bc%ec%9d%98%ed%95%a0-%ec%a0%90\\\/\",\"name\":\"Consejos para el coreano en Sevilla | Consulado de Corea en Andaluc\u00eda\",\"isPartOf\":{\"@id\":\"https:\\\/\\\/consuladocoreandalucia.com\\\/#website\"},\"primaryImageOfPage\":{\"@id\":\"https:\\\/\\\/consuladocoreandalucia.com\\\/ko\\\/%ec%95%88%eb%8b%ac%eb%a3%a8%ec%8b%9c%ec%95%84-%ea%b4%80%ea%b4%91\\\/%ec%84%b8%eb%b9%84%ec%95%bc-%ea%b4%80%ea%b4%91\\\/%ec%84%b8%eb%b9%84%ec%95%bc%ec%97%90-%eb%8f%84%ec%b0%a9%ed%96%88%ec%9d%84-%eb%95%8c%ec%9d%98-%ec%96%b4%eb%93%9c%eb%b0%94%ec%9d%b4%ec%8a%a4-%eb%b0%8f-%ec%a3%bc%ec%9d%98%ed%95%a0-%ec%a0%90\\\/#primaryimage\"},\"image\":{\"@id\":\"https:\\\/\\\/consuladocoreandalucia.com\\\/ko\\\/%ec%95%88%eb%8b%ac%eb%a3%a8%ec%8b%9c%ec%95%84-%ea%b4%80%ea%b4%91\\\/%ec%84%b8%eb%b9%84%ec%95%bc-%ea%b4%80%ea%b4%91\\\/%ec%84%b8%eb%b9%84%ec%95%bc%ec%97%90-%eb%8f%84%ec%b0%a9%ed%96%88%ec%9d%84-%eb%95%8c%ec%9d%98-%ec%96%b4%eb%93%9c%eb%b0%94%ec%9d%b4%ec%8a%a4-%eb%b0%8f-%ec%a3%bc%ec%9d%98%ed%95%a0-%ec%a0%90\\\/#primaryimage\"},\"thumbnailUrl\":\"https:\\\/\\\/consuladocoreandalucia.com\\\/wp-content\\\/uploads\\\/2019\\\/01\\\/transporte-en-Sevilla-1-255x255.jpg\",\"datePublished\":\"2019-02-05T09:57:27+00:00\",\"dateModified\":\"2019-04-24T08:26:55+00:00\",\"description\":\"Qu\u00e9 comprar de regalos en Sevilla. Cu\u00e1ndo venir a Sevilla. Las fecha m\u00e1s se\u00f1aladas para las fiestas tradicionales y medios de transporte en Sevilla.\",\"breadcrumb\":{\"@id\":\"https:\\\/\\\/consuladocoreandalucia.com\\\/ko\\\/%ec%95%88%eb%8b%ac%eb%a3%a8%ec%8b%9c%ec%95%84-%ea%b4%80%ea%b4%91\\\/%ec%84%b8%eb%b9%84%ec%95%bc-%ea%b4%80%ea%b4%91\\\/%ec%84%b8%eb%b9%84%ec%95%bc%ec%97%90-%eb%8f%84%ec%b0%a9%ed%96%88%ec%9d%84-%eb%95%8c%ec%9d%98-%ec%96%b4%eb%93%9c%eb%b0%94%ec%9d%b4%ec%8a%a4-%eb%b0%8f-%ec%a3%bc%ec%9d%98%ed%95%a0-%ec%a0%90\\\/#breadcrumb\"},\"inLanguage\":\"ko-KR\",\"potentialAction\":[{\"@type\":\"ReadAction\",\"target\":[\"https:\\\/\\\/consuladocoreandalucia.com\\\/ko\\\/%ec%95%88%eb%8b%ac%eb%a3%a8%ec%8b%9c%ec%95%84-%ea%b4%80%ea%b4%91\\\/%ec%84%b8%eb%b9%84%ec%95%bc-%ea%b4%80%ea%b4%91\\\/%ec%84%b8%eb%b9%84%ec%95%bc%ec%97%90-%eb%8f%84%ec%b0%a9%ed%96%88%ec%9d%84-%eb%95%8c%ec%9d%98-%ec%96%b4%eb%93%9c%eb%b0%94%ec%9d%b4%ec%8a%a4-%eb%b0%8f-%ec%a3%bc%ec%9d%98%ed%95%a0-%ec%a0%90\\\/\"]}]},{\"@type\":\"ImageObject\",\"inLanguage\":\"ko-KR\",\"@id\":\"https:\\\/\\\/consuladocoreandalucia.com\\\/ko\\\/%ec%95%88%eb%8b%ac%eb%a3%a8%ec%8b%9c%ec%95%84-%ea%b4%80%ea%b4%91\\\/%ec%84%b8%eb%b9%84%ec%95%bc-%ea%b4%80%ea%b4%91\\\/%ec%84%b8%eb%b9%84%ec%95%bc%ec%97%90-%eb%8f%84%ec%b0%a9%ed%96%88%ec%9d%84-%eb%95%8c%ec%9d%98-%ec%96%b4%eb%93%9c%eb%b0%94%ec%9d%b4%ec%8a%a4-%eb%b0%8f-%ec%a3%bc%ec%9d%98%ed%95%a0-%ec%a0%90\\\/#primaryimage\",\"url\":\"https:\\\/\\\/consuladocoreandalucia.com\\\/wp-content\\\/uploads\\\/2019\\\/01\\\/transporte-en-Sevilla-1-255x255.jpg\",\"contentUrl\":\"https:\\\/\\\/consuladocoreandalucia.com\\\/wp-content\\\/uploads\\\/2019\\\/01\\\/transporte-en-Sevilla-1-255x255.jpg\"},{\"@type\":\"BreadcrumbList\",\"@id\":\"https:\\\/\\\/consuladocoreandalucia.com\\\/ko\\\/%ec%95%88%eb%8b%ac%eb%a3%a8%ec%8b%9c%ec%95%84-%ea%b4%80%ea%b4%91\\\/%ec%84%b8%eb%b9%84%ec%95%bc-%ea%b4%80%ea%b4%91\\\/%ec%84%b8%eb%b9%84%ec%95%bc%ec%97%90-%eb%8f%84%ec%b0%a9%ed%96%88%ec%9d%84-%eb%95%8c%ec%9d%98-%ec%96%b4%eb%93%9c%eb%b0%94%ec%9d%b4%ec%8a%a4-%eb%b0%8f-%ec%a3%bc%ec%9d%98%ed%95%a0-%ec%a0%90\\\/#breadcrumb\",\"itemListElement\":[{\"@type\":\"ListItem\",\"position\":1,\"name\":\"Portada\",\"item\":\"https:\\\/\\\/consuladocoreandalucia.com\\\/ko\\\/\"},{\"@type\":\"ListItem\",\"position\":2,\"name\":\"\uc548\ub2ec\ub8e8\uc2dc\uc544 \uad00\uad11\",\"item\":\"https:\\\/\\\/consuladocoreandalucia.com\\\/ko\\\/%ec%95%88%eb%8b%ac%eb%a3%a8%ec%8b%9c%ec%95%84-%ea%b4%80%ea%b4%91\\\/\"},{\"@type\":\"ListItem\",\"position\":3,\"name\":\"\uc138\ube44\uc57c \uad00\uad11\",\"item\":\"https:\\\/\\\/consuladocoreandalucia.com\\\/ko\\\/%ec%95%88%eb%8b%ac%eb%a3%a8%ec%8b%9c%ec%95%84-%ea%b4%80%ea%b4%91\\\/%ec%84%b8%eb%b9%84%ec%95%bc-%ea%b4%80%ea%b4%91\\\/\"},{\"@type\":\"ListItem\",\"position\":4,\"name\":\"\uc138\ube44\uc57c\uc5d0 \ub3c4\ucc29\ud588\uc744 \ub54c\uc758 \uc5b4\ub4dc\ubc14\uc774\uc2a4 \ubc0f \uc8fc\uc758\ud560 \uc810\"}]},{\"@type\":\"WebSite\",\"@id\":\"https:\\\/\\\/consuladocoreandalucia.com\\\/#website\",\"url\":\"https:\\\/\\\/consuladocoreandalucia.com\\\/\",\"name\":\"Consulado de Corea en Andaluc\u00eda\",\"description\":\"\",\"potentialAction\":[{\"@type\":\"SearchAction\",\"target\":{\"@type\":\"EntryPoint\",\"urlTemplate\":\"https:\\\/\\\/consuladocoreandalucia.com\\\/?s={search_term_string}\"},\"query-input\":{\"@type\":\"PropertyValueSpecification\",\"valueRequired\":true,\"valueName\":\"search_term_string\"}}],\"inLanguage\":\"ko-KR\"}]}<\/script>\n<!-- \/ Yoast SEO plugin. -->","yoast_head_json":{"title":"Consejos para el coreano en Sevilla | Consulado de Corea en Andaluc\u00eda","description":"Qu\u00e9 comprar de regalos en Sevilla. Cu\u00e1ndo venir a Sevilla. Las fecha m\u00e1s se\u00f1aladas para las fiestas tradicionales y medios de transporte en Sevilla.","robots":{"index":"index","follow":"follow","max-snippet":"max-snippet:-1","max-image-preview":"max-image-preview:large","max-video-preview":"max-video-preview:-1"},"canonical":"https:\/\/consuladocoreandalucia.com\/ko\/\uc548\ub2ec\ub8e8\uc2dc\uc544-\uad00\uad11\/\uc138\ube44\uc57c-\uad00\uad11\/\uc138\ube44\uc57c\uc5d0-\ub3c4\ucc29\ud588\uc744-\ub54c\uc758-\uc5b4\ub4dc\ubc14\uc774\uc2a4-\ubc0f-\uc8fc\uc758\ud560-\uc810\/","og_locale":"ko_KR","og_type":"article","og_title":"Consejos para el coreano en Sevilla | Consulado de Corea en Andaluc\u00eda","og_description":"Qu\u00e9 comprar de regalos en Sevilla. Cu\u00e1ndo venir a Sevilla. Las fecha m\u00e1s se\u00f1aladas para las fiestas tradicionales y medios de transporte en Sevilla.","og_url":"https:\/\/consuladocoreandalucia.com\/ko\/\uc548\ub2ec\ub8e8\uc2dc\uc544-\uad00\uad11\/\uc138\ube44\uc57c-\uad00\uad11\/\uc138\ube44\uc57c\uc5d0-\ub3c4\ucc29\ud588\uc744-\ub54c\uc758-\uc5b4\ub4dc\ubc14\uc774\uc2a4-\ubc0f-\uc8fc\uc758\ud560-\uc810\/","og_site_name":"Consulado de Corea en Andaluc\u00eda","article_modified_time":"2019-04-24T08:26:55+00:00","og_image":[{"url":"https:\/\/consuladocoreandalucia.com\/wp-content\/uploads\/2019\/01\/transporte-en-Sevilla-1-255x255.jpg","type":"","width":"","height":""}],"twitter_card":"summary_large_image","twitter_misc":{"\uc608\uc0c1 \ub418\ub294 \ud310\ub3c5 \uc2dc\uac04":"1\ubd84"},"schema":{"@context":"https:\/\/schema.org","@graph":[{"@type":"WebPage","@id":"https:\/\/consuladocoreandalucia.com\/ko\/%ec%95%88%eb%8b%ac%eb%a3%a8%ec%8b%9c%ec%95%84-%ea%b4%80%ea%b4%91\/%ec%84%b8%eb%b9%84%ec%95%bc-%ea%b4%80%ea%b4%91\/%ec%84%b8%eb%b9%84%ec%95%bc%ec%97%90-%eb%8f%84%ec%b0%a9%ed%96%88%ec%9d%84-%eb%95%8c%ec%9d%98-%ec%96%b4%eb%93%9c%eb%b0%94%ec%9d%b4%ec%8a%a4-%eb%b0%8f-%ec%a3%bc%ec%9d%98%ed%95%a0-%ec%a0%90\/","url":"https:\/\/consuladocoreandalucia.com\/ko\/%ec%95%88%eb%8b%ac%eb%a3%a8%ec%8b%9c%ec%95%84-%ea%b4%80%ea%b4%91\/%ec%84%b8%eb%b9%84%ec%95%bc-%ea%b4%80%ea%b4%91\/%ec%84%b8%eb%b9%84%ec%95%bc%ec%97%90-%eb%8f%84%ec%b0%a9%ed%96%88%ec%9d%84-%eb%95%8c%ec%9d%98-%ec%96%b4%eb%93%9c%eb%b0%94%ec%9d%b4%ec%8a%a4-%eb%b0%8f-%ec%a3%bc%ec%9d%98%ed%95%a0-%ec%a0%90\/","name":"Consejos para el coreano en Sevilla | Consulado de Corea en Andaluc\u00eda","isPartOf":{"@id":"https:\/\/consuladocoreandalucia.com\/#website"},"primaryImageOfPage":{"@id":"https:\/\/consuladocoreandalucia.com\/ko\/%ec%95%88%eb%8b%ac%eb%a3%a8%ec%8b%9c%ec%95%84-%ea%b4%80%ea%b4%91\/%ec%84%b8%eb%b9%84%ec%95%bc-%ea%b4%80%ea%b4%91\/%ec%84%b8%eb%b9%84%ec%95%bc%ec%97%90-%eb%8f%84%ec%b0%a9%ed%96%88%ec%9d%84-%eb%95%8c%ec%9d%98-%ec%96%b4%eb%93%9c%eb%b0%94%ec%9d%b4%ec%8a%a4-%eb%b0%8f-%ec%a3%bc%ec%9d%98%ed%95%a0-%ec%a0%90\/#primaryimage"},"image":{"@id":"https:\/\/consuladocoreandalucia.com\/ko\/%ec%95%88%eb%8b%ac%eb%a3%a8%ec%8b%9c%ec%95%84-%ea%b4%80%ea%b4%91\/%ec%84%b8%eb%b9%84%ec%95%bc-%ea%b4%80%ea%b4%91\/%ec%84%b8%eb%b9%84%ec%95%bc%ec%97%90-%eb%8f%84%ec%b0%a9%ed%96%88%ec%9d%84-%eb%95%8c%ec%9d%98-%ec%96%b4%eb%93%9c%eb%b0%94%ec%9d%b4%ec%8a%a4-%eb%b0%8f-%ec%a3%bc%ec%9d%98%ed%95%a0-%ec%a0%90\/#primaryimage"},"thumbnailUrl":"https:\/\/consuladocoreandalucia.com\/wp-content\/uploads\/2019\/01\/transporte-en-Sevilla-1-255x255.jpg","datePublished":"2019-02-05T09:57:27+00:00","dateModified":"2019-04-24T08:26:55+00:00","description":"Qu\u00e9 comprar de regalos en Sevilla. Cu\u00e1ndo venir a Sevilla. Las fecha m\u00e1s se\u00f1aladas para las fiestas tradicionales y medios de transporte en Sevilla.","breadcrumb":{"@id":"https:\/\/consuladocoreandalucia.com\/ko\/%ec%95%88%eb%8b%ac%eb%a3%a8%ec%8b%9c%ec%95%84-%ea%b4%80%ea%b4%91\/%ec%84%b8%eb%b9%84%ec%95%bc-%ea%b4%80%ea%b4%91\/%ec%84%b8%eb%b9%84%ec%95%bc%ec%97%90-%eb%8f%84%ec%b0%a9%ed%96%88%ec%9d%84-%eb%95%8c%ec%9d%98-%ec%96%b4%eb%93%9c%eb%b0%94%ec%9d%b4%ec%8a%a4-%eb%b0%8f-%ec%a3%bc%ec%9d%98%ed%95%a0-%ec%a0%90\/#breadcrumb"},"inLanguage":"ko-KR","potentialAction":[{"@type":"ReadAction","target":["https:\/\/consuladocoreandalucia.com\/ko\/%ec%95%88%eb%8b%ac%eb%a3%a8%ec%8b%9c%ec%95%84-%ea%b4%80%ea%b4%91\/%ec%84%b8%eb%b9%84%ec%95%bc-%ea%b4%80%ea%b4%91\/%ec%84%b8%eb%b9%84%ec%95%bc%ec%97%90-%eb%8f%84%ec%b0%a9%ed%96%88%ec%9d%84-%eb%95%8c%ec%9d%98-%ec%96%b4%eb%93%9c%eb%b0%94%ec%9d%b4%ec%8a%a4-%eb%b0%8f-%ec%a3%bc%ec%9d%98%ed%95%a0-%ec%a0%90\/"]}]},{"@type":"ImageObject","inLanguage":"ko-KR","@id":"https:\/\/consuladocoreandalucia.com\/ko\/%ec%95%88%eb%8b%ac%eb%a3%a8%ec%8b%9c%ec%95%84-%ea%b4%80%ea%b4%91\/%ec%84%b8%eb%b9%84%ec%95%bc-%ea%b4%80%ea%b4%91\/%ec%84%b8%eb%b9%84%ec%95%bc%ec%97%90-%eb%8f%84%ec%b0%a9%ed%96%88%ec%9d%84-%eb%95%8c%ec%9d%98-%ec%96%b4%eb%93%9c%eb%b0%94%ec%9d%b4%ec%8a%a4-%eb%b0%8f-%ec%a3%bc%ec%9d%98%ed%95%a0-%ec%a0%90\/#primaryimage","url":"https:\/\/consuladocoreandalucia.com\/wp-content\/uploads\/2019\/01\/transporte-en-Sevilla-1-255x255.jpg","contentUrl":"https:\/\/consuladocoreandalucia.com\/wp-content\/uploads\/2019\/01\/transporte-en-Sevilla-1-255x255.jpg"},{"@type":"BreadcrumbList","@id":"https:\/\/consuladocoreandalucia.com\/ko\/%ec%95%88%eb%8b%ac%eb%a3%a8%ec%8b%9c%ec%95%84-%ea%b4%80%ea%b4%91\/%ec%84%b8%eb%b9%84%ec%95%bc-%ea%b4%80%ea%b4%91\/%ec%84%b8%eb%b9%84%ec%95%bc%ec%97%90-%eb%8f%84%ec%b0%a9%ed%96%88%ec%9d%84-%eb%95%8c%ec%9d%98-%ec%96%b4%eb%93%9c%eb%b0%94%ec%9d%b4%ec%8a%a4-%eb%b0%8f-%ec%a3%bc%ec%9d%98%ed%95%a0-%ec%a0%90\/#breadcrumb","itemListElement":[{"@type":"ListItem","position":1,"name":"Portada","item":"https:\/\/consuladocoreandalucia.com\/ko\/"},{"@type":"ListItem","position":2,"name":"\uc548\ub2ec\ub8e8\uc2dc\uc544 \uad00\uad11","item":"https:\/\/consuladocoreandalucia.com\/ko\/%ec%95%88%eb%8b%ac%eb%a3%a8%ec%8b%9c%ec%95%84-%ea%b4%80%ea%b4%91\/"},{"@type":"ListItem","position":3,"name":"\uc138\ube44\uc57c \uad00\uad11","item":"https:\/\/consuladocoreandalucia.com\/ko\/%ec%95%88%eb%8b%ac%eb%a3%a8%ec%8b%9c%ec%95%84-%ea%b4%80%ea%b4%91\/%ec%84%b8%eb%b9%84%ec%95%bc-%ea%b4%80%ea%b4%91\/"},{"@type":"ListItem","position":4,"name":"\uc138\ube44\uc57c\uc5d0 \ub3c4\ucc29\ud588\uc744 \ub54c\uc758 \uc5b4\ub4dc\ubc14\uc774\uc2a4 \ubc0f \uc8fc\uc758\ud560 \uc810"}]},{"@type":"WebSite","@id":"https:\/\/consuladocoreandalucia.com\/#website","url":"https:\/\/consuladocoreandalucia.com\/","name":"Consulado de Corea en Andaluc\u00eda","description":"","potentialAction":[{"@type":"SearchAction","target":{"@type":"EntryPoint","urlTemplate":"https:\/\/consuladocoreandalucia.com\/?s={search_term_string}"},"query-input":{"@type":"PropertyValueSpecification","valueRequired":true,"valueName":"search_term_string"}}],"inLanguage":"ko-KR"}]}},"_links":{"self":[{"href":"https:\/\/consuladocoreandalucia.com\/ko\/wp-json\/wp\/v2\/pages\/137237","targetHints":{"allow":["GET"]}}],"collection":[{"href":"https:\/\/consuladocoreandalucia.com\/ko\/wp-json\/wp\/v2\/pages"}],"about":[{"href":"https:\/\/consuladocoreandalucia.com\/ko\/wp-json\/wp\/v2\/types\/page"}],"author":[{"embeddable":true,"href":"https:\/\/consuladocoreandalucia.com\/ko\/wp-json\/wp\/v2\/users\/1"}],"replies":[{"embeddable":true,"href":"https:\/\/consuladocoreandalucia.com\/ko\/wp-json\/wp\/v2\/comments?post=137237"}],"version-history":[{"count":14,"href":"https:\/\/consuladocoreandalucia.com\/ko\/wp-json\/wp\/v2\/pages\/137237\/revisions"}],"predecessor-version":[{"id":137508,"href":"https:\/\/consuladocoreandalucia.com\/ko\/wp-json\/wp\/v2\/pages\/137237\/revisions\/137508"}],"up":[{"embeddable":true,"href":"https:\/\/consuladocoreandalucia.com\/ko\/wp-json\/wp\/v2\/pages\/137211"}],"wp:attachment":[{"href":"https:\/\/consuladocoreandalucia.com\/ko\/wp-json\/wp\/v2\/media?parent=137237"}],"curies":[{"name":"wp","href":"https:\/\/api.w.org\/{rel}","templated":true}]}}