{"id":137230,"date":"2019-02-05T10:56:40","date_gmt":"2019-02-05T09:56:40","guid":{"rendered":"https:\/\/consuladocoreandalucia.com\/?page_id=137230"},"modified":"2019-04-26T11:11:47","modified_gmt":"2019-04-26T10:11:47","slug":"%ea%b7%b8%eb%9d%bc%eb%82%98%eb%8b%a4-%ea%b4%80%ea%b4%91","status":"publish","type":"page","link":"https:\/\/consuladocoreandalucia.com\/ko\/%ec%95%88%eb%8b%ac%eb%a3%a8%ec%8b%9c%ec%95%84-%ea%b4%80%ea%b4%91\/%ea%b7%b8%eb%9d%bc%eb%82%98%eb%8b%a4-%ea%b4%80%ea%b4%91\/","title":{"rendered":"\uadf8\ub77c\ub098\ub2e4 \uad00\uad11"},"content":{"rendered":"<div class=\"wpb-content-wrapper\"><p>[vc_row][vc_column][vc_column_text]\uc774\uc2ac\ub78c \uc138\ub825\uc758 800\ub144\uc758 \ud1b5\uce58\uc758 \ub05d\uc744 \uc7a5\uc2dd \ud55c \uacf3\uc774\uc790, \ucf5c\ub86c\ubc84\uc2a4\uc5d0\uac8c \ud22c\uc790\ud558\uc5ec \ub300\ud56d\uc758 \uc2dc\ub300\ub97c \uc5f4\uace0 \uad6d\ud1a0 \ud68c\ubcf5 \uc6b4\ub3d9\uc73c\ub85c \uc2a4\ud398\uc778 \uad6d\ud1a0\ub97c \ud1b5\uc77c\uc2dc\ud0a8 \uc774\uc0ac\ubca8 \uc5ec\uc655\uc774 \uc7a0\ub4e0 \uacf3\uc73c\ub85c \uc720\uba85 \ud55c \uacf3\uc785\ub2c8\ub2e4. \uc2dc\uc5d0\ub77c \ub124\ubc14\ub2e4 \uc0b0\ub9e5 \ubd81\ucabd\uc5d0 \uc704\uce58\ud558\uba70 \uace0\uc9c0\ub300\uc5d0 \uc704\uce58\ud55c \uace0\ub300 \ub3c4\uc2dc\uc785\ub2c8\ub2e4.<\/p>\n<p><strong>\uc720\ub7fd\uc5d0 \ud604\uc874\ud558\ub294 \uc774\uc2ac\ub78c \uac74\ucd95 \uc911 \ucd5c\uace0\uc758 \uac78\uc791\uc778 \uc54c\ud568\ube0c\ub77c \uad81\uc804<\/strong>\uacfc \uc2a4\ud398\uc778\uc758 \ubb34\uc801\ud568\ub300 \uc2dc\ub300\ub97c \uc774\ub04c\uc5c8\ub358 \uc774\uc0ac\ubca8 \uc5ec\uc655\uacfc \ud398\ub974\ub09c\ub3c4 \uc655\uc774 \uc7a0\ub4e4\uc5b4 \uc788\ub294 \ub300\uc131\ub2f9\uc758 \uc655\uc2e4 \uc608\ubc30\ub2f9, \uc720\ub124\uc2a4\ucf54 \uc720\uc0b0\uc73c\ub85c \uc9c0\uc815 \ub41c \uc61b\ub0a0 \uadf8\ub77c\ub098\ub2e4\uc758 \ubaa8\uc2b5\uc744 \ubcfc \uc218 \uc788\ub294 \uc54c\ubc14\uc774\uc2e0\uc9c0\uad6c, \uc774\uc2ac\ub78c \uc138\ub825\uc744 \ubab0\uc544\ub0b4\ub294 \ub370 \uacf5\ud5cc \ud55c \uc9d1\uc2dc \ub4e4\uc5d0\uac8c \uc815\ucc29\ud560 \uc218 \uc788\ub3c4\ub85d \ud5c8\uac00\ud558\uc5ec \uadf8\uacf3\uc5d0 \uc0ac\ub294 \uc9d1\uc2dc\ub4e4\uc758 \ub3d9\uad74 \ud50c\ub77c\uba69\ucf54\uac00 \uc720\uba85\ud55c \uc0ac\ud06c\ub85c\ubaac\ud14c \ub4f1 \uc5ec\ub7ec \uc720\uc11c\uae4a\uc740 \uc7a5\uc18c\ub97c \ub9cc\ub098\ubcfc \uc218 \uc788\uc2b5\ub2c8\ub2e4.<\/p>\n<p><strong>\uadf8\ub77c\ub098\ub2e4\ub294 \uc544\uc9c1\ub3c4 \uc774\uc2ac\ub78c\uc758 \uc815\ucde8\uac00 \uae4a\uc774 \ub0a8\uc544\uc788\ub294 \uacf3<\/strong>\uc73c\ub85c, \uc544\ub78d \ud2b9\uc720\uc758 \uc218\uacf5\uc608\uac00 \ubc1c\ub2ec \ub418\uc5b4 \uc788\uc2b5\ub2c8\ub2e4. \ub610\ud55c \uc544\ub78d\uc2dd \uc0c1\uc810\uc774\ub098 \uc5ec\ub7ec \uc81c\ud488\uc744 \ub9cc\ub098 \ubcfc \uc218 \uc788\uc2b5\ub2c8\ub2e4.<\/p>\n<p><strong>\uc548\ub2ec\ub8e8\uc2dc\uc544\uc9c0\ubc29 \ud2b9\uc720\uc758 \ud0c0\ud30c\uc2a4 \ubb38\ud654\ub97c \uc990\uae38 \uc218 \uc788\uc2b5\ub2c8\ub2e4.<\/strong> \ud2b9\ud788 \uadf8\ub77c\ub098\ub2e4\ub294 \ub2e4\ub978 \uc9c0\uc5ed\uacfc \ub2e4\ub974\uac8c \uc74c\ub8cc\ub97c \uc8fc\ubb38\ud558\uba74 \ubb34\ub8cc\ub85c \ud0c0\ud30c\uc2a4\ub97c \uc8fc\ub294 \uac00\uac8c\uac00 \ub9ce\uc544 \ub9ce\uc740 \uad00\uad11\uac1d\ub4e4\uc774 \uc5ec\ub7ec \ubc14\ub97c \ub3cc\uc544\ub2e4\ub2c8\uba70 \ud0c0\ud30c\uc2a4 \ud22c\uc5b4\ub97c \uc990\uae30\uae30\ub3c4 \ud569\ub2c8\ub2e4.[\/vc_column_text][\/vc_column][\/vc_row][vc_row][vc_column width=&#8221;1\/4&#8243;][vc_single_image image=&#8221;137233&#8243; img_size=&#8221;300&#215;300&#8243;][\/vc_column][vc_column width=&#8221;1\/4&#8243;][vc_column_text]<\/p>\n<h2>\uadf8\ub77c\ub098\ub2e4\uc5d0\uc11c \uaf2d \uba39\uc5b4\ubd10\uc57c \ud560 \uac83\ub4e4<\/h2>\n<p>\ub9db\uc788\uace0 \ud569\ub9ac\uc801\uc778 \uac00\uaca9\uc758 \uc2a4\ud398\uc778 \uc74c\uc2dd\uc744 \ub9cc\ub098\uc2e4 \uc218 \uc788\uc2b5\ub2c8\ub2e4.<br \/>\n[\/vc_column_text][vc_btn title=&#8221;\ub354\ubcf4\uae30&#8221; style=&#8221;outline-custom&#8221; outline_custom_color=&#8221;#cccccc&#8221; outline_custom_hover_background=&#8221;#666666&#8243; outline_custom_hover_text=&#8221;#ffffff&#8221; link=&#8221;url:https%3A%2F%2Fconsuladocoreandalucia.com%2Fko%2F%25EC%2595%2588%25EB%258B%25AC%25EB%25A3%25A8%25EC%258B%259C%25EC%2595%2584-%25EA%25B4%2580%25EA%25B4%2591%2F%25EA%25B7%25B8%25EB%259D%25BC%25EB%2582%2598%25EB%258B%25A4-%25EA%25B4%2580%25EA%25B4%2591%2F%25EA%25B7%25B8%25EB%259D%25BC%25EB%2582%2598%25EB%258B%25A4%25EC%2597%2590%25EC%2584%259C-%25EB%25A8%25B9%25EC%259D%2584-%25EA%25B3%25B3%2F|||&#8221;][\/vc_column][vc_column width=&#8221;1\/4&#8243;][vc_single_image image=&#8221;137234&#8243; img_size=&#8221;300&#215;300&#8243;][\/vc_column][vc_column width=&#8221;1\/4&#8243;][vc_column_text]<\/p>\n<h2>\uadf8\ub77c\ub098\ub2e4 \uc5ec\ud589 \uc2dc \uc720\uc6a9\ud55c \uc815\ubcf4<\/h2>\n<p>\uadf8\ub77c\ub098\ub2e4\uc758\u00a0\uc911\uc2ec\ubd80\uc640 \uadf8 \uc8fc\ubcc0\uc758 \uad50\ud1b5 \ubc0f \uc720\uc6a9\ud55c \uc815\ubcf4\ub97c \uc81c\uacf5\ud574 \ub4dc\ub9bd\ub2c8\ub2e4.[\/vc_column_text][vc_btn title=&#8221;\ub354\ubcf4\uae30&#8221; style=&#8221;outline-custom&#8221; outline_custom_color=&#8221;#cccccc&#8221; outline_custom_hover_background=&#8221;#666666&#8243; outline_custom_hover_text=&#8221;#ffffff&#8221; link=&#8221;url:https%3A%2F%2Fconsuladocoreandalucia.com%2Fko%2F%25EC%2595%2588%25EB%258B%25AC%25EB%25A3%25A8%25EC%258B%259C%25EC%2595%2584-%25EA%25B4%2580%25EA%25B4%2591%2F%25EA%25B7%25B8%25EB%259D%25BC%25EB%2582%2598%25EB%258B%25A4-%25EA%25B4%2580%25EA%25B4%2591%2F%25EA%25B7%25B8%25EB%259D%25BC%25EB%2582%2598%25EB%258B%25A4%25EC%259D%2598-%25EA%25B5%2590%25ED%2586%25B5%2F|||&#8221;][\/vc_column][\/vc_row][vc_row][vc_column width=&#8221;1\/4&#8243;][vc_single_image image=&#8221;137235&#8243; img_size=&#8221;300&#215;300&#8243;][\/vc_column][vc_column width=&#8221;1\/4&#8243;][vc_column_text]<\/p>\n<h2>\uaf2d \uac00\ubd10\uc57c \ud560 \uadf8\ub77c\ub098\ub2e4 \uba85\uc18c<\/h2>\n<p>\uc774 \ub3c4\uc2dc\uc758 \uac00\uc7a5 \uc0c1\uc9d5\uc801\uc778 \uc720\uc801\uc5d0 \ub300\ud574 \uc124\uba85 \ud574 \ub4dc\ub9bd\ub2c8\ub2e4.<br \/>\n[\/vc_column_text][vc_btn title=&#8221;\ub354\ubcf4\uae30&#8221; style=&#8221;outline-custom&#8221; outline_custom_color=&#8221;#cccccc&#8221; outline_custom_hover_background=&#8221;#666666&#8243; outline_custom_hover_text=&#8221;#ffffff&#8221; link=&#8221;url:https%3A%2F%2Fconsuladocoreandalucia.com%2Fko%2F%25EC%2595%2588%25EB%258B%25AC%25EB%25A3%25A8%25EC%258B%259C%25EC%2595%2584-%25EA%25B4%2580%25EA%25B4%2591%2F%25EA%25B7%25B8%25EB%259D%25BC%25EB%2582%2598%25EB%258B%25A4-%25EA%25B4%2580%25EA%25B4%2591%2F%25EA%25B7%25B8%25EB%259D%25BC%25EB%2582%2598%25EB%258B%25A4-%25EA%25B8%25B0%25EB%2585%2590%25EB%25AC%25BC%2F|||&#8221;][\/vc_column][vc_column width=&#8221;1\/4&#8243;][\/vc_column][vc_column width=&#8221;1\/4&#8243;][\/vc_column][\/vc_row]<\/p>\n<\/div>","protected":false},"excerpt":{"rendered":"<p>[vc_row][vc_column][vc_column_text]\uc774\uc2ac\ub78c \uc138\ub825\uc758 800\ub144\uc758 \ud1b5\uce58\uc758 \ub05d\uc744 \uc7a5\uc2dd \ud55c \uacf3\uc774\uc790, \ucf5c\ub86c\ubc84\uc2a4\uc5d0\uac8c \ud22c\uc790\ud558\uc5ec \ub300\ud56d\uc758 \uc2dc\ub300\ub97c \uc5f4\uace0 \uad6d\ud1a0 \ud68c\ubcf5 \uc6b4\ub3d9\uc73c\ub85c \uc2a4\ud398\uc778 \uad6d\ud1a0\ub97c \ud1b5\uc77c\uc2dc\ud0a8 \uc774\uc0ac\ubca8 \uc5ec\uc655\uc774 \uc7a0\ub4e0 \uacf3\uc73c\ub85c \uc720\uba85 \ud55c \uacf3\uc785\ub2c8\ub2e4. \uc2dc\uc5d0\ub77c \ub124\ubc14\ub2e4 \uc0b0\ub9e5 \ubd81\ucabd\uc5d0 \uc704\uce58\ud558\uba70 \uace0\uc9c0\ub300\uc5d0 \uc704\uce58\ud55c \uace0\ub300 \ub3c4\uc2dc\uc785\ub2c8\ub2e4. \uc720\ub7fd\uc5d0 \ud604\uc874\ud558\ub294 \uc774\uc2ac\ub78c \uac74\ucd95 \uc911 \ucd5c\uace0\uc758 \uac78\uc791\uc778 \uc54c\ud568\ube0c\ub77c \uad81\uc804\uacfc \uc2a4\ud398\uc778\uc758 \ubb34\uc801\ud568\ub300 \uc2dc\ub300\ub97c \uc774\ub04c\uc5c8\ub358 \uc774\uc0ac\ubca8 \uc5ec\uc655\uacfc \ud398\ub974\ub09c\ub3c4 \uc655\uc774 \uc7a0\ub4e4\uc5b4 \uc788\ub294 \ub300\uc131\ub2f9\uc758 [&hellip;]<\/p>\n","protected":false},"author":1,"featured_media":0,"parent":137201,"menu_order":0,"comment_status":"closed","ping_status":"closed","template":"","meta":{"footnotes":""},"class_list":["post-137230","page","type-page","status-publish","hentry"],"yoast_head":"<!-- This site is optimized with the Yoast SEO plugin v27.3 - https:\/\/yoast.com\/product\/yoast-seo-wordpress\/ -->\n<title>Conoce el turismo de Granada | Consulado de Corea en Andaluc\u00eda<\/title>\n<meta name=\"description\" content=\"Turismo en Granada para coreanos. D\u00f3nde comer en Granada. Monumentos en Granada. Informaci\u00f3n \u00fatil y medios de transporte cuando visitas Granada.\" \/>\n<meta name=\"robots\" content=\"index, follow, max-snippet:-1, max-image-preview:large, max-video-preview:-1\" \/>\n<link rel=\"canonical\" href=\"https:\/\/consuladocoreandalucia.com\/ko\/\uc548\ub2ec\ub8e8\uc2dc\uc544-\uad00\uad11\/\uadf8\ub77c\ub098\ub2e4-\uad00\uad11\/\" \/>\n<meta property=\"og:locale\" content=\"ko_KR\" \/>\n<meta property=\"og:type\" content=\"article\" \/>\n<meta property=\"og:title\" content=\"Conoce el turismo de Granada | Consulado de Corea en Andaluc\u00eda\" \/>\n<meta property=\"og:description\" content=\"Turismo en Granada para coreanos. D\u00f3nde comer en Granada. Monumentos en Granada. Informaci\u00f3n \u00fatil y medios de transporte cuando visitas Granada.\" \/>\n<meta property=\"og:url\" content=\"https:\/\/consuladocoreandalucia.com\/ko\/\uc548\ub2ec\ub8e8\uc2dc\uc544-\uad00\uad11\/\uadf8\ub77c\ub098\ub2e4-\uad00\uad11\/\" \/>\n<meta property=\"og:site_name\" content=\"Consulado de Corea en Andaluc\u00eda\" \/>\n<meta property=\"article:modified_time\" content=\"2019-04-26T10:11:47+00:00\" \/>\n<meta name=\"twitter:card\" content=\"summary_large_image\" \/>\n<meta name=\"twitter:label1\" content=\"\uc608\uc0c1 \ub418\ub294 \ud310\ub3c5 \uc2dc\uac04\" \/>\n\t<meta name=\"twitter:data1\" content=\"2\ubd84\" \/>\n<script type=\"application\/ld+json\" class=\"yoast-schema-graph\">{\"@context\":\"https:\\\/\\\/schema.org\",\"@graph\":[{\"@type\":\"WebPage\",\"@id\":\"https:\\\/\\\/consuladocoreandalucia.com\\\/ko\\\/%ec%95%88%eb%8b%ac%eb%a3%a8%ec%8b%9c%ec%95%84-%ea%b4%80%ea%b4%91\\\/%ea%b7%b8%eb%9d%bc%eb%82%98%eb%8b%a4-%ea%b4%80%ea%b4%91\\\/\",\"url\":\"https:\\\/\\\/consuladocoreandalucia.com\\\/ko\\\/%ec%95%88%eb%8b%ac%eb%a3%a8%ec%8b%9c%ec%95%84-%ea%b4%80%ea%b4%91\\\/%ea%b7%b8%eb%9d%bc%eb%82%98%eb%8b%a4-%ea%b4%80%ea%b4%91\\\/\",\"name\":\"Conoce el turismo de Granada | Consulado de Corea en Andaluc\u00eda\",\"isPartOf\":{\"@id\":\"https:\\\/\\\/consuladocoreandalucia.com\\\/#website\"},\"datePublished\":\"2019-02-05T09:56:40+00:00\",\"dateModified\":\"2019-04-26T10:11:47+00:00\",\"description\":\"Turismo en Granada para coreanos. D\u00f3nde comer en Granada. Monumentos en Granada. Informaci\u00f3n \u00fatil y medios de transporte cuando visitas Granada.\",\"breadcrumb\":{\"@id\":\"https:\\\/\\\/consuladocoreandalucia.com\\\/ko\\\/%ec%95%88%eb%8b%ac%eb%a3%a8%ec%8b%9c%ec%95%84-%ea%b4%80%ea%b4%91\\\/%ea%b7%b8%eb%9d%bc%eb%82%98%eb%8b%a4-%ea%b4%80%ea%b4%91\\\/#breadcrumb\"},\"inLanguage\":\"ko-KR\",\"potentialAction\":[{\"@type\":\"ReadAction\",\"target\":[\"https:\\\/\\\/consuladocoreandalucia.com\\\/ko\\\/%ec%95%88%eb%8b%ac%eb%a3%a8%ec%8b%9c%ec%95%84-%ea%b4%80%ea%b4%91\\\/%ea%b7%b8%eb%9d%bc%eb%82%98%eb%8b%a4-%ea%b4%80%ea%b4%91\\\/\"]}]},{\"@type\":\"BreadcrumbList\",\"@id\":\"https:\\\/\\\/consuladocoreandalucia.com\\\/ko\\\/%ec%95%88%eb%8b%ac%eb%a3%a8%ec%8b%9c%ec%95%84-%ea%b4%80%ea%b4%91\\\/%ea%b7%b8%eb%9d%bc%eb%82%98%eb%8b%a4-%ea%b4%80%ea%b4%91\\\/#breadcrumb\",\"itemListElement\":[{\"@type\":\"ListItem\",\"position\":1,\"name\":\"Portada\",\"item\":\"https:\\\/\\\/consuladocoreandalucia.com\\\/ko\\\/\"},{\"@type\":\"ListItem\",\"position\":2,\"name\":\"\uc548\ub2ec\ub8e8\uc2dc\uc544 \uad00\uad11\",\"item\":\"https:\\\/\\\/consuladocoreandalucia.com\\\/ko\\\/%ec%95%88%eb%8b%ac%eb%a3%a8%ec%8b%9c%ec%95%84-%ea%b4%80%ea%b4%91\\\/\"},{\"@type\":\"ListItem\",\"position\":3,\"name\":\"\uadf8\ub77c\ub098\ub2e4 \uad00\uad11\"}]},{\"@type\":\"WebSite\",\"@id\":\"https:\\\/\\\/consuladocoreandalucia.com\\\/#website\",\"url\":\"https:\\\/\\\/consuladocoreandalucia.com\\\/\",\"name\":\"Consulado de Corea en Andaluc\u00eda\",\"description\":\"\",\"potentialAction\":[{\"@type\":\"SearchAction\",\"target\":{\"@type\":\"EntryPoint\",\"urlTemplate\":\"https:\\\/\\\/consuladocoreandalucia.com\\\/?s={search_term_string}\"},\"query-input\":{\"@type\":\"PropertyValueSpecification\",\"valueRequired\":true,\"valueName\":\"search_term_string\"}}],\"inLanguage\":\"ko-KR\"}]}<\/script>\n<!-- \/ Yoast SEO plugin. -->","yoast_head_json":{"title":"Conoce el turismo de Granada | Consulado de Corea en Andaluc\u00eda","description":"Turismo en Granada para coreanos. D\u00f3nde comer en Granada. Monumentos en Granada. Informaci\u00f3n \u00fatil y medios de transporte cuando visitas Granada.","robots":{"index":"index","follow":"follow","max-snippet":"max-snippet:-1","max-image-preview":"max-image-preview:large","max-video-preview":"max-video-preview:-1"},"canonical":"https:\/\/consuladocoreandalucia.com\/ko\/\uc548\ub2ec\ub8e8\uc2dc\uc544-\uad00\uad11\/\uadf8\ub77c\ub098\ub2e4-\uad00\uad11\/","og_locale":"ko_KR","og_type":"article","og_title":"Conoce el turismo de Granada | Consulado de Corea en Andaluc\u00eda","og_description":"Turismo en Granada para coreanos. D\u00f3nde comer en Granada. Monumentos en Granada. Informaci\u00f3n \u00fatil y medios de transporte cuando visitas Granada.","og_url":"https:\/\/consuladocoreandalucia.com\/ko\/\uc548\ub2ec\ub8e8\uc2dc\uc544-\uad00\uad11\/\uadf8\ub77c\ub098\ub2e4-\uad00\uad11\/","og_site_name":"Consulado de Corea en Andaluc\u00eda","article_modified_time":"2019-04-26T10:11:47+00:00","twitter_card":"summary_large_image","twitter_misc":{"\uc608\uc0c1 \ub418\ub294 \ud310\ub3c5 \uc2dc\uac04":"2\ubd84"},"schema":{"@context":"https:\/\/schema.org","@graph":[{"@type":"WebPage","@id":"https:\/\/consuladocoreandalucia.com\/ko\/%ec%95%88%eb%8b%ac%eb%a3%a8%ec%8b%9c%ec%95%84-%ea%b4%80%ea%b4%91\/%ea%b7%b8%eb%9d%bc%eb%82%98%eb%8b%a4-%ea%b4%80%ea%b4%91\/","url":"https:\/\/consuladocoreandalucia.com\/ko\/%ec%95%88%eb%8b%ac%eb%a3%a8%ec%8b%9c%ec%95%84-%ea%b4%80%ea%b4%91\/%ea%b7%b8%eb%9d%bc%eb%82%98%eb%8b%a4-%ea%b4%80%ea%b4%91\/","name":"Conoce el turismo de Granada | Consulado de Corea en Andaluc\u00eda","isPartOf":{"@id":"https:\/\/consuladocoreandalucia.com\/#website"},"datePublished":"2019-02-05T09:56:40+00:00","dateModified":"2019-04-26T10:11:47+00:00","description":"Turismo en Granada para coreanos. D\u00f3nde comer en Granada. Monumentos en Granada. Informaci\u00f3n \u00fatil y medios de transporte cuando visitas Granada.","breadcrumb":{"@id":"https:\/\/consuladocoreandalucia.com\/ko\/%ec%95%88%eb%8b%ac%eb%a3%a8%ec%8b%9c%ec%95%84-%ea%b4%80%ea%b4%91\/%ea%b7%b8%eb%9d%bc%eb%82%98%eb%8b%a4-%ea%b4%80%ea%b4%91\/#breadcrumb"},"inLanguage":"ko-KR","potentialAction":[{"@type":"ReadAction","target":["https:\/\/consuladocoreandalucia.com\/ko\/%ec%95%88%eb%8b%ac%eb%a3%a8%ec%8b%9c%ec%95%84-%ea%b4%80%ea%b4%91\/%ea%b7%b8%eb%9d%bc%eb%82%98%eb%8b%a4-%ea%b4%80%ea%b4%91\/"]}]},{"@type":"BreadcrumbList","@id":"https:\/\/consuladocoreandalucia.com\/ko\/%ec%95%88%eb%8b%ac%eb%a3%a8%ec%8b%9c%ec%95%84-%ea%b4%80%ea%b4%91\/%ea%b7%b8%eb%9d%bc%eb%82%98%eb%8b%a4-%ea%b4%80%ea%b4%91\/#breadcrumb","itemListElement":[{"@type":"ListItem","position":1,"name":"Portada","item":"https:\/\/consuladocoreandalucia.com\/ko\/"},{"@type":"ListItem","position":2,"name":"\uc548\ub2ec\ub8e8\uc2dc\uc544 \uad00\uad11","item":"https:\/\/consuladocoreandalucia.com\/ko\/%ec%95%88%eb%8b%ac%eb%a3%a8%ec%8b%9c%ec%95%84-%ea%b4%80%ea%b4%91\/"},{"@type":"ListItem","position":3,"name":"\uadf8\ub77c\ub098\ub2e4 \uad00\uad11"}]},{"@type":"WebSite","@id":"https:\/\/consuladocoreandalucia.com\/#website","url":"https:\/\/consuladocoreandalucia.com\/","name":"Consulado de Corea en Andaluc\u00eda","description":"","potentialAction":[{"@type":"SearchAction","target":{"@type":"EntryPoint","urlTemplate":"https:\/\/consuladocoreandalucia.com\/?s={search_term_string}"},"query-input":{"@type":"PropertyValueSpecification","valueRequired":true,"valueName":"search_term_string"}}],"inLanguage":"ko-KR"}]}},"_links":{"self":[{"href":"https:\/\/consuladocoreandalucia.com\/ko\/wp-json\/wp\/v2\/pages\/137230","targetHints":{"allow":["GET"]}}],"collection":[{"href":"https:\/\/consuladocoreandalucia.com\/ko\/wp-json\/wp\/v2\/pages"}],"about":[{"href":"https:\/\/consuladocoreandalucia.com\/ko\/wp-json\/wp\/v2\/types\/page"}],"author":[{"embeddable":true,"href":"https:\/\/consuladocoreandalucia.com\/ko\/wp-json\/wp\/v2\/users\/1"}],"replies":[{"embeddable":true,"href":"https:\/\/consuladocoreandalucia.com\/ko\/wp-json\/wp\/v2\/comments?post=137230"}],"version-history":[{"count":17,"href":"https:\/\/consuladocoreandalucia.com\/ko\/wp-json\/wp\/v2\/pages\/137230\/revisions"}],"predecessor-version":[{"id":137637,"href":"https:\/\/consuladocoreandalucia.com\/ko\/wp-json\/wp\/v2\/pages\/137230\/revisions\/137637"}],"up":[{"embeddable":true,"href":"https:\/\/consuladocoreandalucia.com\/ko\/wp-json\/wp\/v2\/pages\/137201"}],"wp:attachment":[{"href":"https:\/\/consuladocoreandalucia.com\/ko\/wp-json\/wp\/v2\/media?parent=137230"}],"curies":[{"name":"wp","href":"https:\/\/api.w.org\/{rel}","templated":true}]}}