{"id":137197,"date":"2019-02-05T10:11:34","date_gmt":"2019-02-05T09:11:34","guid":{"rendered":"https:\/\/consuladocoreandalucia.com\/?page_id=137197"},"modified":"2019-04-26T09:33:57","modified_gmt":"2019-04-26T08:33:57","slug":"%ed%95%9c%ea%b5%ad%ea%b3%bc-%ec%8a%a4%ed%8e%98%ec%9d%b8%ec%9d%98-%ea%b4%80%ea%b3%84%ea%b0%80-%ec%96%b4%eb%96%bb%ea%b2%8c-%eb%b0%9c%ec%a0%84-%eb%90%98%ec%96%b4%ea%b0%80%ea%b3%a0-%ec%9e%88%eb%8a%94","status":"publish","type":"page","link":"https:\/\/consuladocoreandalucia.com\/ko\/%ec%82%ac%ec%97%85-%ea%b8%b0%ed%9a%8c\/%ed%95%9c%ea%b5%ad%ea%b3%bc-%ec%8a%a4%ed%8e%98%ec%9d%b8%ec%9d%98-%ea%b4%80%ea%b3%84%ea%b0%80-%ec%96%b4%eb%96%bb%ea%b2%8c-%eb%b0%9c%ec%a0%84-%eb%90%98%ec%96%b4%ea%b0%80%ea%b3%a0-%ec%9e%88%eb%8a%94\/","title":{"rendered":"\ud55c\uad6d\uacfc \uc2a4\ud398\uc778\uc758 \uad00\uacc4\uac00 \uc5b4\ub5bb\uac8c \ubc1c\uc804 \ub418\uc5b4\uac00\uace0 \uc788\ub294\uac00?"},"content":{"rendered":"<div class=\"wpb-content-wrapper\"><p>[vc_row][vc_column][vc_column_text]<\/p>\r\n<div class=\"wp-block-image\">\r\n<figure class=\"alignleft\"><img loading=\"lazy\" decoding=\"async\" width=\"255\" height=\"255\" class=\"wp-image-137020\" src=\"https:\/\/consuladocoreandalucia.com\/wp-content\/uploads\/2019\/01\/Evoluci\u00f3n-relaciones-Corea-y-Andaluc\u00eda-255x255.jpg\" alt=\"\" srcset=\"https:\/\/consuladocoreandalucia.com\/wp-content\/uploads\/2019\/01\/Evoluci\u00f3n-relaciones-Corea-y-Andaluc\u00eda-255x255.jpg 255w, https:\/\/consuladocoreandalucia.com\/wp-content\/uploads\/2019\/01\/Evoluci\u00f3n-relaciones-Corea-y-Andaluc\u00eda-150x150.jpg 150w, https:\/\/consuladocoreandalucia.com\/wp-content\/uploads\/2019\/01\/Evoluci\u00f3n-relaciones-Corea-y-Andaluc\u00eda-50x50.jpg 50w, https:\/\/consuladocoreandalucia.com\/wp-content\/uploads\/2019\/01\/Evoluci\u00f3n-relaciones-Corea-y-Andaluc\u00eda-80x80.jpg 80w, https:\/\/consuladocoreandalucia.com\/wp-content\/uploads\/2019\/01\/Evoluci\u00f3n-relaciones-Corea-y-Andaluc\u00eda-263x263.jpg 263w, https:\/\/consuladocoreandalucia.com\/wp-content\/uploads\/2019\/01\/Evoluci\u00f3n-relaciones-Corea-y-Andaluc\u00eda-100x100.jpg 100w, https:\/\/consuladocoreandalucia.com\/wp-content\/uploads\/2019\/01\/Evoluci\u00f3n-relaciones-Corea-y-Andaluc\u00eda-526x526.jpg 526w\" sizes=\"auto, (max-width: 255px) 100vw, 255px\" \/><\/figure>\r\n<\/div>\r\n<div class=\"event-content\">\r\n<div class=\"content-dropcap\">\r\n<p>1950\ub144 6.25 \uc804\uc7c1 \ubc1c\ubc1c \ub2f9\uc2dc \ud504\ub791\ucf54 \uc815\uad8c\uc774 \ub300\uaddc\ubaa8 \uad70\ub300\ub97c \ud30c\ubcd1\ud574 \ud55c\uad6d\uc744 \uc9c0\uc6d0\ud558\ub824 \ud588\uc73c\ub098 \uc720\uc5d4\uc758 \uc81c\uc7ac\ub85c \uc2e4\ud604\ub418\uc9c0 \ubabb\ud588\ub2e4\uace0 \ud569\ub2c8\ub2e4. \ud55c\uad6d\uacfc \uc2a4\ud398\uc778\uc774 \uc218\uad50\ub97c \uc2dc\uc791\ud55c\uc9c0 63\uc8fc\ub144\uc774 \ub418\uc5c8\uc2b5\ub2c8\ub2e4.<\/p>\r\n<p>\uc2a4\ud398\uc778\uacfc \ud55c\uad6d\uc758 \uacf5\ud1b5\uc810\uc740 \ucc38 \ub9ce\uc2b5\ub2c8\ub2e4.<\/p>\r\n<p>\ub458\ub2e4 \ubc18\ub3c4 \uad6d\uac00\ub77c\ub294 \uc810. \uad6d\ud1a0\uc758 \ub113\uc774\ub3c4 \ube44\uc2b7\ud569\ub2c8\ub2e4.<\/p>\r\n<p>\uacbd\uc81c \uaddc\ubaa8\ub3c4 \ube44\uc2b7\ud558\uace0 \uc5ed\uc0ac\uc758 \uacf5\ud1b5\uc810\uc774 \ub9ce\uc2b5\ub2c8\ub2e4.<\/p>\r\n<\/div>\r\n<\/div>\r\n<!-- \/wp:post-content --><!-- \/wp:paragraph -->\r\n<p><!-- wp:paragraph -->IMF\ub098 \ubd88\ud669 \uac19\uc740 \uacbd\uc81c\uc801\uc778 \uc5b4\ub824\uc6c0\uc744 \uacaa\uae30\ub3c4 \ud558\uc600\uc2b5\ub2c8\ub2e4.<\/p>\r\n<p><!-- \/wp:paragraph -->\uacbd\uc81c\uc801\uc778 \ubd80\ubd84\uc5d0\uc11c\ub294 \ub77c\ud2f4 \uc544\uba54\ub9ac\uce74\uc5d0 \ub300\ud574\uc11c \uc591\uad6d\uc758 \uc774\ud574\uad00\uacc4\uac00 \uc77c\uce58 \ud569\ub2c8\ub2e4.<\/p>\r\n<p>\uc591\uad6d\uc740 \ub179\uc0c9 \uc131\uc7a5 \ubd84\uc57c\uc5d0\uc11c \ud65c\ubc1c\ud55c \uad50\ub958\ub97c \ud558\uace0\uc788\uc2b5\ub2c8\ub2e4.<\/p>\r\n<p>\ub610\ud55c \ud328\uc158, \uc640\uc778, \uc758\ub958 \ub4f1 \uac01\uc885 \uc778\ud504\ub77c\ub97c \uac74\uc124\ud558\uace0 \uc788\uc73c\uba70, \ucd5c\uadfc \uc2a4\ud398\uc778\uacfc \ud55c\uad6d \uc6cc\ud0b9\ud640\ub9ac\ub370\uc774 \ud611\uc815\ub3c4 \ub9fa\uc5c8\uc2b5\ub2c8\ub2e4.<\/p>\r\n<p>\uadf8\ub9ac\uace0 \uc2a4\ud398\uc778\uc758 \ud55c\uad6d \uc218\ucd9c\uc740 103 % \uc99d\uac00\ud558\uc5ec 18 \uc5b5 \uc720\ub85c\ub97c \ub118\uc5b4\uc11c\uba74\uc11c 3\uc5b5 600\ub9cc\uc720\ub85c\uc758 \uae0d\uc815\uc801\uc778 \uade0\ud615\uc744 \uc774\ub8e8\uc5c8\uc2b5\ub2c8\ub2e4. \uc774\uac83\uc740 2014 \ub144\uc5d0 \uc2a4\ud398\uc778\uc774 2013 \ub144\uc5d0 \uc218\ucd9c \ud55c \ucd1d \uc218\uc785\uc774 1\uc5b5 8000\ub9cc \uc720\ub85c\ub85c \ub450 \ubc30 \uc774\uc0c1 \uc99d\uac00 \ud560 \uac83\uc774\uace0 \ub610\ud55c 140 %\uc758 \uc99d\uac00\ub97c \uc758\ubbf8\ud558\uac8c \ub420 \uac83\uc785\ub2c8\ub2e4.<\/p>\r\n<p>\ucd5c\uadfc \ud2b9\ud788 \ud55c\uad6d\uc778\uc758 \uc2a4\ud398\uc778 \ubc29\ubb38\uc774 \ud06c\uac8c \ub298\uc5b4\ub098\uba74\uc11c, \uc55e\uc73c\ub85c\uc758 \ub450 \uad6d\uac00\uac04\uc758 \uad00\uacc4 \ubc1c\uc804\uc774 \ud06c\uac8c \uae30\ub300 \ub418\uace0 \uc788\uc2b5\ub2c8\ub2e4.<\/p>\r\n<p>[\/vc_column_text][\/vc_column][\/vc_row]<\/p><\/div>","protected":false},"excerpt":{"rendered":"<p>[vc_row][vc_column][vc_column_text]1950\ub144 6.25 \uc804\uc7c1 \ubc1c\ubc1c \ub2f9\uc2dc \ud504\ub791\ucf54 \uc815\uad8c\uc774 \ub300\uaddc\ubaa8 \uad70\ub300\ub97c \ud30c\ubcd1\ud574 \ud55c\uad6d\uc744 \uc9c0\uc6d0\ud558\ub824 \ud588\uc73c\ub098 \uc720\uc5d4\uc758 \uc81c\uc7ac\ub85c \uc2e4\ud604\ub418\uc9c0 \ubabb\ud588\ub2e4\uace0 \ud569\ub2c8\ub2e4. \ud55c\uad6d\uacfc \uc2a4\ud398\uc778\uc774 \uc218\uad50\ub97c \uc2dc\uc791\ud55c\uc9c0 63\uc8fc\ub144\uc774 \ub418\uc5c8\uc2b5\ub2c8\ub2e4. \uc2a4\ud398\uc778\uacfc \ud55c\uad6d\uc758 \uacf5\ud1b5\uc810\uc740 \ucc38 \ub9ce\uc2b5\ub2c8\ub2e4. \ub458\ub2e4 \ubc18\ub3c4 \uad6d\uac00\ub77c\ub294 \uc810. \uad6d\ud1a0\uc758 \ub113\uc774\ub3c4 \ube44\uc2b7\ud569\ub2c8\ub2e4. \uacbd\uc81c \uaddc\ubaa8\ub3c4 \ube44\uc2b7\ud558\uace0 \uc5ed\uc0ac\uc758 \uacf5\ud1b5\uc810\uc774 \ub9ce\uc2b5\ub2c8\ub2e4. IMF\ub098 \ubd88\ud669 \uac19\uc740 \uacbd\uc81c\uc801\uc778 \uc5b4\ub824\uc6c0\uc744 \uacaa\uae30\ub3c4 \ud558\uc600\uc2b5\ub2c8\ub2e4. \uacbd\uc81c\uc801\uc778 \ubd80\ubd84\uc5d0\uc11c\ub294 \ub77c\ud2f4 \uc544\uba54\ub9ac\uce74\uc5d0 \ub300\ud574\uc11c \uc591\uad6d\uc758 [&hellip;]<\/p>\n","protected":false},"author":1,"featured_media":0,"parent":137175,"menu_order":0,"comment_status":"closed","ping_status":"closed","template":"","meta":{"footnotes":""},"class_list":["post-137197","page","type-page","status-publish","hentry"],"yoast_head":"<!-- This site is optimized with the Yoast SEO plugin v27.1.1 - https:\/\/yoast.com\/product\/yoast-seo-wordpress\/ -->\n<title>Relaciones entre Corea y Espa\u00f1a | Consulado de Corea en Andaluc\u00eda<\/title>\n<meta name=\"description\" content=\"Te explicamos las relaciones comerciales que se han desarollado a lo largo de los a\u00f1os entre Corea y Espa\u00f1a que han beneficiado a ambos pa\u00edses.\" \/>\n<meta name=\"robots\" content=\"index, follow, max-snippet:-1, max-image-preview:large, max-video-preview:-1\" \/>\n<link rel=\"canonical\" href=\"https:\/\/consuladocoreandalucia.com\/ko\/\uc0ac\uc5c5-\uae30\ud68c\/\ud55c\uad6d\uacfc-\uc2a4\ud398\uc778\uc758-\uad00\uacc4\uac00-\uc5b4\ub5bb\uac8c-\ubc1c\uc804-\ub418\uc5b4\uac00\uace0-\uc788\ub294\/\" \/>\n<meta property=\"og:locale\" content=\"ko_KR\" \/>\n<meta property=\"og:type\" content=\"article\" \/>\n<meta property=\"og:title\" content=\"Relaciones entre Corea y Espa\u00f1a | Consulado de Corea en Andaluc\u00eda\" \/>\n<meta property=\"og:description\" content=\"Te explicamos las relaciones comerciales que se han desarollado a lo largo de los a\u00f1os entre Corea y Espa\u00f1a que han beneficiado a ambos pa\u00edses.\" \/>\n<meta property=\"og:url\" content=\"https:\/\/consuladocoreandalucia.com\/ko\/\uc0ac\uc5c5-\uae30\ud68c\/\ud55c\uad6d\uacfc-\uc2a4\ud398\uc778\uc758-\uad00\uacc4\uac00-\uc5b4\ub5bb\uac8c-\ubc1c\uc804-\ub418\uc5b4\uac00\uace0-\uc788\ub294\/\" \/>\n<meta property=\"og:site_name\" content=\"Consulado de Corea en Andaluc\u00eda\" \/>\n<meta property=\"article:modified_time\" content=\"2019-04-26T08:33:57+00:00\" \/>\n<meta name=\"twitter:card\" content=\"summary_large_image\" \/>\n<script type=\"application\/ld+json\" class=\"yoast-schema-graph\">{\"@context\":\"https:\/\/schema.org\",\"@graph\":[{\"@type\":\"WebPage\",\"@id\":\"https:\/\/consuladocoreandalucia.com\/ko\/%ec%82%ac%ec%97%85-%ea%b8%b0%ed%9a%8c\/%ed%95%9c%ea%b5%ad%ea%b3%bc-%ec%8a%a4%ed%8e%98%ec%9d%b8%ec%9d%98-%ea%b4%80%ea%b3%84%ea%b0%80-%ec%96%b4%eb%96%bb%ea%b2%8c-%eb%b0%9c%ec%a0%84-%eb%90%98%ec%96%b4%ea%b0%80%ea%b3%a0-%ec%9e%88%eb%8a%94\/\",\"url\":\"https:\/\/consuladocoreandalucia.com\/ko\/%ec%82%ac%ec%97%85-%ea%b8%b0%ed%9a%8c\/%ed%95%9c%ea%b5%ad%ea%b3%bc-%ec%8a%a4%ed%8e%98%ec%9d%b8%ec%9d%98-%ea%b4%80%ea%b3%84%ea%b0%80-%ec%96%b4%eb%96%bb%ea%b2%8c-%eb%b0%9c%ec%a0%84-%eb%90%98%ec%96%b4%ea%b0%80%ea%b3%a0-%ec%9e%88%eb%8a%94\/\",\"name\":\"Relaciones entre Corea y Espa\u00f1a | Consulado de Corea en Andaluc\u00eda\",\"isPartOf\":{\"@id\":\"https:\/\/consuladocoreandalucia.com\/#website\"},\"datePublished\":\"2019-02-05T09:11:34+00:00\",\"dateModified\":\"2019-04-26T08:33:57+00:00\",\"description\":\"Te explicamos las relaciones comerciales que se han desarollado a lo largo de los a\u00f1os entre Corea y Espa\u00f1a que han beneficiado a ambos pa\u00edses.\",\"breadcrumb\":{\"@id\":\"https:\/\/consuladocoreandalucia.com\/ko\/%ec%82%ac%ec%97%85-%ea%b8%b0%ed%9a%8c\/%ed%95%9c%ea%b5%ad%ea%b3%bc-%ec%8a%a4%ed%8e%98%ec%9d%b8%ec%9d%98-%ea%b4%80%ea%b3%84%ea%b0%80-%ec%96%b4%eb%96%bb%ea%b2%8c-%eb%b0%9c%ec%a0%84-%eb%90%98%ec%96%b4%ea%b0%80%ea%b3%a0-%ec%9e%88%eb%8a%94\/#breadcrumb\"},\"inLanguage\":\"ko-KR\",\"potentialAction\":[{\"@type\":\"ReadAction\",\"target\":[\"https:\/\/consuladocoreandalucia.com\/ko\/%ec%82%ac%ec%97%85-%ea%b8%b0%ed%9a%8c\/%ed%95%9c%ea%b5%ad%ea%b3%bc-%ec%8a%a4%ed%8e%98%ec%9d%b8%ec%9d%98-%ea%b4%80%ea%b3%84%ea%b0%80-%ec%96%b4%eb%96%bb%ea%b2%8c-%eb%b0%9c%ec%a0%84-%eb%90%98%ec%96%b4%ea%b0%80%ea%b3%a0-%ec%9e%88%eb%8a%94\/\"]}]},{\"@type\":\"BreadcrumbList\",\"@id\":\"https:\/\/consuladocoreandalucia.com\/ko\/%ec%82%ac%ec%97%85-%ea%b8%b0%ed%9a%8c\/%ed%95%9c%ea%b5%ad%ea%b3%bc-%ec%8a%a4%ed%8e%98%ec%9d%b8%ec%9d%98-%ea%b4%80%ea%b3%84%ea%b0%80-%ec%96%b4%eb%96%bb%ea%b2%8c-%eb%b0%9c%ec%a0%84-%eb%90%98%ec%96%b4%ea%b0%80%ea%b3%a0-%ec%9e%88%eb%8a%94\/#breadcrumb\",\"itemListElement\":[{\"@type\":\"ListItem\",\"position\":1,\"name\":\"Portada\",\"item\":\"https:\/\/consuladocoreandalucia.com\/ko\/\"},{\"@type\":\"ListItem\",\"position\":2,\"name\":\"\uc0ac\uc5c5 \uae30\ud68c\",\"item\":\"https:\/\/consuladocoreandalucia.com\/ko\/%ec%82%ac%ec%97%85-%ea%b8%b0%ed%9a%8c\/\"},{\"@type\":\"ListItem\",\"position\":3,\"name\":\"\ud55c\uad6d\uacfc \uc2a4\ud398\uc778\uc758 \uad00\uacc4\uac00 \uc5b4\ub5bb\uac8c \ubc1c\uc804 \ub418\uc5b4\uac00\uace0 \uc788\ub294\uac00?\"}]},{\"@type\":\"WebSite\",\"@id\":\"https:\/\/consuladocoreandalucia.com\/#website\",\"url\":\"https:\/\/consuladocoreandalucia.com\/\",\"name\":\"Consulado de Corea en Andaluc\u00eda\",\"description\":\"\",\"potentialAction\":[{\"@type\":\"SearchAction\",\"target\":{\"@type\":\"EntryPoint\",\"urlTemplate\":\"https:\/\/consuladocoreandalucia.com\/?s={search_term_string}\"},\"query-input\":{\"@type\":\"PropertyValueSpecification\",\"valueRequired\":true,\"valueName\":\"search_term_string\"}}],\"inLanguage\":\"ko-KR\"}]}<\/script>\n<!-- \/ Yoast SEO plugin. -->","yoast_head_json":{"title":"Relaciones entre Corea y Espa\u00f1a | Consulado de Corea en Andaluc\u00eda","description":"Te explicamos las relaciones comerciales que se han desarollado a lo largo de los a\u00f1os entre Corea y Espa\u00f1a que han beneficiado a ambos pa\u00edses.","robots":{"index":"index","follow":"follow","max-snippet":"max-snippet:-1","max-image-preview":"max-image-preview:large","max-video-preview":"max-video-preview:-1"},"canonical":"https:\/\/consuladocoreandalucia.com\/ko\/\uc0ac\uc5c5-\uae30\ud68c\/\ud55c\uad6d\uacfc-\uc2a4\ud398\uc778\uc758-\uad00\uacc4\uac00-\uc5b4\ub5bb\uac8c-\ubc1c\uc804-\ub418\uc5b4\uac00\uace0-\uc788\ub294\/","og_locale":"ko_KR","og_type":"article","og_title":"Relaciones entre Corea y Espa\u00f1a | Consulado de Corea en Andaluc\u00eda","og_description":"Te explicamos las relaciones comerciales que se han desarollado a lo largo de los a\u00f1os entre Corea y Espa\u00f1a que han beneficiado a ambos pa\u00edses.","og_url":"https:\/\/consuladocoreandalucia.com\/ko\/\uc0ac\uc5c5-\uae30\ud68c\/\ud55c\uad6d\uacfc-\uc2a4\ud398\uc778\uc758-\uad00\uacc4\uac00-\uc5b4\ub5bb\uac8c-\ubc1c\uc804-\ub418\uc5b4\uac00\uace0-\uc788\ub294\/","og_site_name":"Consulado de Corea en Andaluc\u00eda","article_modified_time":"2019-04-26T08:33:57+00:00","twitter_card":"summary_large_image","schema":{"@context":"https:\/\/schema.org","@graph":[{"@type":"WebPage","@id":"https:\/\/consuladocoreandalucia.com\/ko\/%ec%82%ac%ec%97%85-%ea%b8%b0%ed%9a%8c\/%ed%95%9c%ea%b5%ad%ea%b3%bc-%ec%8a%a4%ed%8e%98%ec%9d%b8%ec%9d%98-%ea%b4%80%ea%b3%84%ea%b0%80-%ec%96%b4%eb%96%bb%ea%b2%8c-%eb%b0%9c%ec%a0%84-%eb%90%98%ec%96%b4%ea%b0%80%ea%b3%a0-%ec%9e%88%eb%8a%94\/","url":"https:\/\/consuladocoreandalucia.com\/ko\/%ec%82%ac%ec%97%85-%ea%b8%b0%ed%9a%8c\/%ed%95%9c%ea%b5%ad%ea%b3%bc-%ec%8a%a4%ed%8e%98%ec%9d%b8%ec%9d%98-%ea%b4%80%ea%b3%84%ea%b0%80-%ec%96%b4%eb%96%bb%ea%b2%8c-%eb%b0%9c%ec%a0%84-%eb%90%98%ec%96%b4%ea%b0%80%ea%b3%a0-%ec%9e%88%eb%8a%94\/","name":"Relaciones entre Corea y Espa\u00f1a | Consulado de Corea en Andaluc\u00eda","isPartOf":{"@id":"https:\/\/consuladocoreandalucia.com\/#website"},"datePublished":"2019-02-05T09:11:34+00:00","dateModified":"2019-04-26T08:33:57+00:00","description":"Te explicamos las relaciones comerciales que se han desarollado a lo largo de los a\u00f1os entre Corea y Espa\u00f1a que han beneficiado a ambos pa\u00edses.","breadcrumb":{"@id":"https:\/\/consuladocoreandalucia.com\/ko\/%ec%82%ac%ec%97%85-%ea%b8%b0%ed%9a%8c\/%ed%95%9c%ea%b5%ad%ea%b3%bc-%ec%8a%a4%ed%8e%98%ec%9d%b8%ec%9d%98-%ea%b4%80%ea%b3%84%ea%b0%80-%ec%96%b4%eb%96%bb%ea%b2%8c-%eb%b0%9c%ec%a0%84-%eb%90%98%ec%96%b4%ea%b0%80%ea%b3%a0-%ec%9e%88%eb%8a%94\/#breadcrumb"},"inLanguage":"ko-KR","potentialAction":[{"@type":"ReadAction","target":["https:\/\/consuladocoreandalucia.com\/ko\/%ec%82%ac%ec%97%85-%ea%b8%b0%ed%9a%8c\/%ed%95%9c%ea%b5%ad%ea%b3%bc-%ec%8a%a4%ed%8e%98%ec%9d%b8%ec%9d%98-%ea%b4%80%ea%b3%84%ea%b0%80-%ec%96%b4%eb%96%bb%ea%b2%8c-%eb%b0%9c%ec%a0%84-%eb%90%98%ec%96%b4%ea%b0%80%ea%b3%a0-%ec%9e%88%eb%8a%94\/"]}]},{"@type":"BreadcrumbList","@id":"https:\/\/consuladocoreandalucia.com\/ko\/%ec%82%ac%ec%97%85-%ea%b8%b0%ed%9a%8c\/%ed%95%9c%ea%b5%ad%ea%b3%bc-%ec%8a%a4%ed%8e%98%ec%9d%b8%ec%9d%98-%ea%b4%80%ea%b3%84%ea%b0%80-%ec%96%b4%eb%96%bb%ea%b2%8c-%eb%b0%9c%ec%a0%84-%eb%90%98%ec%96%b4%ea%b0%80%ea%b3%a0-%ec%9e%88%eb%8a%94\/#breadcrumb","itemListElement":[{"@type":"ListItem","position":1,"name":"Portada","item":"https:\/\/consuladocoreandalucia.com\/ko\/"},{"@type":"ListItem","position":2,"name":"\uc0ac\uc5c5 \uae30\ud68c","item":"https:\/\/consuladocoreandalucia.com\/ko\/%ec%82%ac%ec%97%85-%ea%b8%b0%ed%9a%8c\/"},{"@type":"ListItem","position":3,"name":"\ud55c\uad6d\uacfc \uc2a4\ud398\uc778\uc758 \uad00\uacc4\uac00 \uc5b4\ub5bb\uac8c \ubc1c\uc804 \ub418\uc5b4\uac00\uace0 \uc788\ub294\uac00?"}]},{"@type":"WebSite","@id":"https:\/\/consuladocoreandalucia.com\/#website","url":"https:\/\/consuladocoreandalucia.com\/","name":"Consulado de Corea en Andaluc\u00eda","description":"","potentialAction":[{"@type":"SearchAction","target":{"@type":"EntryPoint","urlTemplate":"https:\/\/consuladocoreandalucia.com\/?s={search_term_string}"},"query-input":{"@type":"PropertyValueSpecification","valueRequired":true,"valueName":"search_term_string"}}],"inLanguage":"ko-KR"}]}},"_links":{"self":[{"href":"https:\/\/consuladocoreandalucia.com\/ko\/wp-json\/wp\/v2\/pages\/137197","targetHints":{"allow":["GET"]}}],"collection":[{"href":"https:\/\/consuladocoreandalucia.com\/ko\/wp-json\/wp\/v2\/pages"}],"about":[{"href":"https:\/\/consuladocoreandalucia.com\/ko\/wp-json\/wp\/v2\/types\/page"}],"author":[{"embeddable":true,"href":"https:\/\/consuladocoreandalucia.com\/ko\/wp-json\/wp\/v2\/users\/1"}],"replies":[{"embeddable":true,"href":"https:\/\/consuladocoreandalucia.com\/ko\/wp-json\/wp\/v2\/comments?post=137197"}],"version-history":[{"count":6,"href":"https:\/\/consuladocoreandalucia.com\/ko\/wp-json\/wp\/v2\/pages\/137197\/revisions"}],"predecessor-version":[{"id":137607,"href":"https:\/\/consuladocoreandalucia.com\/ko\/wp-json\/wp\/v2\/pages\/137197\/revisions\/137607"}],"up":[{"embeddable":true,"href":"https:\/\/consuladocoreandalucia.com\/ko\/wp-json\/wp\/v2\/pages\/137175"}],"wp:attachment":[{"href":"https:\/\/consuladocoreandalucia.com\/ko\/wp-json\/wp\/v2\/media?parent=137197"}],"curies":[{"name":"wp","href":"https:\/\/api.w.org\/{rel}","templated":true}]}}