{"id":137193,"date":"2019-02-05T10:07:10","date_gmt":"2019-02-05T09:07:10","guid":{"rendered":"https:\/\/consuladocoreandalucia.com\/?page_id=137193"},"modified":"2019-03-04T19:12:24","modified_gmt":"2019-03-04T18:12:24","slug":"%ed%95%9c%ea%b5%ad%ea%b3%bc-%ec%95%88%eb%8b%ac%eb%a3%a8%ec%8b%9c%ec%95%84-%ea%b2%bd%ec%a0%9c%ec%9d%98-%ea%b8%8d%ec%a0%95%ec%a0%81-%ed%8a%b9%ec%84%b1","status":"publish","type":"page","link":"https:\/\/consuladocoreandalucia.com\/ko\/%ec%82%ac%ec%97%85-%ea%b8%b0%ed%9a%8c\/%ed%95%9c%ea%b5%ad%ea%b3%bc-%ec%95%88%eb%8b%ac%eb%a3%a8%ec%8b%9c%ec%95%84-%ea%b2%bd%ec%a0%9c%ec%9d%98-%ea%b8%8d%ec%a0%95%ec%a0%81-%ed%8a%b9%ec%84%b1\/","title":{"rendered":"\ud55c\uad6d\uacfc \uc548\ub2ec\ub8e8\uc2dc\uc544 \uacbd\uc81c\uc758 \uae0d\uc815\uc801 \ud2b9\uc131"},"content":{"rendered":"<div class=\"wpb-content-wrapper\"><p>[vc_row][vc_column][vc_column_text]<\/p>\r\n<div class=\"wp-block-image\">\r\n<figure class=\"alignleft\"><img loading=\"lazy\" decoding=\"async\" width=\"255\" height=\"255\" class=\"wp-image-137046\" src=\"https:\/\/consuladocoreandalucia.com\/wp-content\/uploads\/2019\/01\/Econom\u00eda-Corea-y-Andaluc\u00eda-255x255.jpg\" alt=\"\" srcset=\"https:\/\/consuladocoreandalucia.com\/wp-content\/uploads\/2019\/01\/Econom\u00eda-Corea-y-Andaluc\u00eda-255x255.jpg 255w, https:\/\/consuladocoreandalucia.com\/wp-content\/uploads\/2019\/01\/Econom\u00eda-Corea-y-Andaluc\u00eda-150x150.jpg 150w, https:\/\/consuladocoreandalucia.com\/wp-content\/uploads\/2019\/01\/Econom\u00eda-Corea-y-Andaluc\u00eda-50x50.jpg 50w, https:\/\/consuladocoreandalucia.com\/wp-content\/uploads\/2019\/01\/Econom\u00eda-Corea-y-Andaluc\u00eda-80x80.jpg 80w, https:\/\/consuladocoreandalucia.com\/wp-content\/uploads\/2019\/01\/Econom\u00eda-Corea-y-Andaluc\u00eda-263x263.jpg 263w, https:\/\/consuladocoreandalucia.com\/wp-content\/uploads\/2019\/01\/Econom\u00eda-Corea-y-Andaluc\u00eda-100x100.jpg 100w, https:\/\/consuladocoreandalucia.com\/wp-content\/uploads\/2019\/01\/Econom\u00eda-Corea-y-Andaluc\u00eda-526x526.jpg 526w\" sizes=\"auto, (max-width: 255px) 100vw, 255px\" \/><\/figure>\r\n<\/div>\r\n\r\n<div class=\"event-content\">\r\n<div class=\"content-dropcap\">\r\n<p>\ud55c\uad6d\uc740 \uc9c0\ub09c 40\uc5ec\ub144 \ub3d9\uc548 \ub9ce\uc740 \uacbd\uc81c\uc801 \ub178\ub825\uc744 \uae30\uc6b8\uc5ec \uc654\uc2b5\ub2c8\ub2e4.<\/p>\r\n\r\n<p>\uc678\uad6d \ud22c\uc790 \uac1c\ubc29 \ubc0f \ub9e4\uc6b0 \ub0ae\uc740 \ubb3c\uac00 \uc0c1\uc2b9\ub960 \uc720\uc9c0\ud558\uace0, \uadf8 \uacb0\uacfc \uc804\uc790 \uc81c\ud488, \uc790\ub3d9\ucc28 \uc0dd\uc0b0, \ud654\ud559, \uc870\uc120 \ubc0f \ucca0\uac15 \ud30c\uc0dd \uc0c1\ud488 \ubd84\uc57c\uc758 \uac15\ub825\ud55c \ud558\uc774\ud14c\ud06c \uc0b0\uc5c5\uc774 \ud0c4\uc0dd\ud588\uc2b5\ub2c8\ub2e4.<\/p>\r\n\r\n<p>\ud55c\uad6d \uc0b0\uc5c5 \uc790\uc6d0\ubd80\uc5d0 \ub530\ub974\uba74, 2014 \uc0c1\ubc18\uae30\uc5d0 \uc678\uad6d\uc778 \uc9c1\uc811 \ud22c\uc790\uac00 \ub298\uc5b4\ub098 \ud22c\uc790 \uc790\ubcf8\uc758 \ubaa9\uc801\uc9c0\ub85c \ubd80\uc0c1 \ud558\uc600\ub2e4\uace0 \ud569\ub2c8\ub2e4. \uc8fc\uc694\ud55c \uacb0\ub860\uc740 \uae30\uc5c5\uc758 \ud55c\uad6d \uacbd\uc81c\uc640 \ud22c\uc790\uc5d0 \ub300\ud55c \uc790\uc2e0\uac10\uc774 \ucee4\uc9c0\uace0 \uc788\uc2b5\ub2c8\ub2e4. \ud55c\uad6d\uc740 \uae30\uc220 \uc81c\ud488 \ubc0f \ucca0\uac15 \ud30c\uc0dd \uc0c1\ud488\uc758 \uc218\ucd9c \uc99d\uac00 \ub85c \uc778\ud574 6 \uc6d4\uc5d0 5.29 \uc5b5 \ub2ec\ub7ec\uc758 \ubb34\uc5ed \ud751\uc790\ub97c \uae30\ub85d\ud588\uc2b5\ub2c8\ub2e4. \uc774\ub2ec \ub4e4\uc5b4 \ud55c\uad6d\uc758 \uc218\ucd9c \uc740 \uc6d4 2.5 % \uc99d\uac00\ud55c 47,840 \ubc31\ub9cc \ub2ec\ub7ec\ub97c \uae30\ub85d\ud588\uc73c\uba70 \uc218\uc785\uc740 4.5 % \uc99d\uac00\ud55c 425 \uc5b5 5 \ucc9c\ub9cc \ub2ec\ub7ec\ub97c \uae30\ub85d\ud588\uc2b5\ub2c8\ub2e4. \ubc18\ub3c4\uccb4 \uc774\ub3d9 \ud1b5\uc2e0 \uae30\uae30, \ud154\ub808\ube44\uc804, LCD \ubc0f \ucca0\uac15 \uc81c\ud488 \ud310\ub9e4\uc5d0 \uc804\ub150\ud558\ub294 \ud55c\uad6d \uae30\uc5c5\uc740 \uc774 \uc2dc\uae30\uc5d0 \uac00\uc7a5 \ub9ce\uc740 \uc131\uc7a5\uc744 \uc774\ub8ec \uae30\uc5c5\uc774\uc5c8\uc2b5\ub2c8\ub2e4.<\/p>\r\n<\/div>\r\n<\/div>\r\n<p>\uc88b\uc740 \ub18d\uacbd\uc9c0, \uc0b0\ub9bc, \uc218\uc790\uc6d0 \ub610\ub294 \uad11\uc0b0 \uc790\uc6d0\uacfc \uac19\uc740 \ucc9c\uc5f0 \uc790\uc6d0\uc758 \ud48d\ubd80\ud568\uacfc \uc9c0\uc5ed\uc0c9\uc774 \uc9d9\uc740 \ud2b9\uc131\uc740 \uc548\ub2ec\ub8e8\uc2dc\uc544 \uac01\uc9c0\uc758 \ubc1c\uc804\uc744 \ub2e4\ucc44\ub86d\uac8c \ubcf4\uc5ec\uc90d\ub2c8\ub2e4.<\/p>\r\n\r\n<p>\uc548\ub2ec\ub8e8\uc2dc\uc544\uc758 \uc790\uc5f0\uc801 \ub2e4\uc591\uc131\uc744 \uace0\ub824\ud55c\ub2e4\uba74 \uc65c \uc548\ub2ec\ub8e8\uc2dc\uc544\uc758 \ubaa8\uc2b5\uc774 \ub2e4\ub978 \uc9c0\uc5ed\uacfc \ub2e4\ub978\uc9c0 \uc774\ud574\ud560 \uc218 \uc788\uc2b5\ub2c8\ub2e4.<\/p>\r\n<p>\uadf8\ub7ec\ub098 \uc774\ub7ec\ud55c \ucc28\uc774\ub294 \uc790\uc5f0\uc801 \uae30\uc6d0 \ubfd0\ub9cc \uc544\ub2c8\ub77c \uacbd\uc81c \ud65c\ub3d9 \uc790\uccb4\uac00 \ucee4\uc9c0\uba74\uc11c \uc810\ucc28 \ub354 \uc798 \uc804\ub2ec\ub418\uace0 \ubcf4\ub2e4 \ub9ce\uc740 \ucc9c\uc5f0 \uc790\uc6d0\uc744 \ubcf4\uc720\ud55c \uc77c\ubd80 \uc9c0\uc5ed\uc5d0 \uc9d1\uc911\ub418\uc5b4 \uc654\uc2b5\ub2c8\ub2e4.<\/p>\r\n<p>\uc774\ub7ec\ud55c \ubc29\uc2dd\uc73c\ub85c, \uc0c8\ub85c\uc6b4 \uacbd\uc81c \ud65c\ub3d9\uc758 \ubd88\uaddc\uce59\ud55c \ubd84\ubc30\uc640 \ub9ce\uc740 \uc804\ud1b5\uc801 \ud65c\ub3d9\uc758 \uac10\uc18c\ub294 \uc548\ub2ec\ub8e8\uc2dc\uc544\uc758 \ub450 \uc9c0\uc5ed \uc0ac\uc774\uc758 \ucc28\uc774\ub97c \uc99d\uac00\uc2dc\ucf30\uc2b5\ub2c8\ub2e4.<\/p>\r\n<p>\ud574\uc548\uacfc \ub0b4\ubd80 : \ud574\uc548\uc740 \uc0b0\uc5c5 (Huelva, Bah\u00eda de C\u00e1diz \ubc0f Algeciras)\uacfc \uac00\uc7a5 \uae30\uc220\uc801 \uc778 \ub18d\uc5c5 (\uc628\uc2e4 \ubc0f \uc0cc\ub529)\uc758 \uc77c\ubd80\ub97c \uc9d1\uc911 \uc2dc\ucf30\uae30 \ub54c\ubb38\uc5d0 \uc778\uad6c \ubc0f \uacbd\uc81c \ud65c\ub3d9\uba74\uc5d0\uc11c \uac00\uc7a5 \uc5ed\ub3d9\uc801 \uc778 \uc9c0\uc5ed\uc785\ub2c8\ub2e4. \uac00\uc7a5 \ud070 \uad00\uad11 \uc13c\ud130 (\ub9d0\ub77c\uac00 \ud574\uc548). \ubc18\uba74\uc5d0 \ub300\ub3c4\uc2dc\ub294 \uacbd\uc81c \ubc0f \uc778\uad6c \uc99d\uac00\uc758 \ub300\ubd80\ubd84\uc744 \ud761\uc218\ud558\uc600\uc2b5\ub2c8\ub2e4. \uc608\ub97c \ub4e4\uc5b4, \uc138\ube44\uc57c (\uc8fc\ub85c \uc548\ub2ec\ub8e8\uc2dc\uc544 \uacbd\uc81c \uc911\uc2ec), \uc8fc\ub85c \uc11c\ube44\uc2a4 \ubd80\ubb38\ubfd0\ub9cc \uc544\ub2c8\ub77c \uc8fc\uc694 \uc0b0\uc5c5 \uc911\uc2ec\uc9c0\ub3c4 \uc218\uc6a9 \ud558\uc600\uc2b5\ub2c8\ub2e4.<\/p>\r\n<p>\uacfc\ub2ec \ud0a4\ube44\ub974 \uacc4\uace1 : \uc911\uc694\ud55c \ub18d\uc9c0\uc758 \uc7a0\uc7ac\ub825\uc744 \uc0dd\uc131\ud558\ub294 \uc790\uc5f0 \uc870\uac74\uacfc \uc548\ub2ec\ub8e8\uc2dc\uc544\uc5d0\uc11c \uc9c0\uc0c1 \ud1b5\uc2e0\uc758 \uac00\uc7a5 \uc911\uc694\ud55c \ucd95\ubfd0\ub9cc \uc544\ub2c8\ub77c \ub300\ub3c4\uc2dc\uc640 \uc791\uc740 \ub18d\uac00\uc758 \uc778\uad6c \uad6c\uc131\uc73c\ub85c \uc778\ud574\uc774 \uc9c0\uc5ed\uc740 \uacbd\uc81c \ubc1c\uc804\uc758 \uac00\uc7a5 \ud070 \uac00\ub2a5\uc131\uc744 \uac16\uac8c \ub418\uc5c8\uc2b5\ub2c8\ub2e4.<\/p>\r\n<p>\uc778\uad6c \uc13c\ud130\uc5d0\ub294 \ub18d\uc5c5 (\uadfc\ubcf8 \ud65c\ub3d9), \ub18d\uc5c5 \uc2dd\ud488 \uc0b0\uc5c5 (\ubc00\uac00\ub8e8, \ud3ec\ub3c4\uc8fc \ub610\ub294 \uae30\ub984) \ubc0f \uc18c\ube44\uc7ac, \uc12c\uc720 \ubc0f \ubaa9\uc7ac\uc758 \uc0b0\uc5c5 \ud65c\ub3d9 \ub4f1 \uc5ec\ub7ec \uac00\uc9c0 \ud65c\ub3d9\uc774 \uc788\uc2b5\ub2c8\ub2e4.<\/p>\r\n<p>[\/vc_column_text][\/vc_column][\/vc_row]<\/p><\/div>","protected":false},"excerpt":{"rendered":"<p>[vc_row][vc_column][vc_column_text] \ud55c\uad6d\uc740 \uc9c0\ub09c 40\uc5ec\ub144 \ub3d9\uc548 \ub9ce\uc740 \uacbd\uc81c\uc801 \ub178\ub825\uc744 \uae30\uc6b8\uc5ec \uc654\uc2b5\ub2c8\ub2e4. \uc678\uad6d \ud22c\uc790 \uac1c\ubc29 \ubc0f \ub9e4\uc6b0 \ub0ae\uc740 \ubb3c\uac00 \uc0c1\uc2b9\ub960 \uc720\uc9c0\ud558\uace0, \uadf8 \uacb0\uacfc \uc804\uc790 \uc81c\ud488, \uc790\ub3d9\ucc28 \uc0dd\uc0b0, \ud654\ud559, \uc870\uc120 \ubc0f \ucca0\uac15 \ud30c\uc0dd \uc0c1\ud488 \ubd84\uc57c\uc758 \uac15\ub825\ud55c \ud558\uc774\ud14c\ud06c \uc0b0\uc5c5\uc774 \ud0c4\uc0dd\ud588\uc2b5\ub2c8\ub2e4. \ud55c\uad6d \uc0b0\uc5c5 \uc790\uc6d0\ubd80\uc5d0 \ub530\ub974\uba74, 2014 \uc0c1\ubc18\uae30\uc5d0 \uc678\uad6d\uc778 \uc9c1\uc811 \ud22c\uc790\uac00 \ub298\uc5b4\ub098 \ud22c\uc790 \uc790\ubcf8\uc758 \ubaa9\uc801\uc9c0\ub85c \ubd80\uc0c1 \ud558\uc600\ub2e4\uace0 \ud569\ub2c8\ub2e4. \uc8fc\uc694\ud55c \uacb0\ub860\uc740 \uae30\uc5c5\uc758 [&hellip;]<\/p>\n","protected":false},"author":1,"featured_media":0,"parent":137175,"menu_order":0,"comment_status":"closed","ping_status":"closed","template":"","meta":{"footnotes":""},"class_list":["post-137193","page","type-page","status-publish","hentry"],"yoast_head":"<!-- This site is optimized with the Yoast SEO plugin v27.1.1 - https:\/\/yoast.com\/product\/yoast-seo-wordpress\/ -->\n<title>Caracter\u00edsticas econ\u00f3micas de Andaluc\u00eda y Corea | Consulado de Corea en Andaluc\u00eda<\/title>\n<meta name=\"description\" content=\"Conoce todas las peculiaridades de la econom\u00eda en Corea y en la regi\u00f3n de Andaluc\u00eda y su importancia a la hora de hacer negocios.\" \/>\n<meta name=\"robots\" content=\"index, follow, max-snippet:-1, max-image-preview:large, max-video-preview:-1\" \/>\n<link rel=\"canonical\" href=\"https:\/\/consuladocoreandalucia.com\/ko\/\uc0ac\uc5c5-\uae30\ud68c\/\ud55c\uad6d\uacfc-\uc548\ub2ec\ub8e8\uc2dc\uc544-\uacbd\uc81c\uc758-\uae0d\uc815\uc801-\ud2b9\uc131\/\" \/>\n<meta property=\"og:locale\" content=\"ko_KR\" \/>\n<meta property=\"og:type\" content=\"article\" \/>\n<meta property=\"og:title\" content=\"Caracter\u00edsticas econ\u00f3micas de Andaluc\u00eda y Corea | Consulado de Corea en Andaluc\u00eda\" \/>\n<meta property=\"og:description\" content=\"Conoce todas las peculiaridades de la econom\u00eda en Corea y en la regi\u00f3n de Andaluc\u00eda y su importancia a la hora de hacer negocios.\" \/>\n<meta property=\"og:url\" content=\"https:\/\/consuladocoreandalucia.com\/ko\/\uc0ac\uc5c5-\uae30\ud68c\/\ud55c\uad6d\uacfc-\uc548\ub2ec\ub8e8\uc2dc\uc544-\uacbd\uc81c\uc758-\uae0d\uc815\uc801-\ud2b9\uc131\/\" \/>\n<meta property=\"og:site_name\" content=\"Consulado de Corea en Andaluc\u00eda\" \/>\n<meta property=\"article:modified_time\" content=\"2019-03-04T18:12:24+00:00\" \/>\n<meta name=\"twitter:card\" content=\"summary_large_image\" \/>\n<script type=\"application\/ld+json\" class=\"yoast-schema-graph\">{\"@context\":\"https:\/\/schema.org\",\"@graph\":[{\"@type\":\"WebPage\",\"@id\":\"https:\/\/consuladocoreandalucia.com\/ko\/%ec%82%ac%ec%97%85-%ea%b8%b0%ed%9a%8c\/%ed%95%9c%ea%b5%ad%ea%b3%bc-%ec%95%88%eb%8b%ac%eb%a3%a8%ec%8b%9c%ec%95%84-%ea%b2%bd%ec%a0%9c%ec%9d%98-%ea%b8%8d%ec%a0%95%ec%a0%81-%ed%8a%b9%ec%84%b1\/\",\"url\":\"https:\/\/consuladocoreandalucia.com\/ko\/%ec%82%ac%ec%97%85-%ea%b8%b0%ed%9a%8c\/%ed%95%9c%ea%b5%ad%ea%b3%bc-%ec%95%88%eb%8b%ac%eb%a3%a8%ec%8b%9c%ec%95%84-%ea%b2%bd%ec%a0%9c%ec%9d%98-%ea%b8%8d%ec%a0%95%ec%a0%81-%ed%8a%b9%ec%84%b1\/\",\"name\":\"Caracter\u00edsticas econ\u00f3micas de Andaluc\u00eda y Corea | Consulado de Corea en Andaluc\u00eda\",\"isPartOf\":{\"@id\":\"https:\/\/consuladocoreandalucia.com\/#website\"},\"datePublished\":\"2019-02-05T09:07:10+00:00\",\"dateModified\":\"2019-03-04T18:12:24+00:00\",\"description\":\"Conoce todas las peculiaridades de la econom\u00eda en Corea y en la regi\u00f3n de Andaluc\u00eda y su importancia a la hora de hacer negocios.\",\"breadcrumb\":{\"@id\":\"https:\/\/consuladocoreandalucia.com\/ko\/%ec%82%ac%ec%97%85-%ea%b8%b0%ed%9a%8c\/%ed%95%9c%ea%b5%ad%ea%b3%bc-%ec%95%88%eb%8b%ac%eb%a3%a8%ec%8b%9c%ec%95%84-%ea%b2%bd%ec%a0%9c%ec%9d%98-%ea%b8%8d%ec%a0%95%ec%a0%81-%ed%8a%b9%ec%84%b1\/#breadcrumb\"},\"inLanguage\":\"ko-KR\",\"potentialAction\":[{\"@type\":\"ReadAction\",\"target\":[\"https:\/\/consuladocoreandalucia.com\/ko\/%ec%82%ac%ec%97%85-%ea%b8%b0%ed%9a%8c\/%ed%95%9c%ea%b5%ad%ea%b3%bc-%ec%95%88%eb%8b%ac%eb%a3%a8%ec%8b%9c%ec%95%84-%ea%b2%bd%ec%a0%9c%ec%9d%98-%ea%b8%8d%ec%a0%95%ec%a0%81-%ed%8a%b9%ec%84%b1\/\"]}]},{\"@type\":\"BreadcrumbList\",\"@id\":\"https:\/\/consuladocoreandalucia.com\/ko\/%ec%82%ac%ec%97%85-%ea%b8%b0%ed%9a%8c\/%ed%95%9c%ea%b5%ad%ea%b3%bc-%ec%95%88%eb%8b%ac%eb%a3%a8%ec%8b%9c%ec%95%84-%ea%b2%bd%ec%a0%9c%ec%9d%98-%ea%b8%8d%ec%a0%95%ec%a0%81-%ed%8a%b9%ec%84%b1\/#breadcrumb\",\"itemListElement\":[{\"@type\":\"ListItem\",\"position\":1,\"name\":\"Portada\",\"item\":\"https:\/\/consuladocoreandalucia.com\/ko\/\"},{\"@type\":\"ListItem\",\"position\":2,\"name\":\"\uc0ac\uc5c5 \uae30\ud68c\",\"item\":\"https:\/\/consuladocoreandalucia.com\/ko\/%ec%82%ac%ec%97%85-%ea%b8%b0%ed%9a%8c\/\"},{\"@type\":\"ListItem\",\"position\":3,\"name\":\"\ud55c\uad6d\uacfc \uc548\ub2ec\ub8e8\uc2dc\uc544 \uacbd\uc81c\uc758 \uae0d\uc815\uc801 \ud2b9\uc131\"}]},{\"@type\":\"WebSite\",\"@id\":\"https:\/\/consuladocoreandalucia.com\/#website\",\"url\":\"https:\/\/consuladocoreandalucia.com\/\",\"name\":\"Consulado de Corea en Andaluc\u00eda\",\"description\":\"\",\"potentialAction\":[{\"@type\":\"SearchAction\",\"target\":{\"@type\":\"EntryPoint\",\"urlTemplate\":\"https:\/\/consuladocoreandalucia.com\/?s={search_term_string}\"},\"query-input\":{\"@type\":\"PropertyValueSpecification\",\"valueRequired\":true,\"valueName\":\"search_term_string\"}}],\"inLanguage\":\"ko-KR\"}]}<\/script>\n<!-- \/ Yoast SEO plugin. -->","yoast_head_json":{"title":"Caracter\u00edsticas econ\u00f3micas de Andaluc\u00eda y Corea | Consulado de Corea en Andaluc\u00eda","description":"Conoce todas las peculiaridades de la econom\u00eda en Corea y en la regi\u00f3n de Andaluc\u00eda y su importancia a la hora de hacer negocios.","robots":{"index":"index","follow":"follow","max-snippet":"max-snippet:-1","max-image-preview":"max-image-preview:large","max-video-preview":"max-video-preview:-1"},"canonical":"https:\/\/consuladocoreandalucia.com\/ko\/\uc0ac\uc5c5-\uae30\ud68c\/\ud55c\uad6d\uacfc-\uc548\ub2ec\ub8e8\uc2dc\uc544-\uacbd\uc81c\uc758-\uae0d\uc815\uc801-\ud2b9\uc131\/","og_locale":"ko_KR","og_type":"article","og_title":"Caracter\u00edsticas econ\u00f3micas de Andaluc\u00eda y Corea | Consulado de Corea en Andaluc\u00eda","og_description":"Conoce todas las peculiaridades de la econom\u00eda en Corea y en la regi\u00f3n de Andaluc\u00eda y su importancia a la hora de hacer negocios.","og_url":"https:\/\/consuladocoreandalucia.com\/ko\/\uc0ac\uc5c5-\uae30\ud68c\/\ud55c\uad6d\uacfc-\uc548\ub2ec\ub8e8\uc2dc\uc544-\uacbd\uc81c\uc758-\uae0d\uc815\uc801-\ud2b9\uc131\/","og_site_name":"Consulado de Corea en Andaluc\u00eda","article_modified_time":"2019-03-04T18:12:24+00:00","twitter_card":"summary_large_image","schema":{"@context":"https:\/\/schema.org","@graph":[{"@type":"WebPage","@id":"https:\/\/consuladocoreandalucia.com\/ko\/%ec%82%ac%ec%97%85-%ea%b8%b0%ed%9a%8c\/%ed%95%9c%ea%b5%ad%ea%b3%bc-%ec%95%88%eb%8b%ac%eb%a3%a8%ec%8b%9c%ec%95%84-%ea%b2%bd%ec%a0%9c%ec%9d%98-%ea%b8%8d%ec%a0%95%ec%a0%81-%ed%8a%b9%ec%84%b1\/","url":"https:\/\/consuladocoreandalucia.com\/ko\/%ec%82%ac%ec%97%85-%ea%b8%b0%ed%9a%8c\/%ed%95%9c%ea%b5%ad%ea%b3%bc-%ec%95%88%eb%8b%ac%eb%a3%a8%ec%8b%9c%ec%95%84-%ea%b2%bd%ec%a0%9c%ec%9d%98-%ea%b8%8d%ec%a0%95%ec%a0%81-%ed%8a%b9%ec%84%b1\/","name":"Caracter\u00edsticas econ\u00f3micas de Andaluc\u00eda y Corea | Consulado de Corea en Andaluc\u00eda","isPartOf":{"@id":"https:\/\/consuladocoreandalucia.com\/#website"},"datePublished":"2019-02-05T09:07:10+00:00","dateModified":"2019-03-04T18:12:24+00:00","description":"Conoce todas las peculiaridades de la econom\u00eda en Corea y en la regi\u00f3n de Andaluc\u00eda y su importancia a la hora de hacer negocios.","breadcrumb":{"@id":"https:\/\/consuladocoreandalucia.com\/ko\/%ec%82%ac%ec%97%85-%ea%b8%b0%ed%9a%8c\/%ed%95%9c%ea%b5%ad%ea%b3%bc-%ec%95%88%eb%8b%ac%eb%a3%a8%ec%8b%9c%ec%95%84-%ea%b2%bd%ec%a0%9c%ec%9d%98-%ea%b8%8d%ec%a0%95%ec%a0%81-%ed%8a%b9%ec%84%b1\/#breadcrumb"},"inLanguage":"ko-KR","potentialAction":[{"@type":"ReadAction","target":["https:\/\/consuladocoreandalucia.com\/ko\/%ec%82%ac%ec%97%85-%ea%b8%b0%ed%9a%8c\/%ed%95%9c%ea%b5%ad%ea%b3%bc-%ec%95%88%eb%8b%ac%eb%a3%a8%ec%8b%9c%ec%95%84-%ea%b2%bd%ec%a0%9c%ec%9d%98-%ea%b8%8d%ec%a0%95%ec%a0%81-%ed%8a%b9%ec%84%b1\/"]}]},{"@type":"BreadcrumbList","@id":"https:\/\/consuladocoreandalucia.com\/ko\/%ec%82%ac%ec%97%85-%ea%b8%b0%ed%9a%8c\/%ed%95%9c%ea%b5%ad%ea%b3%bc-%ec%95%88%eb%8b%ac%eb%a3%a8%ec%8b%9c%ec%95%84-%ea%b2%bd%ec%a0%9c%ec%9d%98-%ea%b8%8d%ec%a0%95%ec%a0%81-%ed%8a%b9%ec%84%b1\/#breadcrumb","itemListElement":[{"@type":"ListItem","position":1,"name":"Portada","item":"https:\/\/consuladocoreandalucia.com\/ko\/"},{"@type":"ListItem","position":2,"name":"\uc0ac\uc5c5 \uae30\ud68c","item":"https:\/\/consuladocoreandalucia.com\/ko\/%ec%82%ac%ec%97%85-%ea%b8%b0%ed%9a%8c\/"},{"@type":"ListItem","position":3,"name":"\ud55c\uad6d\uacfc \uc548\ub2ec\ub8e8\uc2dc\uc544 \uacbd\uc81c\uc758 \uae0d\uc815\uc801 \ud2b9\uc131"}]},{"@type":"WebSite","@id":"https:\/\/consuladocoreandalucia.com\/#website","url":"https:\/\/consuladocoreandalucia.com\/","name":"Consulado de Corea en Andaluc\u00eda","description":"","potentialAction":[{"@type":"SearchAction","target":{"@type":"EntryPoint","urlTemplate":"https:\/\/consuladocoreandalucia.com\/?s={search_term_string}"},"query-input":{"@type":"PropertyValueSpecification","valueRequired":true,"valueName":"search_term_string"}}],"inLanguage":"ko-KR"}]}},"_links":{"self":[{"href":"https:\/\/consuladocoreandalucia.com\/ko\/wp-json\/wp\/v2\/pages\/137193","targetHints":{"allow":["GET"]}}],"collection":[{"href":"https:\/\/consuladocoreandalucia.com\/ko\/wp-json\/wp\/v2\/pages"}],"about":[{"href":"https:\/\/consuladocoreandalucia.com\/ko\/wp-json\/wp\/v2\/types\/page"}],"author":[{"embeddable":true,"href":"https:\/\/consuladocoreandalucia.com\/ko\/wp-json\/wp\/v2\/users\/1"}],"replies":[{"embeddable":true,"href":"https:\/\/consuladocoreandalucia.com\/ko\/wp-json\/wp\/v2\/comments?post=137193"}],"version-history":[{"count":5,"href":"https:\/\/consuladocoreandalucia.com\/ko\/wp-json\/wp\/v2\/pages\/137193\/revisions"}],"predecessor-version":[{"id":137350,"href":"https:\/\/consuladocoreandalucia.com\/ko\/wp-json\/wp\/v2\/pages\/137193\/revisions\/137350"}],"up":[{"embeddable":true,"href":"https:\/\/consuladocoreandalucia.com\/ko\/wp-json\/wp\/v2\/pages\/137175"}],"wp:attachment":[{"href":"https:\/\/consuladocoreandalucia.com\/ko\/wp-json\/wp\/v2\/media?parent=137193"}],"curies":[{"name":"wp","href":"https:\/\/api.w.org\/{rel}","templated":true}]}}