{"id":137182,"date":"2019-02-05T09:45:31","date_gmt":"2019-02-05T08:45:31","guid":{"rendered":"https:\/\/consuladocoreandalucia.com\/?page_id=137182"},"modified":"2019-02-05T09:48:26","modified_gmt":"2019-02-05T08:48:26","slug":"%ec%99%9c-%ed%95%9c%ea%b5%ad%ec%97%90-%ed%88%ac%ec%9e%90%ed%95%98%eb%8a%94%ea%b0%80","status":"publish","type":"page","link":"https:\/\/consuladocoreandalucia.com\/ko\/%ec%82%ac%ec%97%85-%ea%b8%b0%ed%9a%8c\/%ec%99%9c-%ed%95%9c%ea%b5%ad%ec%97%90-%ed%88%ac%ec%9e%90%ed%95%98%eb%8a%94%ea%b0%80\/","title":{"rendered":"\uc65c \ud55c\uad6d\uc5d0 \ud22c\uc790\ud558\ub294\uac00"},"content":{"rendered":"<div class=\"wpb-content-wrapper\"><p>[vc_row][vc_column][vc_column_text]<\/p>\n<div class=\"wp-block-image\">\n<figure class=\"alignleft\"><img loading=\"lazy\" decoding=\"async\" width=\"255\" height=\"255\" class=\"wp-image-137038\" src=\"https:\/\/consuladocoreandalucia.com\/wp-content\/uploads\/2019\/01\/invertir-en-Corea-255x255.jpg\" alt=\"\" srcset=\"https:\/\/consuladocoreandalucia.com\/wp-content\/uploads\/2019\/01\/invertir-en-Corea-255x255.jpg 255w, https:\/\/consuladocoreandalucia.com\/wp-content\/uploads\/2019\/01\/invertir-en-Corea-150x150.jpg 150w, https:\/\/consuladocoreandalucia.com\/wp-content\/uploads\/2019\/01\/invertir-en-Corea-50x50.jpg 50w, https:\/\/consuladocoreandalucia.com\/wp-content\/uploads\/2019\/01\/invertir-en-Corea-80x80.jpg 80w, https:\/\/consuladocoreandalucia.com\/wp-content\/uploads\/2019\/01\/invertir-en-Corea-263x263.jpg 263w, https:\/\/consuladocoreandalucia.com\/wp-content\/uploads\/2019\/01\/invertir-en-Corea-100x100.jpg 100w, https:\/\/consuladocoreandalucia.com\/wp-content\/uploads\/2019\/01\/invertir-en-Corea-526x526.jpg 526w\" sizes=\"auto, (max-width: 255px) 100vw, 255px\" \/><\/figure>\n<\/div>\n\n<div class=\"event-content\">\n<div class=\"content-dropcap\">\n<p>\ud55c\uad6d\uc758 \uc778\uad6c\ub294 5 \ucc9c\ub9cc \uba85\uc5d0 \uad6d\ub0b4 \ucd1d\uc0dd\uc0b0\uc740 1.16 \uc870 \ub2ec\ub7ec\uc5d0 \ub2ec\ud558\uba70, \ud55c\uad6d\uc740 1 \uc778\ub2f9 \uc18c\ub4dd\uc774 22,778 \ub2ec\ub7ec\uc5d0 \ub2ec\ud558\ub294 \ud070 \uc2dc\uc7a5\uc744 \uac00\uc9c0\uace0 \uc788\uc73c\uba70 \uc774\ub294 \ub192\uc740 \uad6c\ub9e4\ub825\uc744 \ucc3d\ucd9c \ud558\uace0 \uc788\uc2b5\ub2c8\ub2e4.<\/p>\n\n<p>\uc131\uc7a5 \ud558\ub294 \uad6d\uac00: 60\uc5ec\ub144 \uc804\uc5d0 \uc774 \ub098\ub77c\ub294 \uc804\uc7c1\uc73c\ub85c \ud669\ud3d0\ud654 \ub418\uc5c8\uc73c\ub098, \ud55c\uad6d\uc774 \uc138\uacc4 \uacbd\uc81c\uc5d0\uc11c \uc9c0\uc9c0\ub97c \ubc1b\uac8c \ub41c \uc774\uc720\ub294 \uad6d\uc81c \uacf5\ub3d9\uccb4\ub85c \ubd80\ud130\uc758 \uc9c0\uc6d0 \ubfd0 \ub9cc \uc544\ub2c8\ub77c, \ud55c\uad6d\uc778\uc758 \uc77c\uc5d0 \ub300\ud55c \ud5cc\uc2e0\uacfc \uc2dc\uc7a5 \uac1c\ubc29\uc744 \uc704\ud55c \uc131\uacf5\uc801\uc778 \uc815\ubd80\uc758 \uc815\ucc45, \ud601\uc2e0 \ubc0f \uae00\ub85c\ubc8c \uacbd\uc7c1\ub825 \uac15\ud654\ub97c \uc704\ud55c \uae30\uc5c5\uc758 \ub178\ub825\uc774\uc5c8\uc2b5\ub2c8\ub2e4.<\/p>\n\n<\/div>\n<\/div>\n<p>\uc138\uacc4 \uc218\uc900\uc758 \ud601\uc2e0: \uc0ac\ud68c\uc640 \uae30\uc5c5\uc740 \ud601\uc2e0\uc744 \ucd94\uad6c\ud558\uace0 \uc2e0\uae30\uc220\uc758 \uc5f0\uad6c \uac1c\ubc1c\uc5d0 \ub9ce\uc740 \ud22c\uc790\ub97c \ud558\uace0 \uc788\uc2b5\ub2c8\ub2e4.<\/p>\n\n<p>\uc9c0\uc5ed \uc0b0\uc5c5: \uacbd\uc7c1\uc774 \uce58\uc5f4\ud55c \uc0b0\uc5c5 \uc2dc\uc7a5\uc744 \uac00\uc9c0\uace0 \uc788\uc73c\uba70, \uc0bc\uc131, LG, POSCO \ub4f1\uacfc \uac19\uc740 \uc138\uacc4\uc801\uc778 \ud68c\uc0ac\uac00 \uc788\uc2b5\ub2c8\ub2e4.<\/p>\n\n<p>\ud6cc\ub96d\ud55c \uc778\ub825\uc790\uc6d0: \ud55c\uad6d\uc740 \uad50\uc721\uc5d0 \ud070 \uc5f4\uc815\uc744 \uac00\uc9c0\uace0 \uc788\uc73c\uba70, \ub300\ubd80\ubd84\uc758 \ud55c\uad6d\uc778\ub4e4\uc740 \ub300\ud559\uc744 \uc878\uc5c5\ud558\uc5ec \uc778\ub825\uc2dc\uc7a5\uc5d0 \ub098\uc12d\ub2c8\ub2e4.<\/p>\n\n<p>\uad6d\ub0b4 \uc778\ud504\ub77c: \ud55c\uad6d\uc740 \ub9e4\uc6b0 \uce58\uc548\uc774 \uc548\uc804\ud558\uace0 \uc548\uc815 \ub418\uc5b4\uc788\ub294 \uad6d\uac00\ub85c \uc720\uba85\ud558\uba70, \uad6d\uc81c\uc0ac\ud68c\uc5d0\uc11c\ub3c4 \uadf8 \uc810\uc744 \uc778\uc815 \ubc1b\uace0 \uc788\uc2b5\ub2c8\ub2e4. \ub610\ud55c \uc798 \uacc4\ud68d \ub41c \uc778\ud504\ub77c\ub85c \uc2e0\uc18d\ud558\uace0 \uc6d0\ud65c\ud55c \uc6b4\uc1a1\ubc0f \uc720\ud1b5 \ubc29\uc2dd\uc744 \uc81c\uacf5 \ud569\ub2c8\ub2e4.<\/p>\n\n<p>\ud55c\uad6d \uc815\ubd80\ub294 \uc678\uad6d \uae30\uc5c5\uc5d0 \ub300\ud55c \ud22c\uc790 \uc9c4\ud765\uc744 \uc124\ub9bd \ud588\uc2b5\ub2c8\ub2e4. \ubc95\ub960, \uc138\ubb34, \ub178\ub3d9, \uae08\uc735 \ubc0f \ud68c\uacc4 \ubd84\uc57c\uc5d0\uc11c \uc678\uad6d\uc778 \ud22c\uc790 \uc815\ucc45\uc744 \ucd09\uc9c4\ud558\uae30 \uc704\ud574 \ub178\ub825\ud558\uace0 \uc788\uc2b5\ub2c8\ub2e4.  <\/p>\n<p>\u00a0<\/p>\n<p>[\/vc_column_text][\/vc_column][\/vc_row]<\/p>\n<\/div>","protected":false},"excerpt":{"rendered":"<p>[vc_row][vc_column][vc_column_text] \ud55c\uad6d\uc758 \uc778\uad6c\ub294 5 \ucc9c\ub9cc \uba85\uc5d0 \uad6d\ub0b4 \ucd1d\uc0dd\uc0b0\uc740 1.16 \uc870 \ub2ec\ub7ec\uc5d0 \ub2ec\ud558\uba70, \ud55c\uad6d\uc740 1 \uc778\ub2f9 \uc18c\ub4dd\uc774 22,778 \ub2ec\ub7ec\uc5d0 \ub2ec\ud558\ub294 \ud070 \uc2dc\uc7a5\uc744 \uac00\uc9c0\uace0 \uc788\uc73c\uba70 \uc774\ub294 \ub192\uc740 \uad6c\ub9e4\ub825\uc744 \ucc3d\ucd9c \ud558\uace0 \uc788\uc2b5\ub2c8\ub2e4. \uc131\uc7a5 \ud558\ub294 \uad6d\uac00: 60\uc5ec\ub144 \uc804\uc5d0 \uc774 \ub098\ub77c\ub294 \uc804\uc7c1\uc73c\ub85c \ud669\ud3d0\ud654 \ub418\uc5c8\uc73c\ub098, \ud55c\uad6d\uc774 \uc138\uacc4 \uacbd\uc81c\uc5d0\uc11c \uc9c0\uc9c0\ub97c \ubc1b\uac8c \ub41c \uc774\uc720\ub294 \uad6d\uc81c \uacf5\ub3d9\uccb4\ub85c \ubd80\ud130\uc758 \uc9c0\uc6d0 \ubfd0 \ub9cc \uc544\ub2c8\ub77c, \ud55c\uad6d\uc778\uc758 \uc77c\uc5d0 [&hellip;]<\/p>\n","protected":false},"author":1,"featured_media":0,"parent":137175,"menu_order":0,"comment_status":"closed","ping_status":"closed","template":"","meta":{"footnotes":""},"class_list":["post-137182","page","type-page","status-publish","hentry"],"yoast_head":"<!-- This site is optimized with the Yoast SEO plugin v27.1.1 - https:\/\/yoast.com\/product\/yoast-seo-wordpress\/ -->\n<title>Oportunidades de invertir en Corea | Consulado de Corea en Andaluc\u00eda<\/title>\n<meta name=\"description\" content=\"Conoce las posiblidades de negocio que ofrece Corea gracias a su posici\u00f3n geogr\u00e1fica y los sectores m\u00e1s relevantes y de inter\u00e9s para todo inversor espa\u00f1ol.\" \/>\n<meta name=\"robots\" content=\"index, follow, max-snippet:-1, max-image-preview:large, max-video-preview:-1\" \/>\n<link rel=\"canonical\" href=\"https:\/\/consuladocoreandalucia.com\/ko\/\uc0ac\uc5c5-\uae30\ud68c\/\uc65c-\ud55c\uad6d\uc5d0-\ud22c\uc790\ud558\ub294\uac00\/\" \/>\n<meta property=\"og:locale\" content=\"ko_KR\" \/>\n<meta property=\"og:type\" content=\"article\" \/>\n<meta property=\"og:title\" content=\"Oportunidades de invertir en Corea | Consulado de Corea en Andaluc\u00eda\" \/>\n<meta property=\"og:description\" content=\"Conoce las posiblidades de negocio que ofrece Corea gracias a su posici\u00f3n geogr\u00e1fica y los sectores m\u00e1s relevantes y de inter\u00e9s para todo inversor espa\u00f1ol.\" \/>\n<meta property=\"og:url\" content=\"https:\/\/consuladocoreandalucia.com\/ko\/\uc0ac\uc5c5-\uae30\ud68c\/\uc65c-\ud55c\uad6d\uc5d0-\ud22c\uc790\ud558\ub294\uac00\/\" \/>\n<meta property=\"og:site_name\" content=\"Consulado de Corea en Andaluc\u00eda\" \/>\n<meta property=\"article:modified_time\" content=\"2019-02-05T08:48:26+00:00\" \/>\n<meta property=\"og:image\" content=\"https:\/\/consuladocoreandalucia.com\/wp-content\/uploads\/2019\/01\/invertir-en-Corea-255x255.jpg\" \/>\n<meta name=\"twitter:card\" content=\"summary_large_image\" \/>\n<script type=\"application\/ld+json\" class=\"yoast-schema-graph\">{\"@context\":\"https:\/\/schema.org\",\"@graph\":[{\"@type\":\"WebPage\",\"@id\":\"https:\/\/consuladocoreandalucia.com\/ko\/%ec%82%ac%ec%97%85-%ea%b8%b0%ed%9a%8c\/%ec%99%9c-%ed%95%9c%ea%b5%ad%ec%97%90-%ed%88%ac%ec%9e%90%ed%95%98%eb%8a%94%ea%b0%80\/\",\"url\":\"https:\/\/consuladocoreandalucia.com\/ko\/%ec%82%ac%ec%97%85-%ea%b8%b0%ed%9a%8c\/%ec%99%9c-%ed%95%9c%ea%b5%ad%ec%97%90-%ed%88%ac%ec%9e%90%ed%95%98%eb%8a%94%ea%b0%80\/\",\"name\":\"Oportunidades de invertir en Corea | Consulado de Corea en Andaluc\u00eda\",\"isPartOf\":{\"@id\":\"https:\/\/consuladocoreandalucia.com\/#website\"},\"primaryImageOfPage\":{\"@id\":\"https:\/\/consuladocoreandalucia.com\/ko\/%ec%82%ac%ec%97%85-%ea%b8%b0%ed%9a%8c\/%ec%99%9c-%ed%95%9c%ea%b5%ad%ec%97%90-%ed%88%ac%ec%9e%90%ed%95%98%eb%8a%94%ea%b0%80\/#primaryimage\"},\"image\":{\"@id\":\"https:\/\/consuladocoreandalucia.com\/ko\/%ec%82%ac%ec%97%85-%ea%b8%b0%ed%9a%8c\/%ec%99%9c-%ed%95%9c%ea%b5%ad%ec%97%90-%ed%88%ac%ec%9e%90%ed%95%98%eb%8a%94%ea%b0%80\/#primaryimage\"},\"thumbnailUrl\":\"https:\/\/consuladocoreandalucia.com\/wp-content\/uploads\/2019\/01\/invertir-en-Corea-255x255.jpg\",\"datePublished\":\"2019-02-05T08:45:31+00:00\",\"dateModified\":\"2019-02-05T08:48:26+00:00\",\"description\":\"Conoce las posiblidades de negocio que ofrece Corea gracias a su posici\u00f3n geogr\u00e1fica y los sectores m\u00e1s relevantes y de inter\u00e9s para todo inversor espa\u00f1ol.\",\"breadcrumb\":{\"@id\":\"https:\/\/consuladocoreandalucia.com\/ko\/%ec%82%ac%ec%97%85-%ea%b8%b0%ed%9a%8c\/%ec%99%9c-%ed%95%9c%ea%b5%ad%ec%97%90-%ed%88%ac%ec%9e%90%ed%95%98%eb%8a%94%ea%b0%80\/#breadcrumb\"},\"inLanguage\":\"ko-KR\",\"potentialAction\":[{\"@type\":\"ReadAction\",\"target\":[\"https:\/\/consuladocoreandalucia.com\/ko\/%ec%82%ac%ec%97%85-%ea%b8%b0%ed%9a%8c\/%ec%99%9c-%ed%95%9c%ea%b5%ad%ec%97%90-%ed%88%ac%ec%9e%90%ed%95%98%eb%8a%94%ea%b0%80\/\"]}]},{\"@type\":\"ImageObject\",\"inLanguage\":\"ko-KR\",\"@id\":\"https:\/\/consuladocoreandalucia.com\/ko\/%ec%82%ac%ec%97%85-%ea%b8%b0%ed%9a%8c\/%ec%99%9c-%ed%95%9c%ea%b5%ad%ec%97%90-%ed%88%ac%ec%9e%90%ed%95%98%eb%8a%94%ea%b0%80\/#primaryimage\",\"url\":\"https:\/\/consuladocoreandalucia.com\/wp-content\/uploads\/2019\/01\/invertir-en-Corea-255x255.jpg\",\"contentUrl\":\"https:\/\/consuladocoreandalucia.com\/wp-content\/uploads\/2019\/01\/invertir-en-Corea-255x255.jpg\"},{\"@type\":\"BreadcrumbList\",\"@id\":\"https:\/\/consuladocoreandalucia.com\/ko\/%ec%82%ac%ec%97%85-%ea%b8%b0%ed%9a%8c\/%ec%99%9c-%ed%95%9c%ea%b5%ad%ec%97%90-%ed%88%ac%ec%9e%90%ed%95%98%eb%8a%94%ea%b0%80\/#breadcrumb\",\"itemListElement\":[{\"@type\":\"ListItem\",\"position\":1,\"name\":\"Portada\",\"item\":\"https:\/\/consuladocoreandalucia.com\/ko\/\"},{\"@type\":\"ListItem\",\"position\":2,\"name\":\"\uc0ac\uc5c5 \uae30\ud68c\",\"item\":\"https:\/\/consuladocoreandalucia.com\/ko\/%ec%82%ac%ec%97%85-%ea%b8%b0%ed%9a%8c\/\"},{\"@type\":\"ListItem\",\"position\":3,\"name\":\"\uc65c \ud55c\uad6d\uc5d0 \ud22c\uc790\ud558\ub294\uac00\"}]},{\"@type\":\"WebSite\",\"@id\":\"https:\/\/consuladocoreandalucia.com\/#website\",\"url\":\"https:\/\/consuladocoreandalucia.com\/\",\"name\":\"Consulado de Corea en Andaluc\u00eda\",\"description\":\"\",\"potentialAction\":[{\"@type\":\"SearchAction\",\"target\":{\"@type\":\"EntryPoint\",\"urlTemplate\":\"https:\/\/consuladocoreandalucia.com\/?s={search_term_string}\"},\"query-input\":{\"@type\":\"PropertyValueSpecification\",\"valueRequired\":true,\"valueName\":\"search_term_string\"}}],\"inLanguage\":\"ko-KR\"}]}<\/script>\n<!-- \/ Yoast SEO plugin. -->","yoast_head_json":{"title":"Oportunidades de invertir en Corea | Consulado de Corea en Andaluc\u00eda","description":"Conoce las posiblidades de negocio que ofrece Corea gracias a su posici\u00f3n geogr\u00e1fica y los sectores m\u00e1s relevantes y de inter\u00e9s para todo inversor espa\u00f1ol.","robots":{"index":"index","follow":"follow","max-snippet":"max-snippet:-1","max-image-preview":"max-image-preview:large","max-video-preview":"max-video-preview:-1"},"canonical":"https:\/\/consuladocoreandalucia.com\/ko\/\uc0ac\uc5c5-\uae30\ud68c\/\uc65c-\ud55c\uad6d\uc5d0-\ud22c\uc790\ud558\ub294\uac00\/","og_locale":"ko_KR","og_type":"article","og_title":"Oportunidades de invertir en Corea | Consulado de Corea en Andaluc\u00eda","og_description":"Conoce las posiblidades de negocio que ofrece Corea gracias a su posici\u00f3n geogr\u00e1fica y los sectores m\u00e1s relevantes y de inter\u00e9s para todo inversor espa\u00f1ol.","og_url":"https:\/\/consuladocoreandalucia.com\/ko\/\uc0ac\uc5c5-\uae30\ud68c\/\uc65c-\ud55c\uad6d\uc5d0-\ud22c\uc790\ud558\ub294\uac00\/","og_site_name":"Consulado de Corea en Andaluc\u00eda","article_modified_time":"2019-02-05T08:48:26+00:00","og_image":[{"url":"https:\/\/consuladocoreandalucia.com\/wp-content\/uploads\/2019\/01\/invertir-en-Corea-255x255.jpg","type":"","width":"","height":""}],"twitter_card":"summary_large_image","schema":{"@context":"https:\/\/schema.org","@graph":[{"@type":"WebPage","@id":"https:\/\/consuladocoreandalucia.com\/ko\/%ec%82%ac%ec%97%85-%ea%b8%b0%ed%9a%8c\/%ec%99%9c-%ed%95%9c%ea%b5%ad%ec%97%90-%ed%88%ac%ec%9e%90%ed%95%98%eb%8a%94%ea%b0%80\/","url":"https:\/\/consuladocoreandalucia.com\/ko\/%ec%82%ac%ec%97%85-%ea%b8%b0%ed%9a%8c\/%ec%99%9c-%ed%95%9c%ea%b5%ad%ec%97%90-%ed%88%ac%ec%9e%90%ed%95%98%eb%8a%94%ea%b0%80\/","name":"Oportunidades de invertir en Corea | Consulado de Corea en Andaluc\u00eda","isPartOf":{"@id":"https:\/\/consuladocoreandalucia.com\/#website"},"primaryImageOfPage":{"@id":"https:\/\/consuladocoreandalucia.com\/ko\/%ec%82%ac%ec%97%85-%ea%b8%b0%ed%9a%8c\/%ec%99%9c-%ed%95%9c%ea%b5%ad%ec%97%90-%ed%88%ac%ec%9e%90%ed%95%98%eb%8a%94%ea%b0%80\/#primaryimage"},"image":{"@id":"https:\/\/consuladocoreandalucia.com\/ko\/%ec%82%ac%ec%97%85-%ea%b8%b0%ed%9a%8c\/%ec%99%9c-%ed%95%9c%ea%b5%ad%ec%97%90-%ed%88%ac%ec%9e%90%ed%95%98%eb%8a%94%ea%b0%80\/#primaryimage"},"thumbnailUrl":"https:\/\/consuladocoreandalucia.com\/wp-content\/uploads\/2019\/01\/invertir-en-Corea-255x255.jpg","datePublished":"2019-02-05T08:45:31+00:00","dateModified":"2019-02-05T08:48:26+00:00","description":"Conoce las posiblidades de negocio que ofrece Corea gracias a su posici\u00f3n geogr\u00e1fica y los sectores m\u00e1s relevantes y de inter\u00e9s para todo inversor espa\u00f1ol.","breadcrumb":{"@id":"https:\/\/consuladocoreandalucia.com\/ko\/%ec%82%ac%ec%97%85-%ea%b8%b0%ed%9a%8c\/%ec%99%9c-%ed%95%9c%ea%b5%ad%ec%97%90-%ed%88%ac%ec%9e%90%ed%95%98%eb%8a%94%ea%b0%80\/#breadcrumb"},"inLanguage":"ko-KR","potentialAction":[{"@type":"ReadAction","target":["https:\/\/consuladocoreandalucia.com\/ko\/%ec%82%ac%ec%97%85-%ea%b8%b0%ed%9a%8c\/%ec%99%9c-%ed%95%9c%ea%b5%ad%ec%97%90-%ed%88%ac%ec%9e%90%ed%95%98%eb%8a%94%ea%b0%80\/"]}]},{"@type":"ImageObject","inLanguage":"ko-KR","@id":"https:\/\/consuladocoreandalucia.com\/ko\/%ec%82%ac%ec%97%85-%ea%b8%b0%ed%9a%8c\/%ec%99%9c-%ed%95%9c%ea%b5%ad%ec%97%90-%ed%88%ac%ec%9e%90%ed%95%98%eb%8a%94%ea%b0%80\/#primaryimage","url":"https:\/\/consuladocoreandalucia.com\/wp-content\/uploads\/2019\/01\/invertir-en-Corea-255x255.jpg","contentUrl":"https:\/\/consuladocoreandalucia.com\/wp-content\/uploads\/2019\/01\/invertir-en-Corea-255x255.jpg"},{"@type":"BreadcrumbList","@id":"https:\/\/consuladocoreandalucia.com\/ko\/%ec%82%ac%ec%97%85-%ea%b8%b0%ed%9a%8c\/%ec%99%9c-%ed%95%9c%ea%b5%ad%ec%97%90-%ed%88%ac%ec%9e%90%ed%95%98%eb%8a%94%ea%b0%80\/#breadcrumb","itemListElement":[{"@type":"ListItem","position":1,"name":"Portada","item":"https:\/\/consuladocoreandalucia.com\/ko\/"},{"@type":"ListItem","position":2,"name":"\uc0ac\uc5c5 \uae30\ud68c","item":"https:\/\/consuladocoreandalucia.com\/ko\/%ec%82%ac%ec%97%85-%ea%b8%b0%ed%9a%8c\/"},{"@type":"ListItem","position":3,"name":"\uc65c \ud55c\uad6d\uc5d0 \ud22c\uc790\ud558\ub294\uac00"}]},{"@type":"WebSite","@id":"https:\/\/consuladocoreandalucia.com\/#website","url":"https:\/\/consuladocoreandalucia.com\/","name":"Consulado de Corea en Andaluc\u00eda","description":"","potentialAction":[{"@type":"SearchAction","target":{"@type":"EntryPoint","urlTemplate":"https:\/\/consuladocoreandalucia.com\/?s={search_term_string}"},"query-input":{"@type":"PropertyValueSpecification","valueRequired":true,"valueName":"search_term_string"}}],"inLanguage":"ko-KR"}]}},"_links":{"self":[{"href":"https:\/\/consuladocoreandalucia.com\/ko\/wp-json\/wp\/v2\/pages\/137182","targetHints":{"allow":["GET"]}}],"collection":[{"href":"https:\/\/consuladocoreandalucia.com\/ko\/wp-json\/wp\/v2\/pages"}],"about":[{"href":"https:\/\/consuladocoreandalucia.com\/ko\/wp-json\/wp\/v2\/types\/page"}],"author":[{"embeddable":true,"href":"https:\/\/consuladocoreandalucia.com\/ko\/wp-json\/wp\/v2\/users\/1"}],"replies":[{"embeddable":true,"href":"https:\/\/consuladocoreandalucia.com\/ko\/wp-json\/wp\/v2\/comments?post=137182"}],"version-history":[{"count":3,"href":"https:\/\/consuladocoreandalucia.com\/ko\/wp-json\/wp\/v2\/pages\/137182\/revisions"}],"predecessor-version":[{"id":137185,"href":"https:\/\/consuladocoreandalucia.com\/ko\/wp-json\/wp\/v2\/pages\/137182\/revisions\/137185"}],"up":[{"embeddable":true,"href":"https:\/\/consuladocoreandalucia.com\/ko\/wp-json\/wp\/v2\/pages\/137175"}],"wp:attachment":[{"href":"https:\/\/consuladocoreandalucia.com\/ko\/wp-json\/wp\/v2\/media?parent=137182"}],"curies":[{"name":"wp","href":"https:\/\/api.w.org\/{rel}","templated":true}]}}