{"id":137178,"date":"2019-02-05T09:38:34","date_gmt":"2019-02-05T08:38:34","guid":{"rendered":"https:\/\/consuladocoreandalucia.com\/?page_id=137178"},"modified":"2019-02-05T09:43:01","modified_gmt":"2019-02-05T08:43:01","slug":"%ec%99%9c-%ec%95%88%eb%8b%ac%eb%a3%a8%ec%8b%9c%ec%95%84%ec%97%90-%ed%88%ac%ec%9e%90-%ed%95%98%eb%8a%94%ea%b0%80","status":"publish","type":"page","link":"https:\/\/consuladocoreandalucia.com\/ko\/%ec%82%ac%ec%97%85-%ea%b8%b0%ed%9a%8c\/%ec%99%9c-%ec%95%88%eb%8b%ac%eb%a3%a8%ec%8b%9c%ec%95%84%ec%97%90-%ed%88%ac%ec%9e%90-%ed%95%98%eb%8a%94%ea%b0%80\/","title":{"rendered":"\uc65c \uc548\ub2ec\ub8e8\uc2dc\uc544\uc5d0 \ud22c\uc790 \ud558\ub294\uac00?"},"content":{"rendered":"<div class=\"wpb-content-wrapper\"><p>[vc_row][vc_column][vc_column_text]<\/p>\n<div class=\"wp-block-image\">\n<figure class=\"alignleft\"><img loading=\"lazy\" decoding=\"async\" width=\"255\" height=\"255\" class=\"wp-image-137033\" src=\"https:\/\/consuladocoreandalucia.com\/wp-content\/uploads\/2019\/01\/invertir-en-Andaluc\u00eda-255x255.jpg\" alt=\"\" srcset=\"https:\/\/consuladocoreandalucia.com\/wp-content\/uploads\/2019\/01\/invertir-en-Andaluc\u00eda-255x255.jpg 255w, https:\/\/consuladocoreandalucia.com\/wp-content\/uploads\/2019\/01\/invertir-en-Andaluc\u00eda-150x150.jpg 150w, https:\/\/consuladocoreandalucia.com\/wp-content\/uploads\/2019\/01\/invertir-en-Andaluc\u00eda-50x50.jpg 50w, https:\/\/consuladocoreandalucia.com\/wp-content\/uploads\/2019\/01\/invertir-en-Andaluc\u00eda-80x80.jpg 80w, https:\/\/consuladocoreandalucia.com\/wp-content\/uploads\/2019\/01\/invertir-en-Andaluc\u00eda-263x263.jpg 263w, https:\/\/consuladocoreandalucia.com\/wp-content\/uploads\/2019\/01\/invertir-en-Andaluc\u00eda-100x100.jpg 100w, https:\/\/consuladocoreandalucia.com\/wp-content\/uploads\/2019\/01\/invertir-en-Andaluc\u00eda-526x526.jpg 526w\" sizes=\"auto, (max-width: 255px) 100vw, 255px\" \/><\/figure>\n<\/div>\n\n<div class=\"event-content\">\n<div class=\"content-dropcap\">\n<p><strong>\uc9c0\ub9ac\uc801 \uc704\uce58<\/strong><\/p>\n\n<p>\uc9c0\uc911\ud574\uc758 \uad00\ubb38\uc774\uc790 EU\uc640 \uc544\ud504\ub9ac\uce74\uc758 \uc5f0\uacb0 \uace0\ub9ac\uc778 \uc548\ub2ec\ub8e8\uc2dc\uc544\ub294 \uc0ac\uc5c5\uc0c1 \ud2b9\uad8c\uc801\uc778 \uc9c0\uc704\ub97c \ub204\ub9ac\ub294 \uc704\uce58\uc5d0 \uc790\ub9ac\ud558\uace0 \uc788\uc2b5\ub2c8\ub2e4.<\/p>\n\n<p><strong>\uc2dc\uc7a5 \ub370\uc774\ud130 <\/strong><\/p>\n\n<p>\uc548\ub2ec\ub8e8\uc2dc\uc544\uc758 800 \ub9cc \uba85 \uc774\uc0c1\uc758 \uc18c\ube44\uc790\uc640 50 \ub9cc \uac1c \uc774\uc0c1\uc758 \uae30\uc5c5\uc774 \uc7a0\uc7ac\ub418\uc5b4\uc788\ub294 \uc2dc\uc7a5\uc740 \ub9e4\uc6b0 \ud070 \uac00\ub2a5\uc131\uc744 \uac00\uc9c0\uace0 \uc788\uc2b5\ub2c8\ub2e4.  \uc774\ub294 \ub610\ud55c \ud604\ub300\uc801\uc778 \uc778\ud504\ub77c\ub97c \uc81c\uacf5\ud569\ub2c8\ub2e4.<\/p>\n<p><strong>\ub113\uc740 \ub3c4\ub85c\ub9dd<\/strong><\/p>\n<p>\uc138\ube44\uc57c, \ucf54\ub974\ub3c4\ubc14, \ub9d0\ub77c\uac00\ub97c \ub9c8\ub4dc\ub9ac\ub4dc\ub85c \uc5f0\uacb0\ud558\ub294 \uace0\uc18d \uc5f4\ucc28. \ucd5c\ub300 2 \uc2dc\uac04 30 \ubd84\uc774 \uc18c\uc694\ub429\ub2c8\ub2e4. \uc548\ub2ec\ub8e8\uc2dc\uc544\uc5d0 \uc704\uce58\ud55c 6 \uac1c\uc758 \uacf5\ud56d \uc911 5 \uac1c \uacf5\ud56d\uc774 \uad6d\uc81c \uacf5\ud56d\uc785\ub2c8\ub2e4.<\/p>\n<p>\uc81c\ud488\uc744 \uc218\ub839\ud558\uace0 \uc120\uc801\ud558\uae30\uc704\ud55c 10 \uac1c\uc758 \ud56d\uad6c\uac00 \uc788\uc73c\uba70 \uadf8 \uc911 \ucd1d \ucee8\ud14c\uc774\ub108 \uc6b4\uc1a1\uc744 \ud560 \uc218 \uc788\ub294 \uc9c0\uc911\ud574\uc758 \uccab \ubc88\uc9f8 \ud56d\uad6c \uc778 Algeciras\uc5d0 \ud56d\uad6c\uac00 \uc788\uc2b5\ub2c8\ub2e4.<\/p>\n<p><strong>\uacbd\uc7c1\ub825 <\/strong><\/p>\n<p>\uae30\uc5c5\uc740 \ub2e4\ub978 \uc720\ub7fd \uad6d\uac00\uc640 \ube44\uad50\ud558\uc5ec \uc720\ub7fd \ud3c9\uade0, \uacbd\uc7c1\ub825\uc788\ub294 \uae09\uc5ec \ubc0f \ub9e4\uc6b0 \ub0ae\uc740 \uc6b4\uc601 \ube44\uc6a9, \ubcf4\ub2e4 \ub192\uc740 \uc0dd\uc0b0\uc131 \uc218\uc900\uc758 \uc774\uc810\uc744 \ub204\ub9b4 \uc218 \uc788\uc2b5\ub2c8\ub2e4. \ub2e4\uad6d\uc801 \uc0dd\uc0b0 \uc13c\ud130 \uac1c\uc124\uacfc \uc548\ub2ec\ub8e8\uc2dc\uc544\uc5d0 \uc124\uce58\ub41c 2,000 \uac1c \uc774\uc0c1\uc758 \uc678\uad6d \uae30\uc5c5\uc774 \uac00\uc7a5 \ud070 \uc99d\uac70\uc785\ub2c8\ub2e4.<\/p>\n<p><strong>\uc131\uacf5 \uc0ac\ub840<\/strong><\/p>\n<p>\ub9ce\uc740 \uc778\uc7ac\uc640 \ud601\uc2e0\uc801\uc778 \uc131\ud5a5\uc744 \uc9c0\ub2cc \uc80a\uc740 \uc778\uad6c. \uc548\ub2ec\ub8e8\uc2dc\uc544\ub294 \uc911\uc694\ud55c R &#038; D \ubc0f I \ub124\ud2b8\uc6cc\ud06c, 10 \uac1c\uc758 \uacf5\ub9bd \ub300\ud559\uad50, 11 \uac1c\uc758 \uae30\uc220 \uacf5\uc6d0 \ubc0f 30 \uac1c \uc774\uc0c1\uc758 \ud601\uc2e0 \uc13c\ud130\uac00\uc788\ub294 \ub300\ud559\uc0dd\uc758 \uad6d\uac00 \uc218\uc900\uc5d0\uc11c \uc120\ub3c4 \uc9c0\uc5ed \uc911 \ud558\ub098 \uc785\ub2c8\ub2e4.<\/p>\n<p>\uc720\ub9ac\ud55c \ubc95\uc801 \ud504\ub808\uc784 \uc6cc\ud06c . \uc548\ub2ec\ub8e8\uc2dc\uc544\uc5d0\uc11c \uc124\ub9bd\ud558\ub824\ub294 \ud68c\uc0ac\ub97c \uc9c0\uc6d0\ud558\ub294 \uc77c\ub828\uc758 \ubb34\ub8cc \uc11c\ube44\uc2a4\ub97c \uc81c\uacf5\ud569\ub2c8\ub2e4.<\/p>\n<p>\uc548\ub2ec\ub8e8\uc2dc\uc544\ub294 \uae30\uc5c5\uc774 EU \ucc3d\uc5c5 \ubc0f \uae30\uc5c5 \uadfc\ub300\ud654\uc5d0 \ub3c4\uc6c0\uc774 \ub420 \uc218\uc788\ub294 \uc735\ud569\uc758 \uc601\uc5ed\uc785\ub2c8\ub2e4.<\/p>\n<\/div>\n<\/div>\n\n<p>&nbsp;<\/p>\n<p>[\/vc_column_text][\/vc_column][\/vc_row]<\/p>\n<\/div>","protected":false},"excerpt":{"rendered":"<p>[vc_row][vc_column][vc_column_text] \uc9c0\ub9ac\uc801 \uc704\uce58 \uc9c0\uc911\ud574\uc758 \uad00\ubb38\uc774\uc790 EU\uc640 \uc544\ud504\ub9ac\uce74\uc758 \uc5f0\uacb0 \uace0\ub9ac\uc778 \uc548\ub2ec\ub8e8\uc2dc\uc544\ub294 \uc0ac\uc5c5\uc0c1 \ud2b9\uad8c\uc801\uc778 \uc9c0\uc704\ub97c \ub204\ub9ac\ub294 \uc704\uce58\uc5d0 \uc790\ub9ac\ud558\uace0 \uc788\uc2b5\ub2c8\ub2e4. \uc2dc\uc7a5 \ub370\uc774\ud130 \uc548\ub2ec\ub8e8\uc2dc\uc544\uc758 800 \ub9cc \uba85 \uc774\uc0c1\uc758 \uc18c\ube44\uc790\uc640 50 \ub9cc \uac1c \uc774\uc0c1\uc758 \uae30\uc5c5\uc774 \uc7a0\uc7ac\ub418\uc5b4\uc788\ub294 \uc2dc\uc7a5\uc740 \ub9e4\uc6b0 \ud070 \uac00\ub2a5\uc131\uc744 \uac00\uc9c0\uace0 \uc788\uc2b5\ub2c8\ub2e4. \uc774\ub294 \ub610\ud55c \ud604\ub300\uc801\uc778 \uc778\ud504\ub77c\ub97c \uc81c\uacf5\ud569\ub2c8\ub2e4. \ub113\uc740 \ub3c4\ub85c\ub9dd \uc138\ube44\uc57c, \ucf54\ub974\ub3c4\ubc14, \ub9d0\ub77c\uac00\ub97c \ub9c8\ub4dc\ub9ac\ub4dc\ub85c \uc5f0\uacb0\ud558\ub294 \uace0\uc18d \uc5f4\ucc28. \ucd5c\ub300 2 \uc2dc\uac04 30 [&hellip;]<\/p>\n","protected":false},"author":1,"featured_media":0,"parent":137175,"menu_order":0,"comment_status":"closed","ping_status":"closed","template":"","meta":{"footnotes":""},"class_list":["post-137178","page","type-page","status-publish","hentry"],"yoast_head":"<!-- This site is optimized with the Yoast SEO plugin v27.1.1 - https:\/\/yoast.com\/product\/yoast-seo-wordpress\/ -->\n<title>Oportunidades de inversi\u00f3n en Andaluc\u00eda | Consulado de Corea en Andaluc\u00eda<\/title>\n<meta name=\"description\" content=\"Conoce las posiblidades de negocio que ofrece Andaluc\u00eda gracias a su posici\u00f3n geogr\u00e1fica y los sectores m\u00f1as relevantes y de inter\u00e9s para todo inversor.\" \/>\n<meta name=\"robots\" content=\"index, follow, max-snippet:-1, max-image-preview:large, max-video-preview:-1\" \/>\n<link rel=\"canonical\" href=\"https:\/\/consuladocoreandalucia.com\/ko\/\uc0ac\uc5c5-\uae30\ud68c\/\uc65c-\uc548\ub2ec\ub8e8\uc2dc\uc544\uc5d0-\ud22c\uc790-\ud558\ub294\uac00\/\" \/>\n<meta property=\"og:locale\" content=\"ko_KR\" \/>\n<meta property=\"og:type\" content=\"article\" \/>\n<meta property=\"og:title\" content=\"Oportunidades de inversi\u00f3n en Andaluc\u00eda | Consulado de Corea en Andaluc\u00eda\" \/>\n<meta property=\"og:description\" content=\"Conoce las posiblidades de negocio que ofrece Andaluc\u00eda gracias a su posici\u00f3n geogr\u00e1fica y los sectores m\u00f1as relevantes y de inter\u00e9s para todo inversor.\" \/>\n<meta property=\"og:url\" content=\"https:\/\/consuladocoreandalucia.com\/ko\/\uc0ac\uc5c5-\uae30\ud68c\/\uc65c-\uc548\ub2ec\ub8e8\uc2dc\uc544\uc5d0-\ud22c\uc790-\ud558\ub294\uac00\/\" \/>\n<meta property=\"og:site_name\" content=\"Consulado de Corea en Andaluc\u00eda\" \/>\n<meta property=\"article:modified_time\" content=\"2019-02-05T08:43:01+00:00\" \/>\n<meta name=\"twitter:card\" content=\"summary_large_image\" \/>\n<script type=\"application\/ld+json\" class=\"yoast-schema-graph\">{\"@context\":\"https:\/\/schema.org\",\"@graph\":[{\"@type\":\"WebPage\",\"@id\":\"https:\/\/consuladocoreandalucia.com\/ko\/%ec%82%ac%ec%97%85-%ea%b8%b0%ed%9a%8c\/%ec%99%9c-%ec%95%88%eb%8b%ac%eb%a3%a8%ec%8b%9c%ec%95%84%ec%97%90-%ed%88%ac%ec%9e%90-%ed%95%98%eb%8a%94%ea%b0%80\/\",\"url\":\"https:\/\/consuladocoreandalucia.com\/ko\/%ec%82%ac%ec%97%85-%ea%b8%b0%ed%9a%8c\/%ec%99%9c-%ec%95%88%eb%8b%ac%eb%a3%a8%ec%8b%9c%ec%95%84%ec%97%90-%ed%88%ac%ec%9e%90-%ed%95%98%eb%8a%94%ea%b0%80\/\",\"name\":\"Oportunidades de inversi\u00f3n en Andaluc\u00eda | Consulado de Corea en Andaluc\u00eda\",\"isPartOf\":{\"@id\":\"https:\/\/consuladocoreandalucia.com\/#website\"},\"datePublished\":\"2019-02-05T08:38:34+00:00\",\"dateModified\":\"2019-02-05T08:43:01+00:00\",\"description\":\"Conoce las posiblidades de negocio que ofrece Andaluc\u00eda gracias a su posici\u00f3n geogr\u00e1fica y los sectores m\u00f1as relevantes y de inter\u00e9s para todo inversor.\",\"breadcrumb\":{\"@id\":\"https:\/\/consuladocoreandalucia.com\/ko\/%ec%82%ac%ec%97%85-%ea%b8%b0%ed%9a%8c\/%ec%99%9c-%ec%95%88%eb%8b%ac%eb%a3%a8%ec%8b%9c%ec%95%84%ec%97%90-%ed%88%ac%ec%9e%90-%ed%95%98%eb%8a%94%ea%b0%80\/#breadcrumb\"},\"inLanguage\":\"ko-KR\",\"potentialAction\":[{\"@type\":\"ReadAction\",\"target\":[\"https:\/\/consuladocoreandalucia.com\/ko\/%ec%82%ac%ec%97%85-%ea%b8%b0%ed%9a%8c\/%ec%99%9c-%ec%95%88%eb%8b%ac%eb%a3%a8%ec%8b%9c%ec%95%84%ec%97%90-%ed%88%ac%ec%9e%90-%ed%95%98%eb%8a%94%ea%b0%80\/\"]}]},{\"@type\":\"BreadcrumbList\",\"@id\":\"https:\/\/consuladocoreandalucia.com\/ko\/%ec%82%ac%ec%97%85-%ea%b8%b0%ed%9a%8c\/%ec%99%9c-%ec%95%88%eb%8b%ac%eb%a3%a8%ec%8b%9c%ec%95%84%ec%97%90-%ed%88%ac%ec%9e%90-%ed%95%98%eb%8a%94%ea%b0%80\/#breadcrumb\",\"itemListElement\":[{\"@type\":\"ListItem\",\"position\":1,\"name\":\"Portada\",\"item\":\"https:\/\/consuladocoreandalucia.com\/ko\/\"},{\"@type\":\"ListItem\",\"position\":2,\"name\":\"\uc0ac\uc5c5 \uae30\ud68c\",\"item\":\"https:\/\/consuladocoreandalucia.com\/ko\/%ec%82%ac%ec%97%85-%ea%b8%b0%ed%9a%8c\/\"},{\"@type\":\"ListItem\",\"position\":3,\"name\":\"\uc65c \uc548\ub2ec\ub8e8\uc2dc\uc544\uc5d0 \ud22c\uc790 \ud558\ub294\uac00?\"}]},{\"@type\":\"WebSite\",\"@id\":\"https:\/\/consuladocoreandalucia.com\/#website\",\"url\":\"https:\/\/consuladocoreandalucia.com\/\",\"name\":\"Consulado de Corea en Andaluc\u00eda\",\"description\":\"\",\"potentialAction\":[{\"@type\":\"SearchAction\",\"target\":{\"@type\":\"EntryPoint\",\"urlTemplate\":\"https:\/\/consuladocoreandalucia.com\/?s={search_term_string}\"},\"query-input\":{\"@type\":\"PropertyValueSpecification\",\"valueRequired\":true,\"valueName\":\"search_term_string\"}}],\"inLanguage\":\"ko-KR\"}]}<\/script>\n<!-- \/ Yoast SEO plugin. -->","yoast_head_json":{"title":"Oportunidades de inversi\u00f3n en Andaluc\u00eda | Consulado de Corea en Andaluc\u00eda","description":"Conoce las posiblidades de negocio que ofrece Andaluc\u00eda gracias a su posici\u00f3n geogr\u00e1fica y los sectores m\u00f1as relevantes y de inter\u00e9s para todo inversor.","robots":{"index":"index","follow":"follow","max-snippet":"max-snippet:-1","max-image-preview":"max-image-preview:large","max-video-preview":"max-video-preview:-1"},"canonical":"https:\/\/consuladocoreandalucia.com\/ko\/\uc0ac\uc5c5-\uae30\ud68c\/\uc65c-\uc548\ub2ec\ub8e8\uc2dc\uc544\uc5d0-\ud22c\uc790-\ud558\ub294\uac00\/","og_locale":"ko_KR","og_type":"article","og_title":"Oportunidades de inversi\u00f3n en Andaluc\u00eda | Consulado de Corea en Andaluc\u00eda","og_description":"Conoce las posiblidades de negocio que ofrece Andaluc\u00eda gracias a su posici\u00f3n geogr\u00e1fica y los sectores m\u00f1as relevantes y de inter\u00e9s para todo inversor.","og_url":"https:\/\/consuladocoreandalucia.com\/ko\/\uc0ac\uc5c5-\uae30\ud68c\/\uc65c-\uc548\ub2ec\ub8e8\uc2dc\uc544\uc5d0-\ud22c\uc790-\ud558\ub294\uac00\/","og_site_name":"Consulado de Corea en Andaluc\u00eda","article_modified_time":"2019-02-05T08:43:01+00:00","twitter_card":"summary_large_image","schema":{"@context":"https:\/\/schema.org","@graph":[{"@type":"WebPage","@id":"https:\/\/consuladocoreandalucia.com\/ko\/%ec%82%ac%ec%97%85-%ea%b8%b0%ed%9a%8c\/%ec%99%9c-%ec%95%88%eb%8b%ac%eb%a3%a8%ec%8b%9c%ec%95%84%ec%97%90-%ed%88%ac%ec%9e%90-%ed%95%98%eb%8a%94%ea%b0%80\/","url":"https:\/\/consuladocoreandalucia.com\/ko\/%ec%82%ac%ec%97%85-%ea%b8%b0%ed%9a%8c\/%ec%99%9c-%ec%95%88%eb%8b%ac%eb%a3%a8%ec%8b%9c%ec%95%84%ec%97%90-%ed%88%ac%ec%9e%90-%ed%95%98%eb%8a%94%ea%b0%80\/","name":"Oportunidades de inversi\u00f3n en Andaluc\u00eda | Consulado de Corea en Andaluc\u00eda","isPartOf":{"@id":"https:\/\/consuladocoreandalucia.com\/#website"},"datePublished":"2019-02-05T08:38:34+00:00","dateModified":"2019-02-05T08:43:01+00:00","description":"Conoce las posiblidades de negocio que ofrece Andaluc\u00eda gracias a su posici\u00f3n geogr\u00e1fica y los sectores m\u00f1as relevantes y de inter\u00e9s para todo inversor.","breadcrumb":{"@id":"https:\/\/consuladocoreandalucia.com\/ko\/%ec%82%ac%ec%97%85-%ea%b8%b0%ed%9a%8c\/%ec%99%9c-%ec%95%88%eb%8b%ac%eb%a3%a8%ec%8b%9c%ec%95%84%ec%97%90-%ed%88%ac%ec%9e%90-%ed%95%98%eb%8a%94%ea%b0%80\/#breadcrumb"},"inLanguage":"ko-KR","potentialAction":[{"@type":"ReadAction","target":["https:\/\/consuladocoreandalucia.com\/ko\/%ec%82%ac%ec%97%85-%ea%b8%b0%ed%9a%8c\/%ec%99%9c-%ec%95%88%eb%8b%ac%eb%a3%a8%ec%8b%9c%ec%95%84%ec%97%90-%ed%88%ac%ec%9e%90-%ed%95%98%eb%8a%94%ea%b0%80\/"]}]},{"@type":"BreadcrumbList","@id":"https:\/\/consuladocoreandalucia.com\/ko\/%ec%82%ac%ec%97%85-%ea%b8%b0%ed%9a%8c\/%ec%99%9c-%ec%95%88%eb%8b%ac%eb%a3%a8%ec%8b%9c%ec%95%84%ec%97%90-%ed%88%ac%ec%9e%90-%ed%95%98%eb%8a%94%ea%b0%80\/#breadcrumb","itemListElement":[{"@type":"ListItem","position":1,"name":"Portada","item":"https:\/\/consuladocoreandalucia.com\/ko\/"},{"@type":"ListItem","position":2,"name":"\uc0ac\uc5c5 \uae30\ud68c","item":"https:\/\/consuladocoreandalucia.com\/ko\/%ec%82%ac%ec%97%85-%ea%b8%b0%ed%9a%8c\/"},{"@type":"ListItem","position":3,"name":"\uc65c \uc548\ub2ec\ub8e8\uc2dc\uc544\uc5d0 \ud22c\uc790 \ud558\ub294\uac00?"}]},{"@type":"WebSite","@id":"https:\/\/consuladocoreandalucia.com\/#website","url":"https:\/\/consuladocoreandalucia.com\/","name":"Consulado de Corea en Andaluc\u00eda","description":"","potentialAction":[{"@type":"SearchAction","target":{"@type":"EntryPoint","urlTemplate":"https:\/\/consuladocoreandalucia.com\/?s={search_term_string}"},"query-input":{"@type":"PropertyValueSpecification","valueRequired":true,"valueName":"search_term_string"}}],"inLanguage":"ko-KR"}]}},"_links":{"self":[{"href":"https:\/\/consuladocoreandalucia.com\/ko\/wp-json\/wp\/v2\/pages\/137178","targetHints":{"allow":["GET"]}}],"collection":[{"href":"https:\/\/consuladocoreandalucia.com\/ko\/wp-json\/wp\/v2\/pages"}],"about":[{"href":"https:\/\/consuladocoreandalucia.com\/ko\/wp-json\/wp\/v2\/types\/page"}],"author":[{"embeddable":true,"href":"https:\/\/consuladocoreandalucia.com\/ko\/wp-json\/wp\/v2\/users\/1"}],"replies":[{"embeddable":true,"href":"https:\/\/consuladocoreandalucia.com\/ko\/wp-json\/wp\/v2\/comments?post=137178"}],"version-history":[{"count":3,"href":"https:\/\/consuladocoreandalucia.com\/ko\/wp-json\/wp\/v2\/pages\/137178\/revisions"}],"predecessor-version":[{"id":137181,"href":"https:\/\/consuladocoreandalucia.com\/ko\/wp-json\/wp\/v2\/pages\/137178\/revisions\/137181"}],"up":[{"embeddable":true,"href":"https:\/\/consuladocoreandalucia.com\/ko\/wp-json\/wp\/v2\/pages\/137175"}],"wp:attachment":[{"href":"https:\/\/consuladocoreandalucia.com\/ko\/wp-json\/wp\/v2\/media?parent=137178"}],"curies":[{"name":"wp","href":"https:\/\/api.w.org\/{rel}","templated":true}]}}