{"id":137170,"date":"2019-02-04T17:56:00","date_gmt":"2019-02-04T16:56:00","guid":{"rendered":"https:\/\/consuladocoreandalucia.com\/?page_id=137170"},"modified":"2019-03-11T11:52:08","modified_gmt":"2019-03-11T10:52:08","slug":"%ec%97%b0%eb%9d%bd%ec%b2%98","status":"publish","type":"page","link":"https:\/\/consuladocoreandalucia.com\/ko\/%ec%97%b0%eb%9d%bd%ec%b2%98\/","title":{"rendered":"\uc5f0\ub77d\ucc98"},"content":{"rendered":"<div class=\"wpb-content-wrapper\"><p>[vc_row][vc_column width=&#8221;1\/2&#8243;][vc_wp_text text=&#8221;At vero eos et accusamus et iusto odio dignissimos ducimus qui blanditiis praesentium voluptatum deleniti atque corrupti quos. At vero eos et accusamus et iusto odio dignissimos. At vero eos et accusamus et iusto odio dignissimos.<\/p>\n<p>Email: example@gmail.com<br \/>\nAddress: 123 Main Street, Chicago, USA<br \/>\nTelephone: 0123 456 789&#8243; el_class=&#8221;u-underline&#8221;]\ub354 \ub9ce\uc740 \uc815\ubcf4\ub97c \uc6d0\ud558\uc2dc\uac70\ub098 \uc9c8\ubb38\uc774 \uc788\uc73c\uc2dc\ub2e4\uba74 \uc5b8\uc81c\ub4e0\uc9c0 \uc800\ud76c\uc5d0\uac8c \uc5f0\ub77d \ud574 \uc8fc\uc2ed\uc2dc\uc624. \uc6d0\ud558\uc2dc\ub294 \ub2f5\ubcc0\uc744 \uc81c\uacf5\ud574 \ub4dc\ub9ac\ub3c4\ub85d \ub178\ub825 \ud558\uaca0\uc2b5\ub2c8\ub2e4. [\/vc_wp_text]\n<div class=\"wpcf7 no-js\" id=\"wpcf7-f6-o1\" lang=\"en-US\" dir=\"ltr\" data-wpcf7-id=\"6\">\n<div class=\"screen-reader-response\"><p role=\"status\" aria-live=\"polite\" aria-atomic=\"true\"><\/p> <ul><\/ul><\/div>\n<form action=\"\/ko\/wp-json\/wp\/v2\/pages\/137170#wpcf7-f6-o1\" method=\"post\" class=\"wpcf7-form init\" aria-label=\"Contact form\" novalidate=\"novalidate\" data-status=\"init\">\n<fieldset class=\"hidden-fields-container\"><input type=\"hidden\" name=\"_wpcf7\" value=\"6\" \/><input type=\"hidden\" name=\"_wpcf7_version\" value=\"6.1.5\" \/><input type=\"hidden\" name=\"_wpcf7_locale\" value=\"en_US\" \/><input type=\"hidden\" name=\"_wpcf7_unit_tag\" value=\"wpcf7-f6-o1\" \/><input type=\"hidden\" name=\"_wpcf7_container_post\" value=\"0\" \/><input type=\"hidden\" name=\"_wpcf7_posted_data_hash\" value=\"\" \/><input type=\"hidden\" name=\"_wpcf7_recaptcha_response\" value=\"\" \/>\n<\/fieldset>\n<p><span class=\"wpcf7-form-control-wrap\" data-name=\"your-name\"><input size=\"40\" maxlength=\"400\" class=\"wpcf7-form-control wpcf7-text wpcf7-validates-as-required\" aria-required=\"true\" aria-invalid=\"false\" placeholder=\"\uc774\ub984\" value=\"\" type=\"text\" name=\"your-name\" \/><\/span>\n<\/p>\n<p><span class=\"wpcf7-form-control-wrap\" data-name=\"your-email\"><input size=\"40\" maxlength=\"400\" class=\"wpcf7-form-control wpcf7-email wpcf7-validates-as-required wpcf7-text wpcf7-validates-as-email\" aria-required=\"true\" aria-invalid=\"false\" placeholder=\"\uc774\uba54\uc77c\" value=\"\" type=\"email\" name=\"your-email\" \/><\/span>\n<\/p>\n<p><span class=\"wpcf7-form-control-wrap\" data-name=\"your-subject\"><input size=\"40\" maxlength=\"400\" class=\"wpcf7-form-control wpcf7-text\" aria-invalid=\"false\" placeholder=\"\uc81c\ubaa9\" value=\"\" type=\"text\" name=\"your-subject\" \/><\/span>\n<\/p>\n<p><span class=\"wpcf7-form-control-wrap\" data-name=\"your-message\"><textarea cols=\"40\" rows=\"10\" maxlength=\"2000\" class=\"wpcf7-form-control wpcf7-textarea\" aria-invalid=\"false\" placeholder=\"\uba54\uc2dc\uc9c0\" name=\"your-message\"><\/textarea><\/span>\n<\/p>\n\n<p><span class=\"wpcf7-form-control-wrap\" data-name=\"acceptance-937\"><span class=\"wpcf7-form-control wpcf7-acceptance\"><span class=\"wpcf7-list-item\"><label><input type=\"checkbox\" name=\"acceptance-937\" value=\"1\" aria-invalid=\"false\" \/><span class=\"wpcf7-list-item-label\"><a href=\"https:\/\/consuladocoreandalucia.com\/ko\/%EA%B0%9C%EC%9D%B8-%EC%A0%95%EB%B3%B4-%EB%B3%B4%ED%98%B8-%EC%A0%95%EC%B1%85\/\">\uac1c\uc778 \uc815\ubcf4 \ubcf4\ud638 \uc815\ucc45\uc5d0 \ub3d9\uc758\ud569\ub2c8\ub2e4.<\/span><\/label><\/span><\/span><\/span>\n<\/p>\n<p><input class=\"wpcf7-form-control wpcf7-submit has-spinner\" type=\"submit\" value=\"\ubcf4\ub0b4\ub2e4 &rsaquo;\" \/>\n<\/p><div class=\"wpcf7-response-output\" aria-hidden=\"true\"><\/div>\n<\/form>\n<\/div>\n[\/vc_column][vc_column width=&#8221;1\/2&#8243;][vc_gmaps link=&#8221;#E-8_JTNDaWZyYW1lJTIwc3JjJTNEJTIyaHR0cHMlM0ElMkYlMkZ3d3cuZ29vZ2xlLmNvbSUyRm1hcHMlMkZlbWJlZCUzRnBiJTNEJTIxMW0xOCUyMTFtMTIlMjExbTMlMjExZDMxNzAuNDk4OTkzNzIyOTg4JTIxMmQtNi4wMDMyODg2ODQ2OTM3MzMlMjEzZDM3LjM3ODAyOTk3OTgzMzYxJTIxMm0zJTIxMWYwJTIxMmYwJTIxM2YwJTIxM20yJTIxMWkxMDI0JTIxMmk3NjglMjE0ZjEzLjElMjEzbTMlMjExbTIlMjExczB4ZDEyNmMzZTVhOWRiZjNmJTI1M0EweGEzNDE4MzgwMGFlZmU2NDIlMjEyc0dydXBvJTJCTGFtYWlnbmVyZSUyMTVlMCUyMTNtMiUyMTFzZXMlMjEyc2VzJTIxNHYxNTQ4MTUzMjc0MDUyJTIyJTIwd2lkdGglM0QlMjI2MDAlMjIlMjBoZWlnaHQlM0QlMjI2NTAlMjIlMjBmcmFtZWJvcmRlciUzRCUyMjAlMjIlMjBzdHlsZSUzRCUyMmJvcmRlciUzQTAlMjIlMjBhbGxvd2Z1bGxzY3JlZW4lM0UlM0MlMkZpZnJhbWUlM0U=&#8221; size=&#8221;650&#8243;][\/vc_column][\/vc_row]<\/p>\n<\/div>","protected":false},"excerpt":{"rendered":"<p>[vc_row][vc_column width=&#8221;1\/2&#8243;][vc_wp_text text=&#8221;At vero eos et accusamus et iusto odio dignissimos ducimus qui blanditiis praesentium voluptatum deleniti atque corrupti quos. At vero eos et accusamus et iusto odio dignissimos. At vero eos et accusamus et iusto odio dignissimos. Email: example@gmail.com Address: 123 Main Street, Chicago, USA Telephone: 0123 456 789&#8243; el_class=&#8221;u-underline&#8221;]\ub354 \ub9ce\uc740 \uc815\ubcf4\ub97c \uc6d0\ud558\uc2dc\uac70\ub098 \uc9c8\ubb38\uc774 [&hellip;]<\/p>\n","protected":false},"author":1,"featured_media":0,"parent":0,"menu_order":0,"comment_status":"closed","ping_status":"open","template":"","meta":{"footnotes":""},"class_list":["post-137170","page","type-page","status-publish","hentry"],"yoast_head":"<!-- This site is optimized with the Yoast SEO plugin v27.3 - https:\/\/yoast.com\/product\/yoast-seo-wordpress\/ -->\n<title>Contacto del Consulado | Consulado de Corea en Andaluc\u00eda<\/title>\n<meta name=\"description\" content=\"Si tienes alguna pregunta, contacta con Consulado de Corea en Andaluc\u00eda para que te den la informaci\u00f3n que necesitas en el menor tiempo posible.\" \/>\n<meta name=\"robots\" content=\"index, follow, max-snippet:-1, max-image-preview:large, max-video-preview:-1\" \/>\n<link rel=\"canonical\" href=\"https:\/\/consuladocoreandalucia.com\/ko\/\uc5f0\ub77d\ucc98\/\" \/>\n<meta property=\"og:locale\" content=\"ko_KR\" \/>\n<meta property=\"og:type\" content=\"article\" \/>\n<meta property=\"og:title\" content=\"Contacto del Consulado | Consulado de Corea en Andaluc\u00eda\" \/>\n<meta property=\"og:description\" content=\"Si tienes alguna pregunta, contacta con Consulado de Corea en Andaluc\u00eda para que te den la informaci\u00f3n que necesitas en el menor tiempo posible.\" \/>\n<meta property=\"og:url\" content=\"https:\/\/consuladocoreandalucia.com\/ko\/\uc5f0\ub77d\ucc98\/\" \/>\n<meta property=\"og:site_name\" content=\"Consulado de Corea en Andaluc\u00eda\" \/>\n<meta property=\"article:modified_time\" content=\"2019-03-11T10:52:08+00:00\" \/>\n<meta name=\"twitter:card\" content=\"summary_large_image\" \/>\n<meta name=\"twitter:label1\" content=\"\uc608\uc0c1 \ub418\ub294 \ud310\ub3c5 \uc2dc\uac04\" \/>\n\t<meta name=\"twitter:data1\" content=\"1\ubd84\" \/>\n<script type=\"application\/ld+json\" class=\"yoast-schema-graph\">{\"@context\":\"https:\\\/\\\/schema.org\",\"@graph\":[{\"@type\":\"WebPage\",\"@id\":\"https:\\\/\\\/consuladocoreandalucia.com\\\/ko\\\/%ec%97%b0%eb%9d%bd%ec%b2%98\\\/\",\"url\":\"https:\\\/\\\/consuladocoreandalucia.com\\\/ko\\\/%ec%97%b0%eb%9d%bd%ec%b2%98\\\/\",\"name\":\"Contacto del Consulado | Consulado de Corea en Andaluc\u00eda\",\"isPartOf\":{\"@id\":\"https:\\\/\\\/consuladocoreandalucia.com\\\/#website\"},\"datePublished\":\"2019-02-04T16:56:00+00:00\",\"dateModified\":\"2019-03-11T10:52:08+00:00\",\"description\":\"Si tienes alguna pregunta, contacta con Consulado de Corea en Andaluc\u00eda para que te den la informaci\u00f3n que necesitas en el menor tiempo posible.\",\"breadcrumb\":{\"@id\":\"https:\\\/\\\/consuladocoreandalucia.com\\\/ko\\\/%ec%97%b0%eb%9d%bd%ec%b2%98\\\/#breadcrumb\"},\"inLanguage\":\"ko-KR\",\"potentialAction\":[{\"@type\":\"ReadAction\",\"target\":[\"https:\\\/\\\/consuladocoreandalucia.com\\\/ko\\\/%ec%97%b0%eb%9d%bd%ec%b2%98\\\/\"]}]},{\"@type\":\"BreadcrumbList\",\"@id\":\"https:\\\/\\\/consuladocoreandalucia.com\\\/ko\\\/%ec%97%b0%eb%9d%bd%ec%b2%98\\\/#breadcrumb\",\"itemListElement\":[{\"@type\":\"ListItem\",\"position\":1,\"name\":\"Portada\",\"item\":\"https:\\\/\\\/consuladocoreandalucia.com\\\/ko\\\/\"},{\"@type\":\"ListItem\",\"position\":2,\"name\":\"\uc5f0\ub77d\ucc98\"}]},{\"@type\":\"WebSite\",\"@id\":\"https:\\\/\\\/consuladocoreandalucia.com\\\/#website\",\"url\":\"https:\\\/\\\/consuladocoreandalucia.com\\\/\",\"name\":\"Consulado de Corea en Andaluc\u00eda\",\"description\":\"\",\"potentialAction\":[{\"@type\":\"SearchAction\",\"target\":{\"@type\":\"EntryPoint\",\"urlTemplate\":\"https:\\\/\\\/consuladocoreandalucia.com\\\/?s={search_term_string}\"},\"query-input\":{\"@type\":\"PropertyValueSpecification\",\"valueRequired\":true,\"valueName\":\"search_term_string\"}}],\"inLanguage\":\"ko-KR\"}]}<\/script>\n<!-- \/ Yoast SEO plugin. -->","yoast_head_json":{"title":"Contacto del Consulado | Consulado de Corea en Andaluc\u00eda","description":"Si tienes alguna pregunta, contacta con Consulado de Corea en Andaluc\u00eda para que te den la informaci\u00f3n que necesitas en el menor tiempo posible.","robots":{"index":"index","follow":"follow","max-snippet":"max-snippet:-1","max-image-preview":"max-image-preview:large","max-video-preview":"max-video-preview:-1"},"canonical":"https:\/\/consuladocoreandalucia.com\/ko\/\uc5f0\ub77d\ucc98\/","og_locale":"ko_KR","og_type":"article","og_title":"Contacto del Consulado | Consulado de Corea en Andaluc\u00eda","og_description":"Si tienes alguna pregunta, contacta con Consulado de Corea en Andaluc\u00eda para que te den la informaci\u00f3n que necesitas en el menor tiempo posible.","og_url":"https:\/\/consuladocoreandalucia.com\/ko\/\uc5f0\ub77d\ucc98\/","og_site_name":"Consulado de Corea en Andaluc\u00eda","article_modified_time":"2019-03-11T10:52:08+00:00","twitter_card":"summary_large_image","twitter_misc":{"\uc608\uc0c1 \ub418\ub294 \ud310\ub3c5 \uc2dc\uac04":"1\ubd84"},"schema":{"@context":"https:\/\/schema.org","@graph":[{"@type":"WebPage","@id":"https:\/\/consuladocoreandalucia.com\/ko\/%ec%97%b0%eb%9d%bd%ec%b2%98\/","url":"https:\/\/consuladocoreandalucia.com\/ko\/%ec%97%b0%eb%9d%bd%ec%b2%98\/","name":"Contacto del Consulado | Consulado de Corea en Andaluc\u00eda","isPartOf":{"@id":"https:\/\/consuladocoreandalucia.com\/#website"},"datePublished":"2019-02-04T16:56:00+00:00","dateModified":"2019-03-11T10:52:08+00:00","description":"Si tienes alguna pregunta, contacta con Consulado de Corea en Andaluc\u00eda para que te den la informaci\u00f3n que necesitas en el menor tiempo posible.","breadcrumb":{"@id":"https:\/\/consuladocoreandalucia.com\/ko\/%ec%97%b0%eb%9d%bd%ec%b2%98\/#breadcrumb"},"inLanguage":"ko-KR","potentialAction":[{"@type":"ReadAction","target":["https:\/\/consuladocoreandalucia.com\/ko\/%ec%97%b0%eb%9d%bd%ec%b2%98\/"]}]},{"@type":"BreadcrumbList","@id":"https:\/\/consuladocoreandalucia.com\/ko\/%ec%97%b0%eb%9d%bd%ec%b2%98\/#breadcrumb","itemListElement":[{"@type":"ListItem","position":1,"name":"Portada","item":"https:\/\/consuladocoreandalucia.com\/ko\/"},{"@type":"ListItem","position":2,"name":"\uc5f0\ub77d\ucc98"}]},{"@type":"WebSite","@id":"https:\/\/consuladocoreandalucia.com\/#website","url":"https:\/\/consuladocoreandalucia.com\/","name":"Consulado de Corea en Andaluc\u00eda","description":"","potentialAction":[{"@type":"SearchAction","target":{"@type":"EntryPoint","urlTemplate":"https:\/\/consuladocoreandalucia.com\/?s={search_term_string}"},"query-input":{"@type":"PropertyValueSpecification","valueRequired":true,"valueName":"search_term_string"}}],"inLanguage":"ko-KR"}]}},"_links":{"self":[{"href":"https:\/\/consuladocoreandalucia.com\/ko\/wp-json\/wp\/v2\/pages\/137170","targetHints":{"allow":["GET"]}}],"collection":[{"href":"https:\/\/consuladocoreandalucia.com\/ko\/wp-json\/wp\/v2\/pages"}],"about":[{"href":"https:\/\/consuladocoreandalucia.com\/ko\/wp-json\/wp\/v2\/types\/page"}],"author":[{"embeddable":true,"href":"https:\/\/consuladocoreandalucia.com\/ko\/wp-json\/wp\/v2\/users\/1"}],"replies":[{"embeddable":true,"href":"https:\/\/consuladocoreandalucia.com\/ko\/wp-json\/wp\/v2\/comments?post=137170"}],"version-history":[{"count":6,"href":"https:\/\/consuladocoreandalucia.com\/ko\/wp-json\/wp\/v2\/pages\/137170\/revisions"}],"predecessor-version":[{"id":137409,"href":"https:\/\/consuladocoreandalucia.com\/ko\/wp-json\/wp\/v2\/pages\/137170\/revisions\/137409"}],"wp:attachment":[{"href":"https:\/\/consuladocoreandalucia.com\/ko\/wp-json\/wp\/v2\/media?parent=137170"}],"curies":[{"name":"wp","href":"https:\/\/api.w.org\/{rel}","templated":true}]}}